{"id":15303,"date":"2023-12-05T08:24:38","date_gmt":"2023-12-05T08:24:38","guid":{"rendered":"https:\/\/ig8df3bgexm.preview.infomaniak.website\/contact-center\/"},"modified":"2025-04-18T04:30:40","modified_gmt":"2025-04-18T04:30:40","slug":"contact-center","status":"publish","type":"page","link":"https:\/\/www.pcvue.com\/fr\/contact-center\/","title":{"rendered":"Contact Center"},"content":{"rendered":"    <style>\n        .banner .content {\n            max-width: 384px;\n        }\n\n        @media(max-width: 767.98px) {\n            .banner .description {\n                width: 55%;\n            }\n        }\n    <\/style>\n\n    <div class=\"banner container contact-center-banner\">\n        <div class=\"inner-banner bg-pink\">\n            <div class=\"content\">\n                                    <h1 class=\"title\">Centre de contact<\/h1>\n                                                    <p class=\"description\">\n                        Des questions ? Contactez-nous!                    <\/p>\n                \n                \n                \n                \n                            <\/div>\n            <div class=\"image-wrapper\">\n                <div class=\"image\">\n                                            <img decoding=\"async\" src=\"https:\/\/www.pcvue.com\/wp-content\/uploads\/2023\/12\/Group.svg\" alt=\"Group\" loading=\"lazy\">\n                                    <\/div>\n\n                <div class=\"image mobile\">\n                                            <img decoding=\"async\" src=\"https:\/\/www.pcvue.com\/wp-content\/uploads\/2023\/12\/contact-center-mobile.png\" alt=\"contact center mobile\" loading=\"lazy\">\n                                    <\/div>\n\n            <\/div>\n            <div class=\"edge fill-pink\">\n                <svg xmlns=\"http:\/\/www.w3.org\/2000\/svg\" width=\"57\" height=\"57\" viewBox=\"0 0 57 57\" fill=\"none\">\n                    <path d=\"M44.3479 56.1254C44.3479 56.1254 44.4286 55.3503 44.6824 53.9744C44.9116 52.6562 45.1979 51.3589 45.548 50.0867C46.9916 44.4349 50.1006 35.3652 56.5766 25.2216C42.7662 24.9891 29.9728 19.846 20.1145 14.287C8.2484 7.59647 0.637967 0.314113 0.637967 0.314113C6.63686 22.7023 21.5834 42.6899 44.3445 56.1233L44.3479 56.1254Z\" fill=\"#FACFDD\" \/>\n                <\/svg>\n                <svg xmlns=\"http:\/\/www.w3.org\/2000\/svg\" width=\"47\" height=\"57\" viewBox=\"0 0 47 57\" fill=\"none\">\n                    <path d=\"M46.9111 56.4697L0.5 0.951172V56.4697H46.9111Z\" fill=\"white\" \/>\n                <\/svg>\n            <\/div>\n\n            <div class=\"edge mobile fill-pink\">\n                <svg xmlns=\"http:\/\/www.w3.org\/2000\/svg\" width=\"35\" height=\"35\" viewBox=\"0 0 35 35\" fill=\"none\">\n                    <path d=\"M27.1072 34.4447C27.1072 34.4447 27.157 33.9664 27.3136 33.1172C27.4551 32.3036 27.6318 31.503 27.8478 30.7178C28.7388 27.2297 30.6576 21.6322 34.6543 15.3719C26.131 15.2284 18.2353 12.0542 12.1511 8.6234C4.82771 4.4942 0.130797 -0.000233436 0.130797 -0.000233436C3.83312 13.817 13.0576 26.1528 27.1051 34.4434L27.1072 34.4447Z\" fill=\"#FACFDD\" \/>\n                <\/svg>\n                <svg xmlns=\"http:\/\/www.w3.org\/2000\/svg\" width=\"28\" height=\"34\" viewBox=\"0 0 28 34\" fill=\"none\">\n                    <path d=\"M27.1277 33.4583L0.130859 0V33.4583H27.1277Z\" fill=\"white\" \/>\n                <\/svg>\n            <\/div>\n        <\/div>\n    <\/div>\n\n\n\n\n<style>\n    .custom-paragraph{\n        margin-top: 87px;\n        margin-bottom: 84px;\n    }\n\n    @media(max-width: 1600px){\n        .custom-paragraph{\n            margin-top: 97px;\n            margin-bottom: 82px;\n        }\n    }\n\n    @media(max-width: 767.98px){\n        .custom-paragraph{\n            margin-top: 52px;\n            margin-bottom: 61px;\n        }\n    }\n <\/style>\n\n <div class=\"custom-paragraph No\">\n    <div class=\"content container\">\n        <p>Nous sommes plus proches que vous ne le pensez. Avec son si\u00e8ge social en France, \u00e0 Boulogne-Billancourt, la soci\u00e9t\u00e9 a \u00e9tabli des bureaux commerciaux et techniques dans le monde entier. Soucieux d&#8217;\u00eatre disponible pour nos clients lorsqu&#8217;ils ont besoin de nous, nos \u00e9quipes sont \u00e0 votre service pour vous accompagner. <em><span style=\"color: #be0033;\">Dans chaque lieu, notre mission reste la m\u00eame : \u00eatre d\u00e9vou\u00e9 \u00e0 vous apporter notre expertise o\u00f9 que vous soyez !<\/span> <\/em><\/p>\n    <\/div>\n <\/div>\n\n\n\n\n\n<style>\n    .contact-center{\n        margin-top: 0px;\n        margin-bottom: 108px;\n    }\n\n    @media(max-width: 1600px){\n        .contact-center{\n            margin-top: 40px;\n            margin-bottom: 87px;\n        }\n    }\n\n    @media(max-width: 767.98px){\n        .contact-center{\n            margin-top: 20px;\n            margin-bottom: 71px;\n        }\n    }\n <\/style>\n\n <div class=\"contact-center container \">\n    <div class=\"items\">\n                            <style>\n                        .contact-center .item1 .image img{\n                            margin-right: -45px;\n                        }\n\n                        @media(max-width: 1600px){\n                            .contact-center .item1 .image img{\n                                margin-right: -32px;\n                            }\n                        }\n\n                        @media(max-width: 767.98px){\n                            .contact-center .item1 .image img{\n                                margin-right: -34px;\n                            }\n                        }\n\n                    <\/style>\n                    <div class=\"item item1\" style=\"background: radial-gradient(41.57% 90.65% at 70.68% 65.08%, rgba(205, 205, 226, 0.2) 0%, rgba(205, 205, 226, 0.4) 100%)\">\n                        <div class=\"content\">\n                            <h2 class=\"title\">Service commercial<\/h2>\n                            <div class=\"description\">Des projets en vue ?  <br>Contactez-nous!\r\n<div class=\"item-boxour-1fr\"\/><\/div><\/div>\n\n                                                                        <div class=\"link-wrapper\">\n                                                <a class=\"link\" href=\"tel:%20+33%201%2041%2014%2036%2000\"\n                                                target=\"_blank\">\n                                                                                                                <img decoding=\"async\" src=\"https:\/\/www.pcvue.com\/wp-content\/uploads\/2024\/06\/call-dropped_svgrepo.com_.svg\" alt=\"call dropped svgrepo.com\" loading=\"lazy\">\n                                                                                                            <span>+33 1 41 14 36 00<\/span>\n                                                <\/a>\n                                            <\/div>\n                                                                                    <div class=\"link-wrapper\">\n                                                <a class=\"button arrow\" href=\"https:\/\/www.pcvue.com\/fr\/contacts\/contactez-nous\/\"\n                                                target=\"_self\">\n                                                                                                        <span>contactez-nous<\/span>\n                                                <\/a>\n                                            <\/div>\n                                        \n                        <\/div>\n                        \n                        <div class=\"image\">\n                                                            <img decoding=\"async\" src=\"https:\/\/www.pcvue.com\/wp-content\/uploads\/2023\/12\/Frame-1.png\" alt=\"Frame 1\" loading=\"lazy\">\n                                                    <\/div>\n                    <\/div>\n                                <style>\n                        .contact-center .item2 .image img{\n                            margin-right: 16px;\n                        }\n\n                        @media(max-width: 1600px){\n                            .contact-center .item2 .image img{\n                                margin-right: 27px;\n                            }\n                        }\n\n                        @media(max-width: 767.98px){\n                            .contact-center .item2 .image img{\n                                margin-right: px;\n                            }\n                        }\n\n                    <\/style>\n                    <div class=\"item item2\" style=\"background: radial-gradient(103.29% 141.69% at 74.18% 57.59%, rgba(210, 232, 220, 0.18) 0%, rgba(201, 229, 209, 0.6) 100%)\">\n                        <div class=\"content\">\n                            <h2 class=\"title\">Support technique<\/h2>\n                            <div class=\"description\">Besoin d&#8217;assistance technique ?  <br>Contactez-nous!\r\n<div class=\"item-boxour-2fr\"\/><\/div><\/div>\n\n                                                                        <div class=\"link-wrapper\">\n                                                <a class=\"link\" href=\"#\"\n                                                target=\"_self\">\n                                                                                                                <img decoding=\"async\" src=\"https:\/\/www.pcvue.com\/wp-content\/uploads\/2024\/06\/call-dropped_svgrepo.com_.svg\" alt=\"call dropped svgrepo.com\" loading=\"lazy\">\n                                                                                                            <span>+33 1 41 14 36 25<\/span>\n                                                <\/a>\n                                            <\/div>\n                                                                                    <div class=\"link-wrapper\">\n                                                <a class=\"button arrow\" href=\"https:\/\/www.pcvue.com\/fr\/contacts\/support-technique\/\"\n                                                target=\"_self\">\n                                                                                                        <span>Ouvrir Un Ticket Support<\/span>\n                                                <\/a>\n                                            <\/div>\n                                        \n                        <\/div>\n                        \n                        <div class=\"image\">\n                                                            <img decoding=\"async\" src=\"https:\/\/www.pcvue.com\/wp-content\/uploads\/2023\/12\/Frame2-1.png\" alt=\"Frame2 1\" loading=\"lazy\">\n                                                    <\/div>\n                    <\/div>\n                                <style>\n                        .contact-center .item3 .image img{\n                            margin-right: 26px;\n                        }\n\n                        @media(max-width: 1600px){\n                            .contact-center .item3 .image img{\n                                margin-right: 11px;\n                            }\n                        }\n\n                        @media(max-width: 767.98px){\n                            .contact-center .item3 .image img{\n                                margin-right: px;\n                            }\n                        }\n\n                    <\/style>\n                    <div class=\"item item3\" style=\"background: radial-gradient(143.8% 108.31% at 70.68% 55.69%, rgba(187, 218, 237, 0.185) 0%, rgba(187, 218, 237, 0.5) 100%)\">\n                        <div class=\"content\">\n                            <h2 class=\"title\">Formation<\/h2>\n                            <div class=\"description\">Des formations sur site ou en ligne sont disponibles.  <br>Des questions ?  <br>Contactez-nous!\r\n<div  class=\"item-boxour-3fr\"\/><\/div><\/div>\n\n                                                                        <div class=\"link-wrapper\">\n                                                <a class=\"button arrow\" href=\"https:\/\/www.pcvue.com\/fr\/contacts\/training-inquiry\/\"\n                                                target=\"_self\">\n                                                                                                        <span>Demande de formation<\/span>\n                                                <\/a>\n                                            <\/div>\n                                        \n                        <\/div>\n                        \n                        <div class=\"image\">\n                                                            <img decoding=\"async\" src=\"https:\/\/www.pcvue.com\/wp-content\/uploads\/2023\/12\/Frame3-2.png\" alt=\"Frame3 2\" loading=\"lazy\">\n                                                    <\/div>\n                    <\/div>\n                <\/div>\n <\/div>\n","protected":false},"excerpt":{"rendered":"","protected":false},"author":1,"featured_media":0,"parent":0,"menu_order":0,"comment_status":"closed","ping_status":"closed","template":"templates\/help-center.php","meta":{"_acf_changed":false,"content-type":"","footnotes":""},"class_list":["post-15303","page","type-page","status-publish","hentry"],"acf":[],"yoast_head":"<!-- This site is optimized with the Yoast SEO plugin v26.4 - https:\/\/yoast.com\/wordpress\/plugins\/seo\/ -->\n<title>Contact Center - PcVue<\/title>\n<meta name=\"description\" content=\"Prenez contact avec nous pour toute question relative aux ventes, \u00e0 l&#039;assistance technique ou \u00e0 la formation. Notre \u00e9quipe est l\u00e0 pour r\u00e9pondre \u00e0 tous vos besoins en mati\u00e8re de logiciels SCADA.\" \/>\n<meta name=\"robots\" content=\"index, follow, max-snippet:-1, max-image-preview:large, max-video-preview:-1\" \/>\n<link rel=\"canonical\" href=\"https:\/\/www.pcvue.com\/fr\/contact-center\/\" \/>\n<meta property=\"og:locale\" content=\"fr_FR\" \/>\n<meta property=\"og:type\" content=\"article\" \/>\n<meta property=\"og:title\" content=\"Contact Center - PcVue\" \/>\n<meta property=\"og:description\" content=\"Prenez contact avec nous pour toute question relative aux ventes, \u00e0 l&#039;assistance technique ou \u00e0 la formation. Notre \u00e9quipe est l\u00e0 pour r\u00e9pondre \u00e0 tous vos besoins en mati\u00e8re de logiciels SCADA.\" \/>\n<meta property=\"og:url\" content=\"https:\/\/www.pcvue.com\/fr\/contact-center\/\" \/>\n<meta property=\"og:site_name\" content=\"PcVue\" \/>\n<meta property=\"article:modified_time\" content=\"2025-04-18T04:30:40+00:00\" \/>\n<meta name=\"twitter:card\" content=\"summary_large_image\" \/>\n<script type=\"application\/ld+json\" class=\"yoast-schema-graph\">{\"@context\":\"https:\/\/schema.org\",\"@graph\":[{\"@type\":\"WebPage\",\"@id\":\"https:\/\/www.pcvue.com\/fr\/contact-center\/\",\"url\":\"https:\/\/www.pcvue.com\/fr\/contact-center\/\",\"name\":\"Contact Center - PcVue\",\"isPartOf\":{\"@id\":\"https:\/\/www.pcvue.com\/fr\/#website\"},\"datePublished\":\"2023-12-05T08:24:38+00:00\",\"dateModified\":\"2025-04-18T04:30:40+00:00\",\"description\":\"Prenez contact avec nous pour toute question relative aux ventes, \u00e0 l'assistance technique ou \u00e0 la formation. Notre \u00e9quipe est l\u00e0 pour r\u00e9pondre \u00e0 tous vos besoins en mati\u00e8re de logiciels SCADA.\",\"breadcrumb\":{\"@id\":\"https:\/\/www.pcvue.com\/fr\/contact-center\/#breadcrumb\"},\"inLanguage\":\"fr-FR\",\"potentialAction\":[{\"@type\":\"ReadAction\",\"target\":[\"https:\/\/www.pcvue.com\/fr\/contact-center\/\"]}]},{\"@type\":\"BreadcrumbList\",\"@id\":\"https:\/\/www.pcvue.com\/fr\/contact-center\/#breadcrumb\",\"itemListElement\":[{\"@type\":\"ListItem\",\"position\":1,\"name\":\"Home\",\"item\":\"https:\/\/www.pcvue.com\/fr\/\"},{\"@type\":\"ListItem\",\"position\":2,\"name\":\"Contact Center\"}]},{\"@type\":\"WebSite\",\"@id\":\"https:\/\/www.pcvue.com\/fr\/#website\",\"url\":\"https:\/\/www.pcvue.com\/fr\/\",\"name\":\"PcVue\",\"description\":\"LET&#039;S ENGINEER\",\"publisher\":{\"@id\":\"https:\/\/www.pcvue.com\/fr\/#organization\"},\"potentialAction\":[{\"@type\":\"SearchAction\",\"target\":{\"@type\":\"EntryPoint\",\"urlTemplate\":\"https:\/\/www.pcvue.com\/fr\/?s={search_term_string}\"},\"query-input\":{\"@type\":\"PropertyValueSpecification\",\"valueRequired\":true,\"valueName\":\"search_term_string\"}}],\"inLanguage\":\"fr-FR\"},{\"@type\":\"Organization\",\"@id\":\"https:\/\/www.pcvue.com\/fr\/#organization\",\"name\":\"PcVue\",\"url\":\"https:\/\/www.pcvue.com\/fr\/\",\"logo\":{\"@type\":\"ImageObject\",\"inLanguage\":\"fr-FR\",\"@id\":\"https:\/\/www.pcvue.com\/fr\/#\/schema\/logo\/image\/\",\"url\":\"https:\/\/www.pcvue.com\/wp-content\/uploads\/2024\/04\/fullColor.svg\",\"contentUrl\":\"https:\/\/www.pcvue.com\/wp-content\/uploads\/2024\/04\/fullColor.svg\",\"caption\":\"PcVue\"},\"image\":{\"@id\":\"https:\/\/www.pcvue.com\/fr\/#\/schema\/logo\/image\/\"}}]}<\/script>\n<!-- \/ Yoast SEO plugin. -->","yoast_head_json":{"title":"Contact Center - PcVue","description":"Prenez contact avec nous pour toute question relative aux ventes, \u00e0 l'assistance technique ou \u00e0 la formation. Notre \u00e9quipe est l\u00e0 pour r\u00e9pondre \u00e0 tous vos besoins en mati\u00e8re de logiciels SCADA.","robots":{"index":"index","follow":"follow","max-snippet":"max-snippet:-1","max-image-preview":"max-image-preview:large","max-video-preview":"max-video-preview:-1"},"canonical":"https:\/\/www.pcvue.com\/fr\/contact-center\/","og_locale":"fr_FR","og_type":"article","og_title":"Contact Center - PcVue","og_description":"Prenez contact avec nous pour toute question relative aux ventes, \u00e0 l'assistance technique ou \u00e0 la formation. Notre \u00e9quipe est l\u00e0 pour r\u00e9pondre \u00e0 tous vos besoins en mati\u00e8re de logiciels SCADA.","og_url":"https:\/\/www.pcvue.com\/fr\/contact-center\/","og_site_name":"PcVue","article_modified_time":"2025-04-18T04:30:40+00:00","twitter_card":"summary_large_image","schema":{"@context":"https:\/\/schema.org","@graph":[{"@type":"WebPage","@id":"https:\/\/www.pcvue.com\/fr\/contact-center\/","url":"https:\/\/www.pcvue.com\/fr\/contact-center\/","name":"Contact Center - PcVue","isPartOf":{"@id":"https:\/\/www.pcvue.com\/fr\/#website"},"datePublished":"2023-12-05T08:24:38+00:00","dateModified":"2025-04-18T04:30:40+00:00","description":"Prenez contact avec nous pour toute question relative aux ventes, \u00e0 l'assistance technique ou \u00e0 la formation. Notre \u00e9quipe est l\u00e0 pour r\u00e9pondre \u00e0 tous vos besoins en mati\u00e8re de logiciels SCADA.","breadcrumb":{"@id":"https:\/\/www.pcvue.com\/fr\/contact-center\/#breadcrumb"},"inLanguage":"fr-FR","potentialAction":[{"@type":"ReadAction","target":["https:\/\/www.pcvue.com\/fr\/contact-center\/"]}]},{"@type":"BreadcrumbList","@id":"https:\/\/www.pcvue.com\/fr\/contact-center\/#breadcrumb","itemListElement":[{"@type":"ListItem","position":1,"name":"Home","item":"https:\/\/www.pcvue.com\/fr\/"},{"@type":"ListItem","position":2,"name":"Contact Center"}]},{"@type":"WebSite","@id":"https:\/\/www.pcvue.com\/fr\/#website","url":"https:\/\/www.pcvue.com\/fr\/","name":"PcVue","description":"LET&#039;S ENGINEER","publisher":{"@id":"https:\/\/www.pcvue.com\/fr\/#organization"},"potentialAction":[{"@type":"SearchAction","target":{"@type":"EntryPoint","urlTemplate":"https:\/\/www.pcvue.com\/fr\/?s={search_term_string}"},"query-input":{"@type":"PropertyValueSpecification","valueRequired":true,"valueName":"search_term_string"}}],"inLanguage":"fr-FR"},{"@type":"Organization","@id":"https:\/\/www.pcvue.com\/fr\/#organization","name":"PcVue","url":"https:\/\/www.pcvue.com\/fr\/","logo":{"@type":"ImageObject","inLanguage":"fr-FR","@id":"https:\/\/www.pcvue.com\/fr\/#\/schema\/logo\/image\/","url":"https:\/\/www.pcvue.com\/wp-content\/uploads\/2024\/04\/fullColor.svg","contentUrl":"https:\/\/www.pcvue.com\/wp-content\/uploads\/2024\/04\/fullColor.svg","caption":"PcVue"},"image":{"@id":"https:\/\/www.pcvue.com\/fr\/#\/schema\/logo\/image\/"}}]}},"_links":{"self":[{"href":"https:\/\/www.pcvue.com\/fr\/wp-json\/wp\/v2\/pages\/15303","targetHints":{"allow":["GET"]}}],"collection":[{"href":"https:\/\/www.pcvue.com\/fr\/wp-json\/wp\/v2\/pages"}],"about":[{"href":"https:\/\/www.pcvue.com\/fr\/wp-json\/wp\/v2\/types\/page"}],"author":[{"embeddable":true,"href":"https:\/\/www.pcvue.com\/fr\/wp-json\/wp\/v2\/users\/1"}],"replies":[{"embeddable":true,"href":"https:\/\/www.pcvue.com\/fr\/wp-json\/wp\/v2\/comments?post=15303"}],"version-history":[{"count":18,"href":"https:\/\/www.pcvue.com\/fr\/wp-json\/wp\/v2\/pages\/15303\/revisions"}],"predecessor-version":[{"id":28258,"href":"https:\/\/www.pcvue.com\/fr\/wp-json\/wp\/v2\/pages\/15303\/revisions\/28258"}],"wp:attachment":[{"href":"https:\/\/www.pcvue.com\/fr\/wp-json\/wp\/v2\/media?parent=15303"}],"curies":[{"name":"wp","href":"https:\/\/api.w.org\/{rel}","templated":true}]}}