{"id":16355,"date":"2024-07-10T12:10:11","date_gmt":"2024-07-10T12:10:11","guid":{"rendered":"https:\/\/ig8df3bgexm.preview.infomaniak.website\/par-applications\/alerte-gestion-des-alarmes\/"},"modified":"2024-11-04T10:24:38","modified_gmt":"2024-11-04T10:24:38","slug":"alerte-gestion-des-alarmes","status":"publish","type":"page","link":"https:\/\/www.pcvue.com\/fr\/nos-offres\/par-applications\/alerte-gestion-des-alarmes\/","title":{"rendered":"ALERT &#8211; Gestion des astreintes"},"content":{"rendered":"\n    <div class=\"content-scada-page\">\n        \n                        <div class=\"type-block content-heading-text\">\n                    <div class=\"border-all\">\n                <h2 class=\"heading-t\" data-aos=\"fade-up\"><p>La solution logicielle de notification et de gestion de vos astreintes critiques<\/p>\n<\/h2>\n                <div class=\"text-t\" data-aos=\"fade-up\"><p>ALERT est capable de traiter les alarmes et d&#8217;ex\u00e9cuter des commandes provenant de PcVue, offrant un contr\u00f4le des op\u00e9rations, une r\u00e9duction des temps d&#8217;arr\u00eat et une efficacit\u00e9 de maintenance \u00e0 tous les niveaux. ALERT int\u00e8gre plusieurs fonctionnalit\u00e9s, telles que la gestion des alarmes, l&#8217;appel d&#8217;un op\u00e9rateur ou d&#8217;un groupe de service, et l&#8217;ex\u00e9cution de listes d&#8217;actions sp\u00e9cifiques.<\/p>\n<\/div>\n            <\/div>\n            <\/div>\n            <\/div>\n\n\n\n\n    <div class=\"content-scada-page\">\n        \n                        <div class=\"type-block content-image-general\">\n                    <div class=\"border-all  img-right img-below is-heading\">\n                                    <div class=\"content-image\">\n                                                                                    <div class=\"border-image\" data-aos=\"fade-up\">\n\n                                    <a href=\"https:\/\/www.pcvue.com\/wp-content\/uploads\/2024\/09\/alarm1.png\" data-fancybox data-caption=\"Single image\">\n                                        <img decoding=\"async\" src=\"https:\/\/www.pcvue.com\/wp-content\/uploads\/2024\/09\/alarm1.png\" alt=\"image\" loading=\"lazy\" \/>\n                                    <\/a>\n\n                                <\/div>\n                                                                        <\/div>\n                                                                            <div class=\"box-content\">\n                                                            <div class=\"box-title\">\n                                    <h5 class=\"title-block heading-general\" data-aos=\"fade-up\">ALERT DIFFUSE DES INFORMATIONS VIA DIFF\u00c9RENTS M\u00c9DIAS<\/h5>\n                                                                    <\/div>\n                                                                                        <div class=\"quote-general\" data-aos=\"fade-up\">Int\u00e9gr\u00e9 \u00e0 la plateforme PcVue, Alert\u2122 se connecte au serveur principal PcVue via une interface d\u00e9di\u00e9e<\/div>\n                                                                                        <div class=\"content-general\" data-aos=\"fade-up\"><ol>\n<li>T\u00e9l\u00e9phone (fixe ou mobile) : les op\u00e9rateurs sont appel\u00e9s par t\u00e9l\u00e9phone, \u00e9coutent les alarmes et les acquittent via le serveur vocal int\u00e9gr\u00e9.<\/li>\n<li>Email pour recevoir des rapports \u00e9crits sur les alarmes d\u00e9tect\u00e9es et leurs contextes.<\/li>\n<li>SMS pour alerter les op\u00e9rateurs travaillant hors site via un t\u00e9l\u00e9phone mobile ou un t\u00e9l\u00e9avertisseur.<\/li>\n<li>Des syst\u00e8mes de radiomessagerie d\u00e9di\u00e9s pour alerter rapidement les op\u00e9rateurs de maintenance travaillant sur site.<\/li>\n<li>Navigateur Internet<\/li>\n<\/ol>\n<p>Les appels sont \u00e9galement enregistr\u00e9s par ALERT ainsi que les accus\u00e9s de r\u00e9ception des op\u00e9rateurs. Chaque accus\u00e9 de r\u00e9ception d&#8217;une alarme est automatiquement transmis \u00e0 PcVue.<\/p>\n<\/div>\n                            \n                                                    <\/div>\n                                                <\/div>\n            <\/div>\n            <\/div>\n\n\n\n\n<div class=\"content-what-new\">\n    <div class=\"container\">\n                        <div class=\"type-block content-heading-text\" data-aos=\"fade-up\">\n                    <div class=\"border-all\">\n                                <div class=\"border-content\">\n                                                                    <div class=\"border-download center\">\n                                                                                                            <div class=\"icon\">\n                                            <div class=\"border-icon\">\n                                                <img decoding=\"async\" src=\"https:\/\/www.pcvue.com\/wp-content\/uploads\/2024\/09\/Alert.png\" alt=\"https:\/\/www.pcvue.com\/wp-content\/uploads\/2024\/09\/Alert.png\" loading=\"lazy\" \/>\n                                            <\/div>\n                                        <\/div>\n                                                                                                                <div class=\"heading-down\">Brochure<\/div>\n                                                                                                                                                            <a href=\"https:\/\/www.pcvue.com\/wp-content\/uploads\/2024\/11\/PB_Alert_FR.pdf\" class=\"button arrow btn-view-pdf\">T\u00e9l\u00e9chargez<\/a>\n                                            <div class=\"flip-reader hidden\">\n                                                <div class=\"_df_thumb \" id=\"df_rand3678221913\"  data-title=\"\" wpoptions=\"true\" thumbtype=\"\" source=\"https:\/\/www.pcvue.com\/wp-content\/uploads\/2024\/11\/PB_Alert_FR.pdf\" >Open Book<\/div>                                             <\/div>\n                                                                                                                                        <\/div>\n                                    <\/div>\n            <\/div>\n            <\/div>\n\n            <\/div>\n<\/div>\n","protected":false},"excerpt":{"rendered":"","protected":false},"author":2227,"featured_media":24169,"parent":16333,"menu_order":0,"comment_status":"closed","ping_status":"closed","template":"templates\/scada.php","meta":{"_acf_changed":false,"content-type":"","footnotes":""},"class_list":["post-16355","page","type-page","status-publish","has-post-thumbnail","hentry"],"acf":[],"yoast_head":"<!-- This site is optimized with the Yoast SEO plugin v26.4 - https:\/\/yoast.com\/wordpress\/plugins\/seo\/ -->\n<title>Alerte | Syst\u00e8mes de gestion des alarmes<\/title>\n<meta name=\"description\" content=\"ALERT\u2122 est un logiciel de gestion d&#039;alarmes, assurant un reporting en temps r\u00e9el des alarmes et \u00e9v\u00e9nements pour garantir une s\u00e9curit\u00e9 optimale de vos actifs.\" \/>\n<meta name=\"robots\" content=\"index, follow, max-snippet:-1, max-image-preview:large, max-video-preview:-1\" \/>\n<link rel=\"canonical\" href=\"https:\/\/www.pcvue.com\/fr\/nos-offres\/par-applications\/alerte-gestion-des-alarmes\/\" \/>\n<meta property=\"og:locale\" content=\"fr_FR\" \/>\n<meta property=\"og:type\" content=\"article\" \/>\n<meta property=\"og:title\" content=\"Alerte | Syst\u00e8mes de gestion des alarmes\" \/>\n<meta property=\"og:description\" content=\"ALERT\u2122 est un logiciel de gestion d&#039;alarmes, assurant un reporting en temps r\u00e9el des alarmes et \u00e9v\u00e9nements pour garantir une s\u00e9curit\u00e9 optimale de vos actifs.\" \/>\n<meta property=\"og:url\" content=\"https:\/\/www.pcvue.com\/fr\/nos-offres\/par-applications\/alerte-gestion-des-alarmes\/\" \/>\n<meta property=\"og:site_name\" content=\"PcVue\" \/>\n<meta property=\"article:modified_time\" content=\"2024-11-04T10:24:38+00:00\" \/>\n<meta property=\"og:image\" content=\"https:\/\/www.pcvue.com\/wp-content\/uploads\/2024\/10\/Alert.png\" \/>\n\t<meta property=\"og:image:width\" content=\"393\" \/>\n\t<meta property=\"og:image:height\" content=\"393\" \/>\n\t<meta property=\"og:image:type\" content=\"image\/png\" \/>\n<meta name=\"twitter:card\" content=\"summary_large_image\" \/>\n<meta name=\"twitter:label1\" content=\"Dur\u00e9e de lecture estim\u00e9e\" \/>\n\t<meta name=\"twitter:data1\" content=\"1 minute\" \/>\n<script type=\"application\/ld+json\" class=\"yoast-schema-graph\">{\"@context\":\"https:\/\/schema.org\",\"@graph\":[{\"@type\":\"WebPage\",\"@id\":\"https:\/\/www.pcvue.com\/fr\/nos-offres\/par-applications\/alerte-gestion-des-alarmes\/\",\"url\":\"https:\/\/www.pcvue.com\/fr\/nos-offres\/par-applications\/alerte-gestion-des-alarmes\/\",\"name\":\"Alerte | Syst\u00e8mes de gestion des alarmes\",\"isPartOf\":{\"@id\":\"https:\/\/www.pcvue.com\/fr\/#website\"},\"primaryImageOfPage\":{\"@id\":\"https:\/\/www.pcvue.com\/fr\/nos-offres\/par-applications\/alerte-gestion-des-alarmes\/#primaryimage\"},\"image\":{\"@id\":\"https:\/\/www.pcvue.com\/fr\/nos-offres\/par-applications\/alerte-gestion-des-alarmes\/#primaryimage\"},\"thumbnailUrl\":\"https:\/\/www.pcvue.com\/wp-content\/uploads\/2024\/10\/Alert.png\",\"datePublished\":\"2024-07-10T12:10:11+00:00\",\"dateModified\":\"2024-11-04T10:24:38+00:00\",\"description\":\"ALERT\u2122 est un logiciel de gestion d'alarmes, assurant un reporting en temps r\u00e9el des alarmes et \u00e9v\u00e9nements pour garantir une s\u00e9curit\u00e9 optimale de vos actifs.\",\"breadcrumb\":{\"@id\":\"https:\/\/www.pcvue.com\/fr\/nos-offres\/par-applications\/alerte-gestion-des-alarmes\/#breadcrumb\"},\"inLanguage\":\"fr-FR\",\"potentialAction\":[{\"@type\":\"ReadAction\",\"target\":[\"https:\/\/www.pcvue.com\/fr\/nos-offres\/par-applications\/alerte-gestion-des-alarmes\/\"]}]},{\"@type\":\"ImageObject\",\"inLanguage\":\"fr-FR\",\"@id\":\"https:\/\/www.pcvue.com\/fr\/nos-offres\/par-applications\/alerte-gestion-des-alarmes\/#primaryimage\",\"url\":\"https:\/\/www.pcvue.com\/wp-content\/uploads\/2024\/10\/Alert.png\",\"contentUrl\":\"https:\/\/www.pcvue.com\/wp-content\/uploads\/2024\/10\/Alert.png\",\"width\":393,\"height\":393},{\"@type\":\"BreadcrumbList\",\"@id\":\"https:\/\/www.pcvue.com\/fr\/nos-offres\/par-applications\/alerte-gestion-des-alarmes\/#breadcrumb\",\"itemListElement\":[{\"@type\":\"ListItem\",\"position\":1,\"name\":\"Home\",\"item\":\"https:\/\/www.pcvue.com\/fr\/\"},{\"@type\":\"ListItem\",\"position\":2,\"name\":\"Nos offres\",\"item\":\"https:\/\/www.pcvue.com\/our-offers\/\"},{\"@type\":\"ListItem\",\"position\":3,\"name\":\"Par Applications\",\"item\":\"https:\/\/www.pcvue.com\/our-offers\/by-application\/\"},{\"@type\":\"ListItem\",\"position\":4,\"name\":\"ALERT &#8211; Gestion des astreintes\"}]},{\"@type\":\"WebSite\",\"@id\":\"https:\/\/www.pcvue.com\/fr\/#website\",\"url\":\"https:\/\/www.pcvue.com\/fr\/\",\"name\":\"PcVue\",\"description\":\"LET&#039;S ENGINEER\",\"publisher\":{\"@id\":\"https:\/\/www.pcvue.com\/fr\/#organization\"},\"potentialAction\":[{\"@type\":\"SearchAction\",\"target\":{\"@type\":\"EntryPoint\",\"urlTemplate\":\"https:\/\/www.pcvue.com\/fr\/?s={search_term_string}\"},\"query-input\":{\"@type\":\"PropertyValueSpecification\",\"valueRequired\":true,\"valueName\":\"search_term_string\"}}],\"inLanguage\":\"fr-FR\"},{\"@type\":\"Organization\",\"@id\":\"https:\/\/www.pcvue.com\/fr\/#organization\",\"name\":\"PcVue\",\"url\":\"https:\/\/www.pcvue.com\/fr\/\",\"logo\":{\"@type\":\"ImageObject\",\"inLanguage\":\"fr-FR\",\"@id\":\"https:\/\/www.pcvue.com\/fr\/#\/schema\/logo\/image\/\",\"url\":\"https:\/\/www.pcvue.com\/wp-content\/uploads\/2024\/04\/fullColor.svg\",\"contentUrl\":\"https:\/\/www.pcvue.com\/wp-content\/uploads\/2024\/04\/fullColor.svg\",\"caption\":\"PcVue\"},\"image\":{\"@id\":\"https:\/\/www.pcvue.com\/fr\/#\/schema\/logo\/image\/\"}}]}<\/script>\n<!-- \/ Yoast SEO plugin. -->","yoast_head_json":{"title":"Alerte | Syst\u00e8mes de gestion des alarmes","description":"ALERT\u2122 est un logiciel de gestion d'alarmes, assurant un reporting en temps r\u00e9el des alarmes et \u00e9v\u00e9nements pour garantir une s\u00e9curit\u00e9 optimale de vos actifs.","robots":{"index":"index","follow":"follow","max-snippet":"max-snippet:-1","max-image-preview":"max-image-preview:large","max-video-preview":"max-video-preview:-1"},"canonical":"https:\/\/www.pcvue.com\/fr\/nos-offres\/par-applications\/alerte-gestion-des-alarmes\/","og_locale":"fr_FR","og_type":"article","og_title":"Alerte | Syst\u00e8mes de gestion des alarmes","og_description":"ALERT\u2122 est un logiciel de gestion d'alarmes, assurant un reporting en temps r\u00e9el des alarmes et \u00e9v\u00e9nements pour garantir une s\u00e9curit\u00e9 optimale de vos actifs.","og_url":"https:\/\/www.pcvue.com\/fr\/nos-offres\/par-applications\/alerte-gestion-des-alarmes\/","og_site_name":"PcVue","article_modified_time":"2024-11-04T10:24:38+00:00","og_image":[{"width":393,"height":393,"url":"https:\/\/www.pcvue.com\/wp-content\/uploads\/2024\/10\/Alert.png","type":"image\/png"}],"twitter_card":"summary_large_image","twitter_misc":{"Dur\u00e9e de lecture estim\u00e9e":"1 minute"},"schema":{"@context":"https:\/\/schema.org","@graph":[{"@type":"WebPage","@id":"https:\/\/www.pcvue.com\/fr\/nos-offres\/par-applications\/alerte-gestion-des-alarmes\/","url":"https:\/\/www.pcvue.com\/fr\/nos-offres\/par-applications\/alerte-gestion-des-alarmes\/","name":"Alerte | Syst\u00e8mes de gestion des alarmes","isPartOf":{"@id":"https:\/\/www.pcvue.com\/fr\/#website"},"primaryImageOfPage":{"@id":"https:\/\/www.pcvue.com\/fr\/nos-offres\/par-applications\/alerte-gestion-des-alarmes\/#primaryimage"},"image":{"@id":"https:\/\/www.pcvue.com\/fr\/nos-offres\/par-applications\/alerte-gestion-des-alarmes\/#primaryimage"},"thumbnailUrl":"https:\/\/www.pcvue.com\/wp-content\/uploads\/2024\/10\/Alert.png","datePublished":"2024-07-10T12:10:11+00:00","dateModified":"2024-11-04T10:24:38+00:00","description":"ALERT\u2122 est un logiciel de gestion d'alarmes, assurant un reporting en temps r\u00e9el des alarmes et \u00e9v\u00e9nements pour garantir une s\u00e9curit\u00e9 optimale de vos actifs.","breadcrumb":{"@id":"https:\/\/www.pcvue.com\/fr\/nos-offres\/par-applications\/alerte-gestion-des-alarmes\/#breadcrumb"},"inLanguage":"fr-FR","potentialAction":[{"@type":"ReadAction","target":["https:\/\/www.pcvue.com\/fr\/nos-offres\/par-applications\/alerte-gestion-des-alarmes\/"]}]},{"@type":"ImageObject","inLanguage":"fr-FR","@id":"https:\/\/www.pcvue.com\/fr\/nos-offres\/par-applications\/alerte-gestion-des-alarmes\/#primaryimage","url":"https:\/\/www.pcvue.com\/wp-content\/uploads\/2024\/10\/Alert.png","contentUrl":"https:\/\/www.pcvue.com\/wp-content\/uploads\/2024\/10\/Alert.png","width":393,"height":393},{"@type":"BreadcrumbList","@id":"https:\/\/www.pcvue.com\/fr\/nos-offres\/par-applications\/alerte-gestion-des-alarmes\/#breadcrumb","itemListElement":[{"@type":"ListItem","position":1,"name":"Home","item":"https:\/\/www.pcvue.com\/fr\/"},{"@type":"ListItem","position":2,"name":"Nos offres","item":"https:\/\/www.pcvue.com\/our-offers\/"},{"@type":"ListItem","position":3,"name":"Par Applications","item":"https:\/\/www.pcvue.com\/our-offers\/by-application\/"},{"@type":"ListItem","position":4,"name":"ALERT &#8211; Gestion des astreintes"}]},{"@type":"WebSite","@id":"https:\/\/www.pcvue.com\/fr\/#website","url":"https:\/\/www.pcvue.com\/fr\/","name":"PcVue","description":"LET&#039;S ENGINEER","publisher":{"@id":"https:\/\/www.pcvue.com\/fr\/#organization"},"potentialAction":[{"@type":"SearchAction","target":{"@type":"EntryPoint","urlTemplate":"https:\/\/www.pcvue.com\/fr\/?s={search_term_string}"},"query-input":{"@type":"PropertyValueSpecification","valueRequired":true,"valueName":"search_term_string"}}],"inLanguage":"fr-FR"},{"@type":"Organization","@id":"https:\/\/www.pcvue.com\/fr\/#organization","name":"PcVue","url":"https:\/\/www.pcvue.com\/fr\/","logo":{"@type":"ImageObject","inLanguage":"fr-FR","@id":"https:\/\/www.pcvue.com\/fr\/#\/schema\/logo\/image\/","url":"https:\/\/www.pcvue.com\/wp-content\/uploads\/2024\/04\/fullColor.svg","contentUrl":"https:\/\/www.pcvue.com\/wp-content\/uploads\/2024\/04\/fullColor.svg","caption":"PcVue"},"image":{"@id":"https:\/\/www.pcvue.com\/fr\/#\/schema\/logo\/image\/"}}]}},"_links":{"self":[{"href":"https:\/\/www.pcvue.com\/fr\/wp-json\/wp\/v2\/pages\/16355","targetHints":{"allow":["GET"]}}],"collection":[{"href":"https:\/\/www.pcvue.com\/fr\/wp-json\/wp\/v2\/pages"}],"about":[{"href":"https:\/\/www.pcvue.com\/fr\/wp-json\/wp\/v2\/types\/page"}],"author":[{"embeddable":true,"href":"https:\/\/www.pcvue.com\/fr\/wp-json\/wp\/v2\/users\/2227"}],"replies":[{"embeddable":true,"href":"https:\/\/www.pcvue.com\/fr\/wp-json\/wp\/v2\/comments?post=16355"}],"version-history":[{"count":18,"href":"https:\/\/www.pcvue.com\/fr\/wp-json\/wp\/v2\/pages\/16355\/revisions"}],"predecessor-version":[{"id":24553,"href":"https:\/\/www.pcvue.com\/fr\/wp-json\/wp\/v2\/pages\/16355\/revisions\/24553"}],"up":[{"embeddable":true,"href":"https:\/\/www.pcvue.com\/fr\/wp-json\/wp\/v2\/pages\/16333"}],"wp:featuredmedia":[{"embeddable":true,"href":"https:\/\/www.pcvue.com\/fr\/wp-json\/wp\/v2\/media\/24169"}],"wp:attachment":[{"href":"https:\/\/www.pcvue.com\/fr\/wp-json\/wp\/v2\/media?parent=16355"}],"curies":[{"name":"wp","href":"https:\/\/api.w.org\/{rel}","templated":true}]}}