{"id":16357,"date":"2024-07-10T13:19:33","date_gmt":"2024-07-10T13:19:33","guid":{"rendered":"https:\/\/ig8df3bgexm.preview.infomaniak.website\/par-applications\/canary\/"},"modified":"2025-11-14T12:01:41","modified_gmt":"2025-11-14T12:01:41","slug":"canary","status":"publish","type":"page","link":"https:\/\/www.pcvue.com\/fr\/nos-offres\/par-applications\/canary\/","title":{"rendered":"Canary"},"content":{"rendered":"\n    <div class=\"content-scada-page\">\n        \n                        <div class=\"type-block content-heading-text\">\n                    <div class=\"border-all\">\n                <h2 class=\"heading-t\" data-aos=\"fade-up\"><p>Une solution performante pour collecter et archiver toutes vos donn\u00e9es !<\/p>\n<\/h2>\n                <div class=\"text-t\" data-aos=\"fade-up\"><p>Une plateforme de donn\u00e9es industrielles con\u00e7ue pour vous aider \u00e0 collecter, stocker et analyser toutes les donn\u00e9es de vos syst\u00e8mes.<\/p>\n<\/div>\n            <\/div>\n            <\/div>\n            <\/div>\n\n\n\n\n    <div class=\"content-scada-page\">\n        \n                        <div class=\"type-block content-image-general\">\n                    <div class=\"border-all  img-right img-below is-heading\">\n                                    <div class=\"content-image\">\n                                                                                    <div class=\"border-image\" data-aos=\"fade-up\">\n\n                                    <a href=\"https:\/\/www.pcvue.com\/wp-content\/uploads\/2024\/07\/PcVue_WebsiteGraphic_17SEP24-06.png\" data-fancybox data-caption=\"Single image\">\n                                        <img decoding=\"async\" src=\"https:\/\/www.pcvue.com\/wp-content\/uploads\/2024\/07\/PcVue_WebsiteGraphic_17SEP24-06.png\" alt=\"image\" loading=\"lazy\" \/>\n                                    <\/a>\n\n                                <\/div>\n                                                                        <\/div>\n                                                                            <div class=\"box-content\">\n                                                            <div class=\"box-title\">\n                                    <h5 class=\"title-block heading-general\" data-aos=\"fade-up\">LA TECHNOLOGIE DES BASES DE DONN\u00c9ES<\/h5>\n                                                                    <\/div>\n                                                                                        <div class=\"quote-general\" data-aos=\"fade-up\">Enterprise Historian est une base de donn\u00e9es de s\u00e9ries chronologiques NoSQL. Cela signifie simplement qu&#039;il est con\u00e7u pour stocker sp\u00e9cifiquement des donn\u00e9es de s\u00e9ries chronologiques et ne s&#039;appuie pas sur une base de donn\u00e9es SQL pour ce faire.<\/div>\n                                                                                        <div class=\"content-general\" data-aos=\"fade-up\"><p>Chaque balise que vous choisissez de stocker dans Enterprise Historian peut contenir les donn\u00e9es suivantes : <\/p>\n<ol>\n<li>Nom de la balise<\/li>\n<li>Plus de 100 propri\u00e9t\u00e9s de m\u00e9tadonn\u00e9es (unit\u00e9s d&#8217;ing\u00e9nierie, descriptions, limites, etc.)<\/li>\n<li>Horodatages<\/li>\n<li>Valeurs (bool\u00e9ens, flottants, entiers, cha\u00eenes, etc.)<\/li>\n<li>Niveau de qualit\u00e9<\/li>\n<\/ol>\n<\/div>\n                            \n                                                    <\/div>\n                                                <\/div>\n                    <div class=\"border-all  img-left img-below is-heading\">\n                                    <div class=\"content-image\">\n                                                                                    <div class=\"border-image\" data-aos=\"fade-up\">\n\n                                    <a href=\"https:\/\/www.pcvue.com\/wp-content\/uploads\/2024\/06\/Key-Featu.png\" data-fancybox data-caption=\"Single image\">\n                                        <img decoding=\"async\" src=\"https:\/\/www.pcvue.com\/wp-content\/uploads\/2024\/06\/Key-Featu.png\" alt=\"image\" loading=\"lazy\" \/>\n                                    <\/a>\n\n                                <\/div>\n                                                                        <\/div>\n                                                                            <div class=\"box-content\">\n                                                            <div class=\"box-title\">\n                                    <h5 class=\"title-block heading-general\" data-aos=\"fade-up\">FONCTIONNALIT\u00c9S<\/h5>\n                                                                    <\/div>\n                                                                                        <div class=\"quote-general\" data-aos=\"fade-up\">Con\u00e7u pour l&#039;analyse des performances \u00e0 grande vitesse<\/div>\n                                                                                        <div class=\"content-general\" data-aos=\"fade-up\"><ol>\n<li>La haute disponibilit\u00e9; y compris le magasin et le transfert<\/li>\n<li>Horodatage ind\u00e9pendant du taux de journalisation au niveau du tag<\/li>\n<li>Regroupement logique avec des configurations de balises flexibles<\/li>\n<li>Journalisation d\u00e9centralis\u00e9e avec stockage r\u00e9seau centralis\u00e9<\/li>\n<li>Gestion des bandes mortes par tag<\/li>\n<li>Surveillance des performances int\u00e9gr\u00e9e<\/li>\n<li>Conformit\u00e9 FDA21 CFR Partie 11<\/li>\n<li>Support op\u00e9rationnel 1 000 000 de valeurs\/seconde d&#8217;insertions continues<\/li>\n<li>Les donn\u00e9es sont compact\u00e9es pour minimiser les besoins de stockage sur disque<\/li>\n<li>Administration \u00e0 distance<\/li>\n<\/ol>\n<\/div>\n                            \n                                                    <\/div>\n                                                <\/div>\n            <\/div>\n            <\/div>\n\n\n\n\n<div class=\"wp-block-columns is-layout-flex wp-container-core-columns-is-layout-9d6595d7 wp-block-columns-is-layout-flex\">\n<div class=\"wp-block-column is-layout-flow wp-block-column-is-layout-flow\" style=\"flex-basis:100%\">\n<div class=\"content-solutions-product\">\n                        <div class=\"container\">\n        <div class=\"type-block content-heading-text\">\n                                                <\/div>\n    <\/div>\n\n           \n<\/div>\n\n\n\n\n<div class=\"content-what-new\">\n    <div class=\"container\">\n                        <div class=\"type-block content-heading-text\" data-aos=\"fade-up\">\n                    <div class=\"border-all\">\n                                <div class=\"border-content\">\n                                                                    <div class=\"border-download center\">\n                                                                                                            <div class=\"icon\">\n                                            <div class=\"border-icon\">\n                                                <img decoding=\"async\" src=\"https:\/\/www.pcvue.com\/wp-content\/uploads\/2024\/10\/Canary-thumb.png\" alt=\"https:\/\/www.pcvue.com\/wp-content\/uploads\/2024\/10\/Canary-thumb.png\" loading=\"lazy\" \/>\n                                            <\/div>\n                                        <\/div>\n                                                                                                                                                                                                <a href=\"https:\/\/www.pcvue.com\/wp-content\/uploads\/2024\/10\/PB_Historian_En_v1.pdf\" class=\"button arrow btn-view-pdf\">T\u00e9l\u00e9chargez<\/a>\n                                            <div class=\"flip-reader hidden\">\n                                                <div class=\"_df_thumb \" id=\"df_rand1474275267\"  data-title=\"\" wpoptions=\"true\" thumbtype=\"\" source=\"https:\/\/www.pcvue.com\/wp-content\/uploads\/2024\/10\/PB_Historian_En_v1.pdf\" >Open Book<\/div>                                             <\/div>\n                                                                                                                                        <\/div>\n                                    <\/div>\n            <\/div>\n            <\/div>\n\n            <\/div>\n<\/div>\n<\/div>\n<\/div>\n\n\n\n<div class=\"content-solutions-product\">\n                        <div class=\"container\">\n        <div class=\"type-block content-heading-text\">\n                                                <\/div>\n    <\/div>\n\n           \n<\/div>\n\n\n\n\n<div class=\"content-solutions-product\">\n                        <div class=\"container\">\n        <div class=\"type-block content-heading-text\">\n                                                <\/div>\n    <\/div>\n\n           \n<\/div>\n\n","protected":false},"excerpt":{"rendered":"","protected":false},"author":2227,"featured_media":0,"parent":16333,"menu_order":0,"comment_status":"closed","ping_status":"closed","template":"templates\/scada.php","meta":{"_acf_changed":false,"content-type":"","footnotes":""},"class_list":["post-16357","page","type-page","status-publish","hentry"],"acf":[],"yoast_head":"<!-- This site is optimized with the Yoast SEO plugin v26.4 - https:\/\/yoast.com\/wordpress\/plugins\/seo\/ -->\n<title>Canary - PcVue<\/title>\n<meta name=\"robots\" content=\"index, follow, max-snippet:-1, max-image-preview:large, max-video-preview:-1\" \/>\n<link rel=\"canonical\" href=\"https:\/\/www.pcvue.com\/fr\/nos-offres\/par-applications\/canary\/\" \/>\n<meta property=\"og:locale\" content=\"fr_FR\" \/>\n<meta property=\"og:type\" content=\"article\" \/>\n<meta property=\"og:title\" content=\"Canary - PcVue\" \/>\n<meta property=\"og:url\" content=\"https:\/\/www.pcvue.com\/fr\/nos-offres\/par-applications\/canary\/\" \/>\n<meta property=\"og:site_name\" content=\"PcVue\" \/>\n<meta property=\"article:modified_time\" content=\"2025-11-14T12:01:41+00:00\" \/>\n<meta name=\"twitter:card\" content=\"summary_large_image\" \/>\n<script type=\"application\/ld+json\" class=\"yoast-schema-graph\">{\"@context\":\"https:\/\/schema.org\",\"@graph\":[{\"@type\":\"WebPage\",\"@id\":\"https:\/\/www.pcvue.com\/fr\/nos-offres\/par-applications\/canary\/\",\"url\":\"https:\/\/www.pcvue.com\/fr\/nos-offres\/par-applications\/canary\/\",\"name\":\"Canary - PcVue\",\"isPartOf\":{\"@id\":\"https:\/\/www.pcvue.com\/fr\/#website\"},\"datePublished\":\"2024-07-10T13:19:33+00:00\",\"dateModified\":\"2025-11-14T12:01:41+00:00\",\"breadcrumb\":{\"@id\":\"https:\/\/www.pcvue.com\/fr\/nos-offres\/par-applications\/canary\/#breadcrumb\"},\"inLanguage\":\"fr-FR\",\"potentialAction\":[{\"@type\":\"ReadAction\",\"target\":[\"https:\/\/www.pcvue.com\/fr\/nos-offres\/par-applications\/canary\/\"]}]},{\"@type\":\"BreadcrumbList\",\"@id\":\"https:\/\/www.pcvue.com\/fr\/nos-offres\/par-applications\/canary\/#breadcrumb\",\"itemListElement\":[{\"@type\":\"ListItem\",\"position\":1,\"name\":\"Home\",\"item\":\"https:\/\/www.pcvue.com\/fr\/\"},{\"@type\":\"ListItem\",\"position\":2,\"name\":\"Nos offres\",\"item\":\"https:\/\/www.pcvue.com\/our-offers\/\"},{\"@type\":\"ListItem\",\"position\":3,\"name\":\"Par Applications\",\"item\":\"https:\/\/www.pcvue.com\/our-offers\/by-application\/\"},{\"@type\":\"ListItem\",\"position\":4,\"name\":\"Canary\"}]},{\"@type\":\"WebSite\",\"@id\":\"https:\/\/www.pcvue.com\/fr\/#website\",\"url\":\"https:\/\/www.pcvue.com\/fr\/\",\"name\":\"PcVue\",\"description\":\"LET&#039;S ENGINEER\",\"publisher\":{\"@id\":\"https:\/\/www.pcvue.com\/fr\/#organization\"},\"potentialAction\":[{\"@type\":\"SearchAction\",\"target\":{\"@type\":\"EntryPoint\",\"urlTemplate\":\"https:\/\/www.pcvue.com\/fr\/?s={search_term_string}\"},\"query-input\":{\"@type\":\"PropertyValueSpecification\",\"valueRequired\":true,\"valueName\":\"search_term_string\"}}],\"inLanguage\":\"fr-FR\"},{\"@type\":\"Organization\",\"@id\":\"https:\/\/www.pcvue.com\/fr\/#organization\",\"name\":\"PcVue\",\"url\":\"https:\/\/www.pcvue.com\/fr\/\",\"logo\":{\"@type\":\"ImageObject\",\"inLanguage\":\"fr-FR\",\"@id\":\"https:\/\/www.pcvue.com\/fr\/#\/schema\/logo\/image\/\",\"url\":\"https:\/\/www.pcvue.com\/wp-content\/uploads\/2024\/04\/fullColor.svg\",\"contentUrl\":\"https:\/\/www.pcvue.com\/wp-content\/uploads\/2024\/04\/fullColor.svg\",\"caption\":\"PcVue\"},\"image\":{\"@id\":\"https:\/\/www.pcvue.com\/fr\/#\/schema\/logo\/image\/\"}}]}<\/script>\n<!-- \/ Yoast SEO plugin. -->","yoast_head_json":{"title":"Canary - PcVue","robots":{"index":"index","follow":"follow","max-snippet":"max-snippet:-1","max-image-preview":"max-image-preview:large","max-video-preview":"max-video-preview:-1"},"canonical":"https:\/\/www.pcvue.com\/fr\/nos-offres\/par-applications\/canary\/","og_locale":"fr_FR","og_type":"article","og_title":"Canary - PcVue","og_url":"https:\/\/www.pcvue.com\/fr\/nos-offres\/par-applications\/canary\/","og_site_name":"PcVue","article_modified_time":"2025-11-14T12:01:41+00:00","twitter_card":"summary_large_image","schema":{"@context":"https:\/\/schema.org","@graph":[{"@type":"WebPage","@id":"https:\/\/www.pcvue.com\/fr\/nos-offres\/par-applications\/canary\/","url":"https:\/\/www.pcvue.com\/fr\/nos-offres\/par-applications\/canary\/","name":"Canary - PcVue","isPartOf":{"@id":"https:\/\/www.pcvue.com\/fr\/#website"},"datePublished":"2024-07-10T13:19:33+00:00","dateModified":"2025-11-14T12:01:41+00:00","breadcrumb":{"@id":"https:\/\/www.pcvue.com\/fr\/nos-offres\/par-applications\/canary\/#breadcrumb"},"inLanguage":"fr-FR","potentialAction":[{"@type":"ReadAction","target":["https:\/\/www.pcvue.com\/fr\/nos-offres\/par-applications\/canary\/"]}]},{"@type":"BreadcrumbList","@id":"https:\/\/www.pcvue.com\/fr\/nos-offres\/par-applications\/canary\/#breadcrumb","itemListElement":[{"@type":"ListItem","position":1,"name":"Home","item":"https:\/\/www.pcvue.com\/fr\/"},{"@type":"ListItem","position":2,"name":"Nos offres","item":"https:\/\/www.pcvue.com\/our-offers\/"},{"@type":"ListItem","position":3,"name":"Par Applications","item":"https:\/\/www.pcvue.com\/our-offers\/by-application\/"},{"@type":"ListItem","position":4,"name":"Canary"}]},{"@type":"WebSite","@id":"https:\/\/www.pcvue.com\/fr\/#website","url":"https:\/\/www.pcvue.com\/fr\/","name":"PcVue","description":"LET&#039;S ENGINEER","publisher":{"@id":"https:\/\/www.pcvue.com\/fr\/#organization"},"potentialAction":[{"@type":"SearchAction","target":{"@type":"EntryPoint","urlTemplate":"https:\/\/www.pcvue.com\/fr\/?s={search_term_string}"},"query-input":{"@type":"PropertyValueSpecification","valueRequired":true,"valueName":"search_term_string"}}],"inLanguage":"fr-FR"},{"@type":"Organization","@id":"https:\/\/www.pcvue.com\/fr\/#organization","name":"PcVue","url":"https:\/\/www.pcvue.com\/fr\/","logo":{"@type":"ImageObject","inLanguage":"fr-FR","@id":"https:\/\/www.pcvue.com\/fr\/#\/schema\/logo\/image\/","url":"https:\/\/www.pcvue.com\/wp-content\/uploads\/2024\/04\/fullColor.svg","contentUrl":"https:\/\/www.pcvue.com\/wp-content\/uploads\/2024\/04\/fullColor.svg","caption":"PcVue"},"image":{"@id":"https:\/\/www.pcvue.com\/fr\/#\/schema\/logo\/image\/"}}]}},"_links":{"self":[{"href":"https:\/\/www.pcvue.com\/fr\/wp-json\/wp\/v2\/pages\/16357","targetHints":{"allow":["GET"]}}],"collection":[{"href":"https:\/\/www.pcvue.com\/fr\/wp-json\/wp\/v2\/pages"}],"about":[{"href":"https:\/\/www.pcvue.com\/fr\/wp-json\/wp\/v2\/types\/page"}],"author":[{"embeddable":true,"href":"https:\/\/www.pcvue.com\/fr\/wp-json\/wp\/v2\/users\/2227"}],"replies":[{"embeddable":true,"href":"https:\/\/www.pcvue.com\/fr\/wp-json\/wp\/v2\/comments?post=16357"}],"version-history":[{"count":10,"href":"https:\/\/www.pcvue.com\/fr\/wp-json\/wp\/v2\/pages\/16357\/revisions"}],"predecessor-version":[{"id":30564,"href":"https:\/\/www.pcvue.com\/fr\/wp-json\/wp\/v2\/pages\/16357\/revisions\/30564"}],"up":[{"embeddable":true,"href":"https:\/\/www.pcvue.com\/fr\/wp-json\/wp\/v2\/pages\/16333"}],"wp:attachment":[{"href":"https:\/\/www.pcvue.com\/fr\/wp-json\/wp\/v2\/media?parent=16357"}],"curies":[{"name":"wp","href":"https:\/\/api.w.org\/{rel}","templated":true}]}}