{"id":16363,"date":"2024-07-08T13:15:21","date_gmt":"2024-07-08T13:15:21","guid":{"rendered":"https:\/\/ig8df3bgexm.preview.infomaniak.website\/par-applications\/dream-report-logiciel-de-reporting\/"},"modified":"2024-10-18T13:45:51","modified_gmt":"2024-10-18T13:45:51","slug":"dream-report-logiciel-de-reporting","status":"publish","type":"page","link":"https:\/\/www.pcvue.com\/fr\/nos-offres\/par-applications\/dream-report-logiciel-de-reporting\/","title":{"rendered":"Dream Report &#8211; Logiciel de reporting"},"content":{"rendered":"\n    <div class=\"content-scada-page\">\n        \n            <\/div>\n\n\n\n\n<div class=\"content-solutions-product\">\n                        <div class=\"container\">\n        <div class=\"type-block content-video content-scada-page\">\n                            <div class=\"border-all\">\n                                                                        <div class=\"box-content\">\n                                                                    <div class=\"box-title\">\n                                        <h5 class=\"title-block heading-general\" data-aos=\"fade-up\">LOGICIEL DE REPORTING ET D&#039;ANALYSES DE DONNEES SANS PROGRAMMATION POUR LES APPLICATIONS INDUSTRIELLES<\/h5>\n                                                                            <\/div>\n                                                                                                                                    <div class=\"content-general\" data-aos=\"fade-up\"><p>Connect\u00e9 \u00e0 PcVue, Dream Report\u2122 acc\u00e8de aux donn\u00e9es, les analyse et g\u00e9n\u00e8re des rapports et des tableaux de bord automatiquement ou manuellement. Les r\u00e9sultats peuvent \u00eatre distribu\u00e9s \u00e0 n\u2019importe qui, n\u2019importe o\u00f9 et \u00e0 tout moment. Un portail Web interactif et dynamique offre un acc\u00e8s s\u00e9curis\u00e9 local et \u00e0 distance \u00e0 vos informations.<\/p>\n<\/div>\n                                \n                                                            <\/div>\n                                            \n                                            <div class=\"content-video-scada\">\n                                                            <div class=\"border-video\">\n                                                                                                                        <div class=\"banner-video video video-embeded\" data-aos=\"fade-up\">\n                                                                                                    <img decoding=\"async\" class=\"img-thumbnail\" src=\"https:\/\/www.pcvue.com\/wp-content\/uploads\/2024\/09\/PcVue_WebsiteGraphic_17SEP24-08.jpg\" alt=\"Image Thumbnail\" loading=\"lazy\">\n                                                                                                <div class=\"border-iframe\">\n                                                    <iframe loading=\"lazy\" title=\"Introduction to Dream Report for Industrial Reports and Dashboards\" width=\"640\" height=\"360\" src=\"https:\/\/www.youtube.com\/embed\/4gKKT5K6WVU?feature=oembed&#038;mute=0&#038;controls=1&#038;hd=1&#038;autohide=1&#038;loop=1&#038;playsinline=1&#038;playlist=4gKKT5K6WVU\" frameborder=\"0\" allow=\"accelerometer; autoplay; clipboard-write; encrypted-media; gyroscope; picture-in-picture; web-share\" referrerpolicy=\"strict-origin-when-cross-origin\" allowfullscreen frameborder=\"0\" class=\"no-lazy\"><\/iframe>                                                <\/div>\n                                                <div class=\"playButton icon-play\">\n                                                    <svg id=\"playButton\" width=\"60\" height=\"60\" viewBox=\"0 0 60 60\" fill=\"none\" xmlns=\"http:\/\/www.w3.org\/2000\/svg\">\n                                                        <path d=\"M7.5 30V47.4178C7.5 53.1908 13.8359 56.84 18.9916 54.0363L26.999 49.6817M7.5 20V12.5822C7.5 6.8092 13.8359 3.16005 18.9915 5.9637L51.0215 23.3814C56.3262 26.2662 56.3262 33.7337 51.0215 36.6185L35.0065 45.3275\" stroke=\"#1C274C\" stroke-width=\"3.75\" stroke-linecap=\"round\" \/>\n                                                    <\/svg>\n                                                <\/div>\n                                            <\/div>\n                                                                                                            <\/div>\n                                                    <\/div>\n                                    <\/div>\n                    <\/div>\n    <\/div>\n\n           \n<\/div>\n\n\n\n\n    <div class=\"content-scada-page\">\n        \n                        <div class=\"type-block content-image-general\">\n                    <div class=\"border-all  img-right img-top is-heading\">\n                                    <div class=\"content-image\">\n                                                                                    <div class=\"border-image\" data-aos=\"fade-up\">\n\n                                    <a href=\"https:\/\/www.pcvue.com\/wp-content\/uploads\/2024\/09\/PcVue_WebsiteGraphic_17SEP24-03-1.png\" data-fancybox data-caption=\"Single image\">\n                                        <img decoding=\"async\" src=\"https:\/\/www.pcvue.com\/wp-content\/uploads\/2024\/09\/PcVue_WebsiteGraphic_17SEP24-03-1.png\" alt=\"image\" loading=\"lazy\" \/>\n                                    <\/a>\n\n                                <\/div>\n                                                                        <\/div>\n                                                                            <div class=\"box-content\">\n                                                            <div class=\"box-title\">\n                                    <h5 class=\"title-block heading-general\" data-aos=\"fade-up\">STUDIO DE CONCEPTION CONVIVIALE<\/h5>\n                                                                    <\/div>\n                                                                                                                    <div class=\"content-general\" data-aos=\"fade-up\"><ol>\n<li>Interface conviviale sans code<\/li>\n<li>Biblioth\u00e8que int\u00e9gr\u00e9e d&#8217;objets graphiques et de fonctions statistiques<\/li>\n<li>Interface Web<\/li>\n<li>D\u00e9veloppement de projet avec plusieurs ing\u00e9nieurs<\/li>\n<li>Environnement s\u00e9curis\u00e9<\/li>\n<\/ol>\n<\/div>\n                            \n                                                    <\/div>\n                                                <\/div>\n                    <div class=\"border-all  img-left img-top is-heading\">\n                                    <div class=\"content-image\">\n                                                                                    <div class=\"border-image\" data-aos=\"fade-up\">\n\n                                    <a href=\"https:\/\/www.pcvue.com\/wp-content\/uploads\/2024\/07\/PcVue_WebsiteGraphic_17SEP24-13.jpg\" data-fancybox data-caption=\"Single image\">\n                                        <img decoding=\"async\" src=\"https:\/\/www.pcvue.com\/wp-content\/uploads\/2024\/07\/PcVue_WebsiteGraphic_17SEP24-13.jpg\" alt=\"image\" loading=\"lazy\" \/>\n                                    <\/a>\n\n                                <\/div>\n                                                                        <\/div>\n                                                                            <div class=\"box-content\">\n                                                            <div class=\"box-title\">\n                                    <h5 class=\"title-block heading-general\" data-aos=\"fade-up\">S\u00c9CURIT\u00c9 POUR LES APPLICATIONS INDUSTRIELLES<\/h5>\n                                                                    <\/div>\n                                                                                                                    <div class=\"content-general\" data-aos=\"fade-up\"><ol>\n<li>Gestion des utilisateurs pour contr\u00f4ler les acc\u00e8s<\/li>\n<li>Enregistrement d&#8217;audit trail pour analyse du syst\u00e8me<\/li>\n<li>Contr\u00f4le de version pour archivage et restauration de projet<\/li>\n<li>Signatures \u00e9lectroniques pour s\u00e9curiser les actions<\/li>\n<\/ol>\n<\/div>\n                            \n                                                    <\/div>\n                                                <\/div>\n            <\/div>\n            <\/div>\n\n\n\n\n<div class=\"content-what-new\">\n    <div class=\"container\">\n                        <div class=\"type-block content-heading-text\" data-aos=\"fade-up\">\n                    <div class=\"border-all\">\n                                <div class=\"border-content\">\n                                                                    <div class=\"border-download center\">\n                                                                                                            <div class=\"icon\">\n                                            <div class=\"border-icon\">\n                                                <img decoding=\"async\" src=\"https:\/\/www.pcvue.com\/wp-content\/uploads\/2024\/09\/Dream_Report_EN.png\" alt=\"https:\/\/www.pcvue.com\/wp-content\/uploads\/2024\/09\/Dream_Report_EN.png\" loading=\"lazy\" \/>\n                                            <\/div>\n                                        <\/div>\n                                                                                                                <div class=\"heading-down\">Brochure<\/div>\n                                                                                                                                                            <a href=\"https:\/\/www.pcvue.com\/wp-content\/uploads\/2024\/10\/PB_Dream-Report_Fr_v1.pdf\" class=\"button arrow btn-view-pdf\">T\u00e9l\u00e9chargez<\/a>\n                                            <div class=\"flip-reader hidden\">\n                                                <div class=\"_df_thumb \" id=\"df_rand351894123\"  data-title=\"\" wpoptions=\"true\" thumbtype=\"\" source=\"https:\/\/www.pcvue.com\/wp-content\/uploads\/2024\/10\/PB_Dream-Report_Fr_v1.pdf\" >Open Book<\/div>                                             <\/div>\n                                                                                                                                        <\/div>\n                                    <\/div>\n            <\/div>\n            <\/div>\n\n            <\/div>\n<\/div>\n\n\n\n<p><\/p>\n","protected":false},"excerpt":{"rendered":"","protected":false},"author":2227,"featured_media":24200,"parent":16333,"menu_order":0,"comment_status":"closed","ping_status":"closed","template":"templates\/scada.php","meta":{"_acf_changed":false,"content-type":"","footnotes":""},"class_list":["post-16363","page","type-page","status-publish","has-post-thumbnail","hentry"],"acf":[],"yoast_head":"<!-- This site is optimized with the Yoast SEO plugin v26.4 - https:\/\/yoast.com\/wordpress\/plugins\/seo\/ -->\n<title>Dream Report - Logiciel de reporting - PcVue<\/title>\n<meta name=\"robots\" content=\"index, follow, max-snippet:-1, max-image-preview:large, max-video-preview:-1\" \/>\n<link rel=\"canonical\" href=\"https:\/\/www.pcvue.com\/fr\/nos-offres\/par-applications\/dream-report-logiciel-de-reporting\/\" \/>\n<meta property=\"og:locale\" content=\"fr_FR\" \/>\n<meta property=\"og:type\" content=\"article\" \/>\n<meta property=\"og:title\" content=\"Dream Report - Logiciel de reporting - PcVue\" \/>\n<meta property=\"og:url\" content=\"https:\/\/www.pcvue.com\/fr\/nos-offres\/par-applications\/dream-report-logiciel-de-reporting\/\" \/>\n<meta property=\"og:site_name\" content=\"PcVue\" \/>\n<meta property=\"article:modified_time\" content=\"2024-10-18T13:45:51+00:00\" \/>\n<meta property=\"og:image\" content=\"https:\/\/www.pcvue.com\/wp-content\/uploads\/2024\/10\/img_DR-4.png\" \/>\n\t<meta property=\"og:image:width\" content=\"692\" \/>\n\t<meta property=\"og:image:height\" content=\"526\" \/>\n\t<meta property=\"og:image:type\" content=\"image\/png\" \/>\n<meta name=\"twitter:card\" content=\"summary_large_image\" \/>\n<meta name=\"twitter:label1\" content=\"Dur\u00e9e de lecture estim\u00e9e\" \/>\n\t<meta name=\"twitter:data1\" content=\"1 minute\" \/>\n<script type=\"application\/ld+json\" class=\"yoast-schema-graph\">{\"@context\":\"https:\/\/schema.org\",\"@graph\":[{\"@type\":\"WebPage\",\"@id\":\"https:\/\/www.pcvue.com\/fr\/nos-offres\/par-applications\/dream-report-logiciel-de-reporting\/\",\"url\":\"https:\/\/www.pcvue.com\/fr\/nos-offres\/par-applications\/dream-report-logiciel-de-reporting\/\",\"name\":\"Dream Report - Logiciel de reporting - PcVue\",\"isPartOf\":{\"@id\":\"https:\/\/www.pcvue.com\/fr\/#website\"},\"primaryImageOfPage\":{\"@id\":\"https:\/\/www.pcvue.com\/fr\/nos-offres\/par-applications\/dream-report-logiciel-de-reporting\/#primaryimage\"},\"image\":{\"@id\":\"https:\/\/www.pcvue.com\/fr\/nos-offres\/par-applications\/dream-report-logiciel-de-reporting\/#primaryimage\"},\"thumbnailUrl\":\"https:\/\/www.pcvue.com\/wp-content\/uploads\/2024\/10\/img_DR-4.png\",\"datePublished\":\"2024-07-08T13:15:21+00:00\",\"dateModified\":\"2024-10-18T13:45:51+00:00\",\"breadcrumb\":{\"@id\":\"https:\/\/www.pcvue.com\/fr\/nos-offres\/par-applications\/dream-report-logiciel-de-reporting\/#breadcrumb\"},\"inLanguage\":\"fr-FR\",\"potentialAction\":[{\"@type\":\"ReadAction\",\"target\":[\"https:\/\/www.pcvue.com\/fr\/nos-offres\/par-applications\/dream-report-logiciel-de-reporting\/\"]}]},{\"@type\":\"ImageObject\",\"inLanguage\":\"fr-FR\",\"@id\":\"https:\/\/www.pcvue.com\/fr\/nos-offres\/par-applications\/dream-report-logiciel-de-reporting\/#primaryimage\",\"url\":\"https:\/\/www.pcvue.com\/wp-content\/uploads\/2024\/10\/img_DR-4.png\",\"contentUrl\":\"https:\/\/www.pcvue.com\/wp-content\/uploads\/2024\/10\/img_DR-4.png\",\"width\":692,\"height\":526},{\"@type\":\"BreadcrumbList\",\"@id\":\"https:\/\/www.pcvue.com\/fr\/nos-offres\/par-applications\/dream-report-logiciel-de-reporting\/#breadcrumb\",\"itemListElement\":[{\"@type\":\"ListItem\",\"position\":1,\"name\":\"Home\",\"item\":\"https:\/\/www.pcvue.com\/fr\/\"},{\"@type\":\"ListItem\",\"position\":2,\"name\":\"Nos offres\",\"item\":\"https:\/\/www.pcvue.com\/our-offers\/\"},{\"@type\":\"ListItem\",\"position\":3,\"name\":\"Par Applications\",\"item\":\"https:\/\/www.pcvue.com\/our-offers\/by-application\/\"},{\"@type\":\"ListItem\",\"position\":4,\"name\":\"Dream Report &#8211; Logiciel de reporting\"}]},{\"@type\":\"WebSite\",\"@id\":\"https:\/\/www.pcvue.com\/fr\/#website\",\"url\":\"https:\/\/www.pcvue.com\/fr\/\",\"name\":\"PcVue\",\"description\":\"LET&#039;S ENGINEER\",\"publisher\":{\"@id\":\"https:\/\/www.pcvue.com\/fr\/#organization\"},\"potentialAction\":[{\"@type\":\"SearchAction\",\"target\":{\"@type\":\"EntryPoint\",\"urlTemplate\":\"https:\/\/www.pcvue.com\/fr\/?s={search_term_string}\"},\"query-input\":{\"@type\":\"PropertyValueSpecification\",\"valueRequired\":true,\"valueName\":\"search_term_string\"}}],\"inLanguage\":\"fr-FR\"},{\"@type\":\"Organization\",\"@id\":\"https:\/\/www.pcvue.com\/fr\/#organization\",\"name\":\"PcVue\",\"url\":\"https:\/\/www.pcvue.com\/fr\/\",\"logo\":{\"@type\":\"ImageObject\",\"inLanguage\":\"fr-FR\",\"@id\":\"https:\/\/www.pcvue.com\/fr\/#\/schema\/logo\/image\/\",\"url\":\"https:\/\/www.pcvue.com\/wp-content\/uploads\/2024\/04\/fullColor.svg\",\"contentUrl\":\"https:\/\/www.pcvue.com\/wp-content\/uploads\/2024\/04\/fullColor.svg\",\"caption\":\"PcVue\"},\"image\":{\"@id\":\"https:\/\/www.pcvue.com\/fr\/#\/schema\/logo\/image\/\"}}]}<\/script>\n<!-- \/ Yoast SEO plugin. -->","yoast_head_json":{"title":"Dream Report - Logiciel de reporting - PcVue","robots":{"index":"index","follow":"follow","max-snippet":"max-snippet:-1","max-image-preview":"max-image-preview:large","max-video-preview":"max-video-preview:-1"},"canonical":"https:\/\/www.pcvue.com\/fr\/nos-offres\/par-applications\/dream-report-logiciel-de-reporting\/","og_locale":"fr_FR","og_type":"article","og_title":"Dream Report - Logiciel de reporting - PcVue","og_url":"https:\/\/www.pcvue.com\/fr\/nos-offres\/par-applications\/dream-report-logiciel-de-reporting\/","og_site_name":"PcVue","article_modified_time":"2024-10-18T13:45:51+00:00","og_image":[{"width":692,"height":526,"url":"https:\/\/www.pcvue.com\/wp-content\/uploads\/2024\/10\/img_DR-4.png","type":"image\/png"}],"twitter_card":"summary_large_image","twitter_misc":{"Dur\u00e9e de lecture estim\u00e9e":"1 minute"},"schema":{"@context":"https:\/\/schema.org","@graph":[{"@type":"WebPage","@id":"https:\/\/www.pcvue.com\/fr\/nos-offres\/par-applications\/dream-report-logiciel-de-reporting\/","url":"https:\/\/www.pcvue.com\/fr\/nos-offres\/par-applications\/dream-report-logiciel-de-reporting\/","name":"Dream Report - Logiciel de reporting - PcVue","isPartOf":{"@id":"https:\/\/www.pcvue.com\/fr\/#website"},"primaryImageOfPage":{"@id":"https:\/\/www.pcvue.com\/fr\/nos-offres\/par-applications\/dream-report-logiciel-de-reporting\/#primaryimage"},"image":{"@id":"https:\/\/www.pcvue.com\/fr\/nos-offres\/par-applications\/dream-report-logiciel-de-reporting\/#primaryimage"},"thumbnailUrl":"https:\/\/www.pcvue.com\/wp-content\/uploads\/2024\/10\/img_DR-4.png","datePublished":"2024-07-08T13:15:21+00:00","dateModified":"2024-10-18T13:45:51+00:00","breadcrumb":{"@id":"https:\/\/www.pcvue.com\/fr\/nos-offres\/par-applications\/dream-report-logiciel-de-reporting\/#breadcrumb"},"inLanguage":"fr-FR","potentialAction":[{"@type":"ReadAction","target":["https:\/\/www.pcvue.com\/fr\/nos-offres\/par-applications\/dream-report-logiciel-de-reporting\/"]}]},{"@type":"ImageObject","inLanguage":"fr-FR","@id":"https:\/\/www.pcvue.com\/fr\/nos-offres\/par-applications\/dream-report-logiciel-de-reporting\/#primaryimage","url":"https:\/\/www.pcvue.com\/wp-content\/uploads\/2024\/10\/img_DR-4.png","contentUrl":"https:\/\/www.pcvue.com\/wp-content\/uploads\/2024\/10\/img_DR-4.png","width":692,"height":526},{"@type":"BreadcrumbList","@id":"https:\/\/www.pcvue.com\/fr\/nos-offres\/par-applications\/dream-report-logiciel-de-reporting\/#breadcrumb","itemListElement":[{"@type":"ListItem","position":1,"name":"Home","item":"https:\/\/www.pcvue.com\/fr\/"},{"@type":"ListItem","position":2,"name":"Nos offres","item":"https:\/\/www.pcvue.com\/our-offers\/"},{"@type":"ListItem","position":3,"name":"Par Applications","item":"https:\/\/www.pcvue.com\/our-offers\/by-application\/"},{"@type":"ListItem","position":4,"name":"Dream Report &#8211; Logiciel de reporting"}]},{"@type":"WebSite","@id":"https:\/\/www.pcvue.com\/fr\/#website","url":"https:\/\/www.pcvue.com\/fr\/","name":"PcVue","description":"LET&#039;S ENGINEER","publisher":{"@id":"https:\/\/www.pcvue.com\/fr\/#organization"},"potentialAction":[{"@type":"SearchAction","target":{"@type":"EntryPoint","urlTemplate":"https:\/\/www.pcvue.com\/fr\/?s={search_term_string}"},"query-input":{"@type":"PropertyValueSpecification","valueRequired":true,"valueName":"search_term_string"}}],"inLanguage":"fr-FR"},{"@type":"Organization","@id":"https:\/\/www.pcvue.com\/fr\/#organization","name":"PcVue","url":"https:\/\/www.pcvue.com\/fr\/","logo":{"@type":"ImageObject","inLanguage":"fr-FR","@id":"https:\/\/www.pcvue.com\/fr\/#\/schema\/logo\/image\/","url":"https:\/\/www.pcvue.com\/wp-content\/uploads\/2024\/04\/fullColor.svg","contentUrl":"https:\/\/www.pcvue.com\/wp-content\/uploads\/2024\/04\/fullColor.svg","caption":"PcVue"},"image":{"@id":"https:\/\/www.pcvue.com\/fr\/#\/schema\/logo\/image\/"}}]}},"_links":{"self":[{"href":"https:\/\/www.pcvue.com\/fr\/wp-json\/wp\/v2\/pages\/16363","targetHints":{"allow":["GET"]}}],"collection":[{"href":"https:\/\/www.pcvue.com\/fr\/wp-json\/wp\/v2\/pages"}],"about":[{"href":"https:\/\/www.pcvue.com\/fr\/wp-json\/wp\/v2\/types\/page"}],"author":[{"embeddable":true,"href":"https:\/\/www.pcvue.com\/fr\/wp-json\/wp\/v2\/users\/2227"}],"replies":[{"embeddable":true,"href":"https:\/\/www.pcvue.com\/fr\/wp-json\/wp\/v2\/comments?post=16363"}],"version-history":[{"count":15,"href":"https:\/\/www.pcvue.com\/fr\/wp-json\/wp\/v2\/pages\/16363\/revisions"}],"predecessor-version":[{"id":24205,"href":"https:\/\/www.pcvue.com\/fr\/wp-json\/wp\/v2\/pages\/16363\/revisions\/24205"}],"up":[{"embeddable":true,"href":"https:\/\/www.pcvue.com\/fr\/wp-json\/wp\/v2\/pages\/16333"}],"wp:featuredmedia":[{"embeddable":true,"href":"https:\/\/www.pcvue.com\/fr\/wp-json\/wp\/v2\/media\/24200"}],"wp:attachment":[{"href":"https:\/\/www.pcvue.com\/fr\/wp-json\/wp\/v2\/media?parent=16363"}],"curies":[{"name":"wp","href":"https:\/\/api.w.org\/{rel}","templated":true}]}}