{"id":16369,"date":"2024-07-04T11:51:33","date_gmt":"2024-07-04T11:51:33","guid":{"rendered":"https:\/\/ig8df3bgexm.preview.infomaniak.website\/par-applications\/frontvue-interface-utilisateur-legere\/"},"modified":"2024-10-02T09:18:50","modified_gmt":"2024-10-02T09:18:50","slug":"frontvue-interface-utilisateur-legere","status":"publish","type":"page","link":"https:\/\/www.pcvue.com\/fr\/nos-offres\/par-applications\/frontvue-interface-utilisateur-legere\/","title":{"rendered":"FrontVue &#8211; Interface utilisateur l\u00e9g\u00e8re"},"content":{"rendered":"\n    <div class=\"content-scada-page\">\n        \n                        <div class=\"type-block content-heading-text\">\n                    <div class=\"border-all\">\n                <h2 class=\"heading-t\" data-aos=\"fade-up\"><p>Une interface pour la supervision de tout syst\u00e8me connect\u00e9<\/p>\n<\/h2>\n                <div class=\"text-t\" data-aos=\"fade-up\"><p>FrontVue est une interface graphique client OPC qui r\u00e9cup\u00e8re les donn\u00e9es en temps r\u00e9el d&#8217;un ou plusieurs serveurs OPC \u00e0 des fins de surveillance et de pilotage.<\/p>\n<\/div>\n            <\/div>\n            <\/div>\n            <\/div>\n\n\n\n\n    <div class=\"content-scada-page\">\n        \n                        <div class=\"type-block content-image-general\">\n                    <div class=\"border-all  img-right img-below is-heading\">\n                                    <div class=\"content-image\">\n                                                                                    <div class=\"border-image\" data-aos=\"fade-up\">\n\n                                    <a href=\"https:\/\/www.pcvue.com\/wp-content\/uploads\/2024\/06\/Key-Featu.png\" data-fancybox data-caption=\"Single image\">\n                                        <img decoding=\"async\" src=\"https:\/\/www.pcvue.com\/wp-content\/uploads\/2024\/06\/Key-Featu.png\" alt=\"image\" loading=\"lazy\" \/>\n                                    <\/a>\n\n                                <\/div>\n                                                                        <\/div>\n                                                                            <div class=\"box-content\">\n                                                            <div class=\"box-title\">\n                                    <h5 class=\"title-block heading-general\" data-aos=\"fade-up\">FONCTIONNALIT\u00c9S<\/h5>\n                                                                    <\/div>\n                                                                                        <div class=\"quote-general\" data-aos=\"fade-up\">Vous avez les donn\u00e9es, nous vous aidons \u00e0 cr\u00e9er l&#039;interface !<\/div>\n                                                                                        <div class=\"content-general\" data-aos=\"fade-up\"><ol>\n<li>Connectez un ou plusieurs serveurs OPC DA avec gestion de redondance<\/li>\n<li>Seules les donn\u00e9es affich\u00e9es sont actualis\u00e9es, offrant une excellente exp\u00e9rience utilisateur, m\u00eame pour les applications avec des millions de donn\u00e9es<\/li>\n<li>Environnement de conception convivial<\/li>\n<li>Conception orient\u00e9e objet<\/li>\n<li>Plus de 60 animations pr\u00e9d\u00e9finies<\/li>\n<li>Carte g\u00e9ographique interactive<\/li>\n<li>Moteur graphique 2D\/3D<\/li>\n<\/ol>\n<\/div>\n                            \n                                                    <\/div>\n                                                <\/div>\n                    <div class=\"border-all  img-left img-below is-heading\">\n                                    <div class=\"content-image\">\n                                                                                    <div class=\"border-image\" data-aos=\"fade-up\">\n\n                                    <a href=\"https:\/\/www.pcvue.com\/wp-content\/uploads\/2024\/08\/Pc-Vue_Website-Graphics_TouchVue-Notification-App.png\" data-fancybox data-caption=\"Single image\">\n                                        <img decoding=\"async\" src=\"https:\/\/www.pcvue.com\/wp-content\/uploads\/2024\/08\/Pc-Vue_Website-Graphics_TouchVue-Notification-App.png\" alt=\"image\" loading=\"lazy\" \/>\n                                    <\/a>\n\n                                <\/div>\n                                                                        <\/div>\n                                                                            <div class=\"box-content\">\n                                                            <div class=\"box-title\">\n                                    <h5 class=\"title-block heading-general\" data-aos=\"fade-up\">BENEFICES<\/h5>\n                                                                    <\/div>\n                                                                                                                    <div class=\"content-general\" data-aos=\"fade-up\"><ol>\n<li>Client graphique pour visualiser et piloter tous types de syst\u00e8mes<\/li>\n<li>Convient aux OEM et aux clients finaux<\/li>\n<li>Facilite le d\u00e9veloppement d\u2019une interface utilisateur graphique personnalis\u00e9e<\/li>\n<\/ol>\n<\/div>\n                            \n                                                    <\/div>\n                                                <\/div>\n            <\/div>\n    <div class=\"type-block content-image-general\">\n                    <div class=\"border-all  img-right img-top is-heading\">\n                                    <div class=\"content-image\">\n                                                                                    <div class=\"border-image\" data-aos=\"fade-up\">\n\n                                    <a href=\"https:\/\/www.pcvue.com\/wp-content\/uploads\/2024\/07\/frontvue_connectivity.jpg\" data-fancybox data-caption=\"Single image\">\n                                        <img decoding=\"async\" src=\"https:\/\/www.pcvue.com\/wp-content\/uploads\/2024\/07\/frontvue_connectivity.jpg\" alt=\"image\" loading=\"lazy\" \/>\n                                    <\/a>\n\n                                <\/div>\n                                                                        <\/div>\n                                                                            <div class=\"box-content\">\n                                                            <div class=\"box-title\">\n                                    <h5 class=\"title-block heading-general\" data-aos=\"fade-up\">CONNECTIVIT\u00c9<\/h5>\n                                                                    <\/div>\n                                                                                        <div class=\"quote-general\" data-aos=\"fade-up\">FrontVue est un client OPC DA qui r\u00e9cup\u00e8re les donn\u00e9es en temps r\u00e9el d&#039;un ou plusieurs serveurs OPC. Connect\u00e9 \u00e0 un serveur PcVue, il peut \u00e9galement r\u00e9cup\u00e9rer des donn\u00e9es d&#039;alarme en temps r\u00e9el et des \u00e9v\u00e9nements historiques. Il est \u00e9galement possible d&#039;int\u00e9grer des objets .NET.<\/div>\n                                                                                        <div class=\"content-general\" data-aos=\"fade-up\"><ol>\n<li>Seules les donn\u00e9es affich\u00e9es sont actualis\u00e9es =&gt; Minimise les temps de d\u00e9marrage et optimise la charge du r\u00e9seau<\/li>\n<li>FrontVue peut se connecter \u00e0 plusieurs serveurs OPC simultan\u00e9ment =&gt; <span class=\"TextRun SCXW179613298 BCX0\" lang=\"EN-GB\" data-contrast=\"auto\"><span class=\"NormalTextRun SCXW179613298 BCX0\">Permet<\/span> la <span class=\"NormalTextRun SCXW179613298 BCX0\">pr\u00e9sentation<\/span> <span class=\"NormalTextRun SCXW179613298 BCX0\">de donn\u00e9es agr\u00e9g\u00e9es provenant de plusieurs sites<\/span><\/span><span class=\"EOP SCXW179613298 BCX0\" data-ccp-props=\"{\"201341983\":0,\"335559739\":160,\"335559740\":278}\"> <\/span><\/li>\n<li>Gestion de la redondance des serveurs<\/li>\n<\/ol>\n<\/div>\n                            \n                                                    <\/div>\n                                                <\/div>\n                    <div class=\"border-all  img-left img-top is-heading\">\n                                    <div class=\"content-image\">\n                                                                                    <div class=\"border-image\" data-aos=\"fade-up\">\n\n                                    <a href=\"https:\/\/www.pcvue.com\/wp-content\/uploads\/2024\/10\/Fichier-13.png\" data-fancybox data-caption=\"Single image\">\n                                        <img decoding=\"async\" src=\"https:\/\/www.pcvue.com\/wp-content\/uploads\/2024\/10\/Fichier-13.png\" alt=\"image\" loading=\"lazy\" \/>\n                                    <\/a>\n\n                                <\/div>\n                                                                        <\/div>\n                                                                            <div class=\"box-content\">\n                                                            <div class=\"box-title\">\n                                    <h5 class=\"title-block heading-general\" data-aos=\"fade-up\">FrontVue : L&#039;INTERFACE QUI ANIME VOS DONN\u00c9ES !<\/h5>\n                                                                    <\/div>\n                                                                                                                    <div class=\"content-general\" data-aos=\"fade-up\"><p>FrontVue dispose d&#8217;un environnement de conception intuitif et orient\u00e9 objet pour concevoir des vues anim\u00e9es 2D ou 3D enti\u00e8rement personnalisables \u00e0 l&#8217;aide d&#8217;animations pr\u00e9d\u00e9finies et de plusieurs fonctionnalit\u00e9s graphiques. Les utilisateurs finaux et les int\u00e9grateurs peuvent utiliser FrontVue comme produit ind\u00e9pendant ou comme client l\u00e9ger pour une application PcVue. Les OEM peuvent labelliser FrontVue pour la facilit\u00e9 d&#8217;int\u00e9gration dans leur offre ou dans leurs logiciels existants afin d&#8217;ajouter rapidement une interface graphique moderne.<\/p>\n<\/div>\n                            \n                                                    <\/div>\n                                                <\/div>\n            <\/div>\n            <\/div>\n\n\n\n\n<div class=\"content-what-new\">\n    <div class=\"container\">\n                        <div class=\"type-block content-heading-text\" data-aos=\"fade-up\">\n                    <div class=\"border-all\">\n                                <div class=\"border-content\">\n                                                                    <div class=\"border-download center\">\n                                                                                                            <div class=\"icon\">\n                                            <div class=\"border-icon\">\n                                                <img decoding=\"async\" src=\"https:\/\/www.pcvue.com\/wp-content\/uploads\/2024\/09\/FrontVue.png\" alt=\"https:\/\/www.pcvue.com\/wp-content\/uploads\/2024\/09\/FrontVue.png\" loading=\"lazy\" \/>\n                                            <\/div>\n                                        <\/div>\n                                                                                                                <div class=\"heading-down\">Brochure<\/div>\n                                                                                                                                                            <a href=\"https:\/\/www.pcvue.com\/wp-content\/uploads\/2019\/07\/PB_FrontVue_En.pdf\" class=\"button arrow btn-view-pdf\">T\u00e9l\u00e9chargez<\/a>\n                                            <div class=\"flip-reader hidden\">\n                                                <div class=\"_df_thumb \" id=\"df_rand3157890202\"  data-title=\"\" wpoptions=\"true\" thumbtype=\"\" source=\"https:\/\/www.pcvue.com\/wp-content\/uploads\/2019\/07\/PB_FrontVue_En.pdf\" >Open Book<\/div>                                             <\/div>\n                                                                                                                                        <\/div>\n                                    <\/div>\n            <\/div>\n            <\/div>\n\n            <\/div>\n<\/div>\n","protected":false},"excerpt":{"rendered":"","protected":false},"author":2227,"featured_media":0,"parent":16333,"menu_order":0,"comment_status":"closed","ping_status":"closed","template":"templates\/scada.php","meta":{"_acf_changed":false,"content-type":"","footnotes":""},"class_list":["post-16369","page","type-page","status-publish","hentry"],"acf":[],"yoast_head":"<!-- This site is optimized with the Yoast SEO plugin v26.4 - https:\/\/yoast.com\/wordpress\/plugins\/seo\/ -->\n<title>FrontVue - Interface utilisateur l\u00e9g\u00e8re - PcVue<\/title>\n<meta name=\"robots\" content=\"index, follow, max-snippet:-1, max-image-preview:large, max-video-preview:-1\" \/>\n<link rel=\"canonical\" href=\"https:\/\/www.pcvue.com\/fr\/nos-offres\/par-applications\/frontvue-interface-utilisateur-legere\/\" \/>\n<meta property=\"og:locale\" content=\"fr_FR\" \/>\n<meta property=\"og:type\" content=\"article\" \/>\n<meta property=\"og:title\" content=\"FrontVue - Interface utilisateur l\u00e9g\u00e8re - PcVue\" \/>\n<meta property=\"og:url\" content=\"https:\/\/www.pcvue.com\/fr\/nos-offres\/par-applications\/frontvue-interface-utilisateur-legere\/\" \/>\n<meta property=\"og:site_name\" content=\"PcVue\" \/>\n<meta property=\"article:modified_time\" content=\"2024-10-02T09:18:50+00:00\" \/>\n<meta name=\"twitter:card\" content=\"summary_large_image\" \/>\n<script type=\"application\/ld+json\" class=\"yoast-schema-graph\">{\"@context\":\"https:\/\/schema.org\",\"@graph\":[{\"@type\":\"WebPage\",\"@id\":\"https:\/\/www.pcvue.com\/fr\/nos-offres\/par-applications\/frontvue-interface-utilisateur-legere\/\",\"url\":\"https:\/\/www.pcvue.com\/fr\/nos-offres\/par-applications\/frontvue-interface-utilisateur-legere\/\",\"name\":\"FrontVue - Interface utilisateur l\u00e9g\u00e8re - PcVue\",\"isPartOf\":{\"@id\":\"https:\/\/www.pcvue.com\/fr\/#website\"},\"datePublished\":\"2024-07-04T11:51:33+00:00\",\"dateModified\":\"2024-10-02T09:18:50+00:00\",\"breadcrumb\":{\"@id\":\"https:\/\/www.pcvue.com\/fr\/nos-offres\/par-applications\/frontvue-interface-utilisateur-legere\/#breadcrumb\"},\"inLanguage\":\"fr-FR\",\"potentialAction\":[{\"@type\":\"ReadAction\",\"target\":[\"https:\/\/www.pcvue.com\/fr\/nos-offres\/par-applications\/frontvue-interface-utilisateur-legere\/\"]}]},{\"@type\":\"BreadcrumbList\",\"@id\":\"https:\/\/www.pcvue.com\/fr\/nos-offres\/par-applications\/frontvue-interface-utilisateur-legere\/#breadcrumb\",\"itemListElement\":[{\"@type\":\"ListItem\",\"position\":1,\"name\":\"Home\",\"item\":\"https:\/\/www.pcvue.com\/fr\/\"},{\"@type\":\"ListItem\",\"position\":2,\"name\":\"Nos offres\",\"item\":\"https:\/\/www.pcvue.com\/our-offers\/\"},{\"@type\":\"ListItem\",\"position\":3,\"name\":\"Par Applications\",\"item\":\"https:\/\/www.pcvue.com\/our-offers\/by-application\/\"},{\"@type\":\"ListItem\",\"position\":4,\"name\":\"FrontVue &#8211; Interface utilisateur l\u00e9g\u00e8re\"}]},{\"@type\":\"WebSite\",\"@id\":\"https:\/\/www.pcvue.com\/fr\/#website\",\"url\":\"https:\/\/www.pcvue.com\/fr\/\",\"name\":\"PcVue\",\"description\":\"LET&#039;S ENGINEER\",\"publisher\":{\"@id\":\"https:\/\/www.pcvue.com\/fr\/#organization\"},\"potentialAction\":[{\"@type\":\"SearchAction\",\"target\":{\"@type\":\"EntryPoint\",\"urlTemplate\":\"https:\/\/www.pcvue.com\/fr\/?s={search_term_string}\"},\"query-input\":{\"@type\":\"PropertyValueSpecification\",\"valueRequired\":true,\"valueName\":\"search_term_string\"}}],\"inLanguage\":\"fr-FR\"},{\"@type\":\"Organization\",\"@id\":\"https:\/\/www.pcvue.com\/fr\/#organization\",\"name\":\"PcVue\",\"url\":\"https:\/\/www.pcvue.com\/fr\/\",\"logo\":{\"@type\":\"ImageObject\",\"inLanguage\":\"fr-FR\",\"@id\":\"https:\/\/www.pcvue.com\/fr\/#\/schema\/logo\/image\/\",\"url\":\"https:\/\/www.pcvue.com\/wp-content\/uploads\/2024\/04\/fullColor.svg\",\"contentUrl\":\"https:\/\/www.pcvue.com\/wp-content\/uploads\/2024\/04\/fullColor.svg\",\"caption\":\"PcVue\"},\"image\":{\"@id\":\"https:\/\/www.pcvue.com\/fr\/#\/schema\/logo\/image\/\"}}]}<\/script>\n<!-- \/ Yoast SEO plugin. -->","yoast_head_json":{"title":"FrontVue - Interface utilisateur l\u00e9g\u00e8re - PcVue","robots":{"index":"index","follow":"follow","max-snippet":"max-snippet:-1","max-image-preview":"max-image-preview:large","max-video-preview":"max-video-preview:-1"},"canonical":"https:\/\/www.pcvue.com\/fr\/nos-offres\/par-applications\/frontvue-interface-utilisateur-legere\/","og_locale":"fr_FR","og_type":"article","og_title":"FrontVue - Interface utilisateur l\u00e9g\u00e8re - PcVue","og_url":"https:\/\/www.pcvue.com\/fr\/nos-offres\/par-applications\/frontvue-interface-utilisateur-legere\/","og_site_name":"PcVue","article_modified_time":"2024-10-02T09:18:50+00:00","twitter_card":"summary_large_image","schema":{"@context":"https:\/\/schema.org","@graph":[{"@type":"WebPage","@id":"https:\/\/www.pcvue.com\/fr\/nos-offres\/par-applications\/frontvue-interface-utilisateur-legere\/","url":"https:\/\/www.pcvue.com\/fr\/nos-offres\/par-applications\/frontvue-interface-utilisateur-legere\/","name":"FrontVue - Interface utilisateur l\u00e9g\u00e8re - PcVue","isPartOf":{"@id":"https:\/\/www.pcvue.com\/fr\/#website"},"datePublished":"2024-07-04T11:51:33+00:00","dateModified":"2024-10-02T09:18:50+00:00","breadcrumb":{"@id":"https:\/\/www.pcvue.com\/fr\/nos-offres\/par-applications\/frontvue-interface-utilisateur-legere\/#breadcrumb"},"inLanguage":"fr-FR","potentialAction":[{"@type":"ReadAction","target":["https:\/\/www.pcvue.com\/fr\/nos-offres\/par-applications\/frontvue-interface-utilisateur-legere\/"]}]},{"@type":"BreadcrumbList","@id":"https:\/\/www.pcvue.com\/fr\/nos-offres\/par-applications\/frontvue-interface-utilisateur-legere\/#breadcrumb","itemListElement":[{"@type":"ListItem","position":1,"name":"Home","item":"https:\/\/www.pcvue.com\/fr\/"},{"@type":"ListItem","position":2,"name":"Nos offres","item":"https:\/\/www.pcvue.com\/our-offers\/"},{"@type":"ListItem","position":3,"name":"Par Applications","item":"https:\/\/www.pcvue.com\/our-offers\/by-application\/"},{"@type":"ListItem","position":4,"name":"FrontVue &#8211; Interface utilisateur l\u00e9g\u00e8re"}]},{"@type":"WebSite","@id":"https:\/\/www.pcvue.com\/fr\/#website","url":"https:\/\/www.pcvue.com\/fr\/","name":"PcVue","description":"LET&#039;S ENGINEER","publisher":{"@id":"https:\/\/www.pcvue.com\/fr\/#organization"},"potentialAction":[{"@type":"SearchAction","target":{"@type":"EntryPoint","urlTemplate":"https:\/\/www.pcvue.com\/fr\/?s={search_term_string}"},"query-input":{"@type":"PropertyValueSpecification","valueRequired":true,"valueName":"search_term_string"}}],"inLanguage":"fr-FR"},{"@type":"Organization","@id":"https:\/\/www.pcvue.com\/fr\/#organization","name":"PcVue","url":"https:\/\/www.pcvue.com\/fr\/","logo":{"@type":"ImageObject","inLanguage":"fr-FR","@id":"https:\/\/www.pcvue.com\/fr\/#\/schema\/logo\/image\/","url":"https:\/\/www.pcvue.com\/wp-content\/uploads\/2024\/04\/fullColor.svg","contentUrl":"https:\/\/www.pcvue.com\/wp-content\/uploads\/2024\/04\/fullColor.svg","caption":"PcVue"},"image":{"@id":"https:\/\/www.pcvue.com\/fr\/#\/schema\/logo\/image\/"}}]}},"_links":{"self":[{"href":"https:\/\/www.pcvue.com\/fr\/wp-json\/wp\/v2\/pages\/16369","targetHints":{"allow":["GET"]}}],"collection":[{"href":"https:\/\/www.pcvue.com\/fr\/wp-json\/wp\/v2\/pages"}],"about":[{"href":"https:\/\/www.pcvue.com\/fr\/wp-json\/wp\/v2\/types\/page"}],"author":[{"embeddable":true,"href":"https:\/\/www.pcvue.com\/fr\/wp-json\/wp\/v2\/users\/2227"}],"replies":[{"embeddable":true,"href":"https:\/\/www.pcvue.com\/fr\/wp-json\/wp\/v2\/comments?post=16369"}],"version-history":[{"count":11,"href":"https:\/\/www.pcvue.com\/fr\/wp-json\/wp\/v2\/pages\/16369\/revisions"}],"predecessor-version":[{"id":23331,"href":"https:\/\/www.pcvue.com\/fr\/wp-json\/wp\/v2\/pages\/16369\/revisions\/23331"}],"up":[{"embeddable":true,"href":"https:\/\/www.pcvue.com\/fr\/wp-json\/wp\/v2\/pages\/16333"}],"wp:attachment":[{"href":"https:\/\/www.pcvue.com\/fr\/wp-json\/wp\/v2\/media?parent=16369"}],"curies":[{"name":"wp","href":"https:\/\/api.w.org\/{rel}","templated":true}]}}