{"id":16926,"date":"2024-05-17T03:33:31","date_gmt":"2024-05-17T03:33:31","guid":{"rendered":"https:\/\/ig8df3bgexm.preview.infomaniak.website\/nos-offres\/par-applications\/fonctions-scada\/hub-de-donnees-pcvue\/pilotes-pour-lautomatisation-des-systemes-electriques\/"},"modified":"2024-10-01T15:57:50","modified_gmt":"2024-10-01T15:57:50","slug":"pilotes-pour-lautomatisation-des-systemes-electriques","status":"publish","type":"page","link":"https:\/\/www.pcvue.com\/fr\/nos-offres\/par-applications\/fonctions-scada\/hub-de-donnees-pcvue\/pilotes-pour-lautomatisation-des-systemes-electriques\/","title":{"rendered":"Protocoles pour la gestion \u00e9lectrique"},"content":{"rendered":"\n<p><\/p>\n\n\n\n    <div class=\"content-scada-page\">\n        \n                        <div class=\"type-block content-default\">\n                    <div class=\"border-all full-width\" data-aos=\"fade-up\"><p>PcVue propose tous les protocoles d\u00e9di\u00e9s \u00e0 <a href=\"https:\/\/www.pcvue.com\/fr\/nos-offres\/par-marche\/solutions-pour-lenergie\/\">la gestion \u00e9lectrique<\/a> . Avec les protocoles int\u00e9gr\u00e9s IEC et DNP3, PcVue offre des fonctionnalit\u00e9s avanc\u00e9es et prend en charge les normes adopt\u00e9es par la plupart des principaux acteurs du secteur \u00e9lectrique. L&#8217;int\u00e9gration des fonctions et services d\u00e9di\u00e9s au domaine de la gestion \u00e9lectrique font de PcVue une plateforme incontournable pour superviser tous les \u00e9l\u00e9ments de la chaine du r\u00e9seau \u00e9lectrique, de la production \u00e0 la distribution.<\/p>\n<\/div>\n            <\/div>\n    <div class=\"type-block content-list-icon-content\">\n        <div class=\"border-all wrapper\">\n                        <div class=\"content-wrapper\">\n                <div class=\"icon\">\n                                            <img decoding=\"async\" src=\"https:\/\/www.pcvue.com\/wp-content\/uploads\/2024\/06\/IEC-61850-1.png\" alt=\"IEC 61850 1\" loading=\"lazy\" \/>\n                                    <\/div>\n                                                    <div class=\"content\">\n                        <ul>\n<li><strong>IEC 61850 MMS Client DNV KEMA certified<\/strong><\/li>\n<\/ul>\n<p>Int\u00e9gr\u00e9s \u00e0 PcVue, nous prenons en charge toute la gamme d&#8217;objets et de services n\u00e9cessaires pour s&#8217;interfacer avec les appareils \u00e9lectroniques intelligents d\u00e9ploy\u00e9s dans les syst\u00e8mes \u00e9lectriques et l&#8217;automatisation des sous-stations. L&#8217;utilisation d&#8217;un protocole int\u00e9gr\u00e9 vous permet de b\u00e9n\u00e9ficier de l&#8217;ensemble du mod\u00e8le d&#8217;information et des capacit\u00e9s de contr\u00f4le sans les inconv\u00e9nients li\u00e9s \u00e0 la configuration et \u00e0 la maintenance des convertisseurs de protocole. Une plateforme unique pour les services de gestion \u00e9lectrique. PcVue a re\u00e7u le certificat de conformit\u00e9 pour sa mise en \u0153uvre IEC 61850 de DNV KEMA, l&#8217;organisme de test leader dans le domaine de l&#8217;\u00e9nergie. La certification a \u00e9t\u00e9 obtenue apr\u00e8s des tests effectu\u00e9s au KEMA Protocol Competence and Test Center \u00e0 Arnhem, aux Pays-Bas, et a valid\u00e9 que le protocole PcVue 61850 r\u00e9pond aux exigences d\u00e9finies par le groupe d&#8217;utilisateurs internationaux de l&#8217;UCA.<\/p>\n                                                    <a class=\"button arrow\" href=\"https:\/\/www.pcvue.com\/resource\/dnv-certificate\/\" target=\"_self\">Certificat KEMA<\/a>\n                                            <\/div>\n                            <\/div>\n                        <div class=\"content-wrapper\">\n                <div class=\"icon\">\n                                            <img decoding=\"async\" src=\"https:\/\/www.pcvue.com\/wp-content\/uploads\/2024\/06\/IEC-104.png\" alt=\"IEC 104\" loading=\"lazy\" \/>\n                                    <\/div>\n                                                    <div class=\"content\">\n                        <ul>\n<li><strong>IEC 60870-5-104 Outstation<\/strong><\/li>\n<li><strong>IEC 60870-5-101\/104 Client<\/strong><\/li>\n<\/ul>\n<p>La norme IEC est utilis\u00e9e dans les centres de contr\u00f4le de r\u00e9seau, les installations hydro\u00e9lectriques, les sites industriels, les syst\u00e8mes ferroviaires, etc. Le protocole IEC 104 int\u00e9gr\u00e9 \u00e0 PcVue prend notamment en charge les donn\u00e9es et les services pour les commandes doubles, les positions des disjoncteurs, les mesures.<\/p>\n                                            <\/div>\n                            <\/div>\n                        <div class=\"content-wrapper\">\n                <div class=\"icon\">\n                                            <img decoding=\"async\" src=\"https:\/\/www.pcvue.com\/wp-content\/uploads\/2024\/09\/ICCP.png\" alt=\"ICCP\" loading=\"lazy\" \/>\n                                    <\/div>\n                                                    <div class=\"content\">\n                        <ul>\n<li><strong>ICCP \u2014 IEC 60870\u20136\/ TASE.2<\/strong><\/li>\n<\/ul>\n<p>L&#8217;ICCP (Inter-Control Center Communications Protocol) est un protocole standard pour les communications entre les centres de contr\u00f4le des r\u00e9seaux \u00e9lectriques et fait partie de la norme IEC 60870-6 sous le nom de TASE.2 Telecontrol Application Service Element 2.<\/p>\n                                            <\/div>\n                            <\/div>\n                        <div class=\"content-wrapper\">\n                <div class=\"icon\">\n                                            <img decoding=\"async\" src=\"https:\/\/www.pcvue.com\/wp-content\/uploads\/2024\/09\/IEC-61400.png\" alt=\"IEC 61400\" loading=\"lazy\" \/>\n                                    <\/div>\n                                                    <div class=\"content\">\n                        <ul>\n<li><strong>IEC 61400-25<\/strong><\/li>\n<\/ul>\n<p>La norme internationale 61400-25 (Communications pour la surveillance et le contr\u00f4le des centrales \u00e9oliennes) assure un \u00e9change d&#8217;informations uniforme pour la surveillance et le contr\u00f4le des centrales \u00e9oliennes. La norme IEC 61400-25 sert de base pour simplifier les r\u00f4les que doivent jouer les syst\u00e8mes \u00e9oliens et SCADA.<\/p>\n                                            <\/div>\n                            <\/div>\n                        <div class=\"content-wrapper\">\n                <div class=\"icon\">\n                                            <img decoding=\"async\" src=\"https:\/\/www.pcvue.com\/wp-content\/uploads\/2024\/06\/DNP3.png\" alt=\"DNP3\" loading=\"lazy\" \/>\n                                    <\/div>\n                                                    <div class=\"content\">\n                        <ul>\n<li><strong>DNP3<\/strong><\/li>\n<\/ul>\n<p>Le protocole DNP a \u00e9t\u00e9 d\u00e9velopp\u00e9 comme une solution d&#8217;interop\u00e9rabilit\u00e9 bas\u00e9e sur des normes entre les sous-stations, les RTU, les appareils \u00e9lectroniques intelligents (IED) et les stations principales et est utilis\u00e9 dans de nombreux secteurs, notamment les services publics d&#8217;\u00e9lectricit\u00e9\/distribution d&#8217;\u00e9nergie et la gestion de l&#8217;eau\/des eaux us\u00e9es. Le protocole DNP 3.0 int\u00e9gr\u00e9 de PcVue vous permet de contr\u00f4ler et de g\u00e9rer les p\u00e9riph\u00e9riques localement ou \u00e0 distance. ARC Informatique est membre du groupe d&#8217;utilisateurs DNP.<\/p>\n                                                    <a class=\"button arrow\" href=\"https:\/\/www.pcvue.com\/resource\/dnp3-device-profile\/\" target=\"_self\">Profil Equipement DNP3<\/a>\n                                            <\/div>\n                            <\/div>\n                    <\/div>\n    <\/div>\n        <div class=\"type-block content-button\">\n            <a class=\"button arrow\" href=\"https:\/\/www.pcvue.com\/resource\/pics-for-iec104-61850-dnp3-bacnet\/\" target=\"_self\">T\u00e9l\u00e9chargez le Protocol Implementation Conformance Statement (PICS) pour IEC104 \u2013 61850 \u2013 DNP3 \u2013 BACnet<\/a>\n        <\/div>\n    \n    <div class=\"content-quote\">\n        <div class=\"border-all\">\n            \n                                    <div class=\"info-all-quote\">\n                                                    \n                                            <\/div>\n                \n                \n                    <\/div>\n    <\/div>\n            <\/div>\n\n","protected":false},"excerpt":{"rendered":"","protected":false},"author":1,"featured_media":16939,"parent":16504,"menu_order":0,"comment_status":"closed","ping_status":"closed","template":"templates\/scada.php","meta":{"_acf_changed":false,"content-type":"","footnotes":""},"class_list":["post-16926","page","type-page","status-publish","has-post-thumbnail","hentry"],"acf":[],"yoast_head":"<!-- This site is optimized with the Yoast SEO plugin v26.4 - https:\/\/yoast.com\/wordpress\/plugins\/seo\/ -->\n<title>Protocoles pour la gestion \u00e9lectrique - PcVue<\/title>\n<meta name=\"robots\" content=\"index, follow, max-snippet:-1, max-image-preview:large, max-video-preview:-1\" \/>\n<link rel=\"canonical\" href=\"https:\/\/www.pcvue.com\/fr\/nos-offres\/par-applications\/fonctions-scada\/hub-de-donnees-pcvue\/pilotes-pour-lautomatisation-des-systemes-electriques\/\" \/>\n<meta property=\"og:locale\" content=\"fr_FR\" \/>\n<meta property=\"og:type\" content=\"article\" \/>\n<meta property=\"og:title\" content=\"Protocoles pour la gestion \u00e9lectrique - PcVue\" \/>\n<meta property=\"og:url\" content=\"https:\/\/www.pcvue.com\/fr\/nos-offres\/par-applications\/fonctions-scada\/hub-de-donnees-pcvue\/pilotes-pour-lautomatisation-des-systemes-electriques\/\" \/>\n<meta property=\"og:site_name\" content=\"PcVue\" \/>\n<meta property=\"article:modified_time\" content=\"2024-10-01T15:57:50+00:00\" \/>\n<meta property=\"og:image\" content=\"https:\/\/www.pcvue.com\/wp-content\/uploads\/2024\/05\/engineer-checking-resistance-in-solar-panels-outdo-2022-04-27-02-10-04-utc-2-8.png\" \/>\n\t<meta property=\"og:image:width\" content=\"500\" \/>\n\t<meta property=\"og:image:height\" content=\"390\" \/>\n\t<meta property=\"og:image:type\" content=\"image\/png\" \/>\n<meta name=\"twitter:card\" content=\"summary_large_image\" \/>\n<meta name=\"twitter:label1\" content=\"Dur\u00e9e de lecture estim\u00e9e\" \/>\n\t<meta name=\"twitter:data1\" content=\"1 minute\" \/>\n<script type=\"application\/ld+json\" class=\"yoast-schema-graph\">{\"@context\":\"https:\/\/schema.org\",\"@graph\":[{\"@type\":\"WebPage\",\"@id\":\"https:\/\/www.pcvue.com\/fr\/nos-offres\/par-applications\/fonctions-scada\/hub-de-donnees-pcvue\/pilotes-pour-lautomatisation-des-systemes-electriques\/\",\"url\":\"https:\/\/www.pcvue.com\/fr\/nos-offres\/par-applications\/fonctions-scada\/hub-de-donnees-pcvue\/pilotes-pour-lautomatisation-des-systemes-electriques\/\",\"name\":\"Protocoles pour la gestion \u00e9lectrique - PcVue\",\"isPartOf\":{\"@id\":\"https:\/\/www.pcvue.com\/fr\/#website\"},\"primaryImageOfPage\":{\"@id\":\"https:\/\/www.pcvue.com\/fr\/nos-offres\/par-applications\/fonctions-scada\/hub-de-donnees-pcvue\/pilotes-pour-lautomatisation-des-systemes-electriques\/#primaryimage\"},\"image\":{\"@id\":\"https:\/\/www.pcvue.com\/fr\/nos-offres\/par-applications\/fonctions-scada\/hub-de-donnees-pcvue\/pilotes-pour-lautomatisation-des-systemes-electriques\/#primaryimage\"},\"thumbnailUrl\":\"https:\/\/www.pcvue.com\/wp-content\/uploads\/2024\/05\/engineer-checking-resistance-in-solar-panels-outdo-2022-04-27-02-10-04-utc-2-8.png\",\"datePublished\":\"2024-05-17T03:33:31+00:00\",\"dateModified\":\"2024-10-01T15:57:50+00:00\",\"breadcrumb\":{\"@id\":\"https:\/\/www.pcvue.com\/fr\/nos-offres\/par-applications\/fonctions-scada\/hub-de-donnees-pcvue\/pilotes-pour-lautomatisation-des-systemes-electriques\/#breadcrumb\"},\"inLanguage\":\"fr-FR\",\"potentialAction\":[{\"@type\":\"ReadAction\",\"target\":[\"https:\/\/www.pcvue.com\/fr\/nos-offres\/par-applications\/fonctions-scada\/hub-de-donnees-pcvue\/pilotes-pour-lautomatisation-des-systemes-electriques\/\"]}]},{\"@type\":\"ImageObject\",\"inLanguage\":\"fr-FR\",\"@id\":\"https:\/\/www.pcvue.com\/fr\/nos-offres\/par-applications\/fonctions-scada\/hub-de-donnees-pcvue\/pilotes-pour-lautomatisation-des-systemes-electriques\/#primaryimage\",\"url\":\"https:\/\/www.pcvue.com\/wp-content\/uploads\/2024\/05\/engineer-checking-resistance-in-solar-panels-outdo-2022-04-27-02-10-04-utc-2-8.png\",\"contentUrl\":\"https:\/\/www.pcvue.com\/wp-content\/uploads\/2024\/05\/engineer-checking-resistance-in-solar-panels-outdo-2022-04-27-02-10-04-utc-2-8.png\",\"width\":500,\"height\":390,\"caption\":\"engineer checking resistance in solar panels outdo 2022 04 27 02 10 04 utc 2 8\"},{\"@type\":\"BreadcrumbList\",\"@id\":\"https:\/\/www.pcvue.com\/fr\/nos-offres\/par-applications\/fonctions-scada\/hub-de-donnees-pcvue\/pilotes-pour-lautomatisation-des-systemes-electriques\/#breadcrumb\",\"itemListElement\":[{\"@type\":\"ListItem\",\"position\":1,\"name\":\"Home\",\"item\":\"https:\/\/www.pcvue.com\/fr\/\"},{\"@type\":\"ListItem\",\"position\":2,\"name\":\"Nos offres\",\"item\":\"https:\/\/www.pcvue.com\/our-offers\/\"},{\"@type\":\"ListItem\",\"position\":3,\"name\":\"Par Applications\",\"item\":\"https:\/\/www.pcvue.com\/our-offers\/by-application\/\"},{\"@type\":\"ListItem\",\"position\":4,\"name\":\"Fonctions SCADA\",\"item\":\"https:\/\/www.pcvue.com\/fr\/nos-offres\/par-applications\/fonctions-scada\/\"},{\"@type\":\"ListItem\",\"position\":5,\"name\":\"HUB de donn\u00e9es PcVue\",\"item\":\"https:\/\/www.pcvue.com\/fr\/nos-offres\/par-applications\/fonctions-scada\/hub-de-donnees-pcvue\/\"},{\"@type\":\"ListItem\",\"position\":6,\"name\":\"Protocoles pour la gestion \u00e9lectrique\"}]},{\"@type\":\"WebSite\",\"@id\":\"https:\/\/www.pcvue.com\/fr\/#website\",\"url\":\"https:\/\/www.pcvue.com\/fr\/\",\"name\":\"PcVue\",\"description\":\"LET&#039;S ENGINEER\",\"publisher\":{\"@id\":\"https:\/\/www.pcvue.com\/fr\/#organization\"},\"potentialAction\":[{\"@type\":\"SearchAction\",\"target\":{\"@type\":\"EntryPoint\",\"urlTemplate\":\"https:\/\/www.pcvue.com\/fr\/?s={search_term_string}\"},\"query-input\":{\"@type\":\"PropertyValueSpecification\",\"valueRequired\":true,\"valueName\":\"search_term_string\"}}],\"inLanguage\":\"fr-FR\"},{\"@type\":\"Organization\",\"@id\":\"https:\/\/www.pcvue.com\/fr\/#organization\",\"name\":\"PcVue\",\"url\":\"https:\/\/www.pcvue.com\/fr\/\",\"logo\":{\"@type\":\"ImageObject\",\"inLanguage\":\"fr-FR\",\"@id\":\"https:\/\/www.pcvue.com\/fr\/#\/schema\/logo\/image\/\",\"url\":\"https:\/\/www.pcvue.com\/wp-content\/uploads\/2024\/04\/fullColor.svg\",\"contentUrl\":\"https:\/\/www.pcvue.com\/wp-content\/uploads\/2024\/04\/fullColor.svg\",\"caption\":\"PcVue\"},\"image\":{\"@id\":\"https:\/\/www.pcvue.com\/fr\/#\/schema\/logo\/image\/\"}}]}<\/script>\n<!-- \/ Yoast SEO plugin. -->","yoast_head_json":{"title":"Protocoles pour la gestion \u00e9lectrique - PcVue","robots":{"index":"index","follow":"follow","max-snippet":"max-snippet:-1","max-image-preview":"max-image-preview:large","max-video-preview":"max-video-preview:-1"},"canonical":"https:\/\/www.pcvue.com\/fr\/nos-offres\/par-applications\/fonctions-scada\/hub-de-donnees-pcvue\/pilotes-pour-lautomatisation-des-systemes-electriques\/","og_locale":"fr_FR","og_type":"article","og_title":"Protocoles pour la gestion \u00e9lectrique - PcVue","og_url":"https:\/\/www.pcvue.com\/fr\/nos-offres\/par-applications\/fonctions-scada\/hub-de-donnees-pcvue\/pilotes-pour-lautomatisation-des-systemes-electriques\/","og_site_name":"PcVue","article_modified_time":"2024-10-01T15:57:50+00:00","og_image":[{"width":500,"height":390,"url":"https:\/\/www.pcvue.com\/wp-content\/uploads\/2024\/05\/engineer-checking-resistance-in-solar-panels-outdo-2022-04-27-02-10-04-utc-2-8.png","type":"image\/png"}],"twitter_card":"summary_large_image","twitter_misc":{"Dur\u00e9e de lecture estim\u00e9e":"1 minute"},"schema":{"@context":"https:\/\/schema.org","@graph":[{"@type":"WebPage","@id":"https:\/\/www.pcvue.com\/fr\/nos-offres\/par-applications\/fonctions-scada\/hub-de-donnees-pcvue\/pilotes-pour-lautomatisation-des-systemes-electriques\/","url":"https:\/\/www.pcvue.com\/fr\/nos-offres\/par-applications\/fonctions-scada\/hub-de-donnees-pcvue\/pilotes-pour-lautomatisation-des-systemes-electriques\/","name":"Protocoles pour la gestion \u00e9lectrique - PcVue","isPartOf":{"@id":"https:\/\/www.pcvue.com\/fr\/#website"},"primaryImageOfPage":{"@id":"https:\/\/www.pcvue.com\/fr\/nos-offres\/par-applications\/fonctions-scada\/hub-de-donnees-pcvue\/pilotes-pour-lautomatisation-des-systemes-electriques\/#primaryimage"},"image":{"@id":"https:\/\/www.pcvue.com\/fr\/nos-offres\/par-applications\/fonctions-scada\/hub-de-donnees-pcvue\/pilotes-pour-lautomatisation-des-systemes-electriques\/#primaryimage"},"thumbnailUrl":"https:\/\/www.pcvue.com\/wp-content\/uploads\/2024\/05\/engineer-checking-resistance-in-solar-panels-outdo-2022-04-27-02-10-04-utc-2-8.png","datePublished":"2024-05-17T03:33:31+00:00","dateModified":"2024-10-01T15:57:50+00:00","breadcrumb":{"@id":"https:\/\/www.pcvue.com\/fr\/nos-offres\/par-applications\/fonctions-scada\/hub-de-donnees-pcvue\/pilotes-pour-lautomatisation-des-systemes-electriques\/#breadcrumb"},"inLanguage":"fr-FR","potentialAction":[{"@type":"ReadAction","target":["https:\/\/www.pcvue.com\/fr\/nos-offres\/par-applications\/fonctions-scada\/hub-de-donnees-pcvue\/pilotes-pour-lautomatisation-des-systemes-electriques\/"]}]},{"@type":"ImageObject","inLanguage":"fr-FR","@id":"https:\/\/www.pcvue.com\/fr\/nos-offres\/par-applications\/fonctions-scada\/hub-de-donnees-pcvue\/pilotes-pour-lautomatisation-des-systemes-electriques\/#primaryimage","url":"https:\/\/www.pcvue.com\/wp-content\/uploads\/2024\/05\/engineer-checking-resistance-in-solar-panels-outdo-2022-04-27-02-10-04-utc-2-8.png","contentUrl":"https:\/\/www.pcvue.com\/wp-content\/uploads\/2024\/05\/engineer-checking-resistance-in-solar-panels-outdo-2022-04-27-02-10-04-utc-2-8.png","width":500,"height":390,"caption":"engineer checking resistance in solar panels outdo 2022 04 27 02 10 04 utc 2 8"},{"@type":"BreadcrumbList","@id":"https:\/\/www.pcvue.com\/fr\/nos-offres\/par-applications\/fonctions-scada\/hub-de-donnees-pcvue\/pilotes-pour-lautomatisation-des-systemes-electriques\/#breadcrumb","itemListElement":[{"@type":"ListItem","position":1,"name":"Home","item":"https:\/\/www.pcvue.com\/fr\/"},{"@type":"ListItem","position":2,"name":"Nos offres","item":"https:\/\/www.pcvue.com\/our-offers\/"},{"@type":"ListItem","position":3,"name":"Par Applications","item":"https:\/\/www.pcvue.com\/our-offers\/by-application\/"},{"@type":"ListItem","position":4,"name":"Fonctions SCADA","item":"https:\/\/www.pcvue.com\/fr\/nos-offres\/par-applications\/fonctions-scada\/"},{"@type":"ListItem","position":5,"name":"HUB de donn\u00e9es PcVue","item":"https:\/\/www.pcvue.com\/fr\/nos-offres\/par-applications\/fonctions-scada\/hub-de-donnees-pcvue\/"},{"@type":"ListItem","position":6,"name":"Protocoles pour la gestion \u00e9lectrique"}]},{"@type":"WebSite","@id":"https:\/\/www.pcvue.com\/fr\/#website","url":"https:\/\/www.pcvue.com\/fr\/","name":"PcVue","description":"LET&#039;S ENGINEER","publisher":{"@id":"https:\/\/www.pcvue.com\/fr\/#organization"},"potentialAction":[{"@type":"SearchAction","target":{"@type":"EntryPoint","urlTemplate":"https:\/\/www.pcvue.com\/fr\/?s={search_term_string}"},"query-input":{"@type":"PropertyValueSpecification","valueRequired":true,"valueName":"search_term_string"}}],"inLanguage":"fr-FR"},{"@type":"Organization","@id":"https:\/\/www.pcvue.com\/fr\/#organization","name":"PcVue","url":"https:\/\/www.pcvue.com\/fr\/","logo":{"@type":"ImageObject","inLanguage":"fr-FR","@id":"https:\/\/www.pcvue.com\/fr\/#\/schema\/logo\/image\/","url":"https:\/\/www.pcvue.com\/wp-content\/uploads\/2024\/04\/fullColor.svg","contentUrl":"https:\/\/www.pcvue.com\/wp-content\/uploads\/2024\/04\/fullColor.svg","caption":"PcVue"},"image":{"@id":"https:\/\/www.pcvue.com\/fr\/#\/schema\/logo\/image\/"}}]}},"_links":{"self":[{"href":"https:\/\/www.pcvue.com\/fr\/wp-json\/wp\/v2\/pages\/16926","targetHints":{"allow":["GET"]}}],"collection":[{"href":"https:\/\/www.pcvue.com\/fr\/wp-json\/wp\/v2\/pages"}],"about":[{"href":"https:\/\/www.pcvue.com\/fr\/wp-json\/wp\/v2\/types\/page"}],"author":[{"embeddable":true,"href":"https:\/\/www.pcvue.com\/fr\/wp-json\/wp\/v2\/users\/1"}],"replies":[{"embeddable":true,"href":"https:\/\/www.pcvue.com\/fr\/wp-json\/wp\/v2\/comments?post=16926"}],"version-history":[{"count":12,"href":"https:\/\/www.pcvue.com\/fr\/wp-json\/wp\/v2\/pages\/16926\/revisions"}],"predecessor-version":[{"id":23210,"href":"https:\/\/www.pcvue.com\/fr\/wp-json\/wp\/v2\/pages\/16926\/revisions\/23210"}],"up":[{"embeddable":true,"href":"https:\/\/www.pcvue.com\/fr\/wp-json\/wp\/v2\/pages\/16504"}],"wp:featuredmedia":[{"embeddable":true,"href":"https:\/\/www.pcvue.com\/fr\/wp-json\/wp\/v2\/media\/16939"}],"wp:attachment":[{"href":"https:\/\/www.pcvue.com\/fr\/wp-json\/wp\/v2\/media?parent=16926"}],"curies":[{"name":"wp","href":"https:\/\/api.w.org\/{rel}","templated":true}]}}