{"id":16946,"date":"2024-05-17T03:07:35","date_gmt":"2024-05-17T03:07:35","guid":{"rendered":"https:\/\/ig8df3bgexm.preview.infomaniak.website\/nos-offres\/par-applications\/fonctions-scada\/hub-de-donnees-pcvue\/pilotes-pour-les-systemes-de-gestion-des-batiments\/"},"modified":"2024-09-17T13:16:55","modified_gmt":"2024-09-17T13:16:55","slug":"pilotes-pour-les-systemes-de-gestion-des-batiments","status":"publish","type":"page","link":"https:\/\/www.pcvue.com\/fr\/nos-offres\/par-applications\/fonctions-scada\/hub-de-donnees-pcvue\/pilotes-pour-les-systemes-de-gestion-des-batiments\/","title":{"rendered":"Protocoles pour les smart buildings"},"content":{"rendered":"\n    <div class=\"content-scada-page\">\n        \n                        <div class=\"type-block content-default\">\n                    <div class=\"border-all full-width\" data-aos=\"fade-up\"><p>PcVue prend en charge l&#8217;ensemble des\u00a0 protocoles standards utilis\u00e9s pour la gestion de b\u00e2timent.<\/p>\n<\/div>\n            <\/div>\n    <div class=\"content-image\">\n                                    <div class=\"border-image alignleft\" data-aos=\"fade-up\">\n                    <picture>\n                        <source media=\"(max-width:767.98px)\" srcset=\"https:\/\/www.pcvue.com\/wp-content\/uploads\/2024\/08\/2024-08-07-22_08_14-PcVue-Platform-Technical-features-en-V16_1.pptx-PowerPoint.png\">\n                        <img decoding=\"async\" src=\"https:\/\/www.pcvue.com\/wp-content\/uploads\/2024\/08\/2024-08-07-22_08_14-PcVue-Platform-Technical-features-en-V16_1.pptx-PowerPoint.png\" alt=\"image\" loading=\"lazy\" \/>\n                    <\/picture>\n                <\/div>\n                        <\/div>\n            <\/div>\n\n\n\n\n    <div class=\"content-scada-page\">\n                    <h5 class=\"title-block\" data-aos=\"fade-up\">\n                BACnet\u00ae : une norme de r\u00e9f\u00e9rence pour les BMS            <\/h5>\n        \n                        <div class=\"type-block content-default\">\n                    <div class=\"border-all full-width\" data-aos=\"fade-up\"><p>L&#8217;interface client BACnet\u00ae int\u00e9gr\u00e9e dans PcVue permet d&#8217;acc\u00e9der aux donn\u00e9es en temps r\u00e9el de votre \u00e9quipement BACnet\u00ae sur les r\u00e9seaux BACnet\/IP. Des informations d&#8217;\u00e9tat et de diagnostic sont \u00e9galement disponibles pour les objets de communication BACnet\u00ae, ainsi que des moyens directs de d\u00e9marrage et d&#8217;arr\u00eat des \u00e9changes de donn\u00e9es. Ces outils vous assistent \u00e9galement lors des \u00e9tapes de test et de validation. PcVue prend \u00e9galement en charge de nombreuses fonctionnalit\u00e9s pour BACnet telles que :<\/p>\n<ol>\n<li>Prise en charge des dispositifs de gestion de diffusion BACnet\u00ae (BBMD),<\/li>\n<li>Prise en charge des tables de donn\u00e9es \u00e9trang\u00e8res (FDT)<\/li>\n<li>Navigation hors ligne avec fichiers au format EDE<\/li>\n<li>Prise en charge des rapports intrins\u00e8ques \u2013 Notification d\u2019alarmes BACnet : PcVue peut \u00eatre configur\u00e9 pour pouvoir recevoir des notifications d\u2019alarme\/d\u2019\u00e9v\u00e9nement \u00e0 partir d\u2019objets des \u00e9quipements<\/li>\n<li>Prise en charge des horaires et des calendriers,<\/li>\n<li>Commande et retour d&#8217;information de l&#8217;utilisateur,<\/li>\n<li>Prise en charge de la segmentation.<\/li>\n<li>Acceptation des Trendlogs<\/li>\n<\/ol>\n<\/div>\n            <\/div>\n            <\/div>\n\n\n\n\n    <div class=\"content-scada-page\">\n                    <h5 class=\"title-block\" data-aos=\"fade-up\">\n                LonWorks\u00ae : une norme de communication \u00e9tablie de longue date            <\/h5>\n        \n                        <div class=\"type-block content-default\">\n                    <div class=\"border-all full-width\" data-aos=\"fade-up\"><ol>\n<li>Compatible avec Izot Net Server 4.5 (OpenLNS) Dialog Semiconductors RENESAS\u00ae (Echelon\u00ae)<\/li>\n<li>Prise en charge des variables SNVT et UNVT<\/li>\n<li>Propri\u00e9t\u00e9s de configuration de l&#8217;\u00e9quipement support\u00e9es (SCPT et UCPT)<\/li>\n<li>Reconnaissance des Objets LonMark\u00ae et ex\u00e9cution des \u00ab plug-ins \u00bb mis \u00e0 disposition par les fabricants<\/li>\n<li>Lors de la mise en place d&#8217;un r\u00e9seau LonWorks\u00ae, l&#8217;interop\u00e9rabilit\u00e9 est garantie par la publication des profils LonMark\u00ae utilis\u00e9s.<\/li>\n<li>Gestion du recloisonement<\/li>\n<\/ol>\n<p>&nbsp;<\/p>\n<\/div>\n            <\/div>\n            <\/div>\n\n\n\n\n    <div class=\"content-scada-page\">\n                    <h5 class=\"title-block full-width\" data-aos=\"fade-up\">\n                OPC            <\/h5>\n        \n                        <div class=\"type-block content-default\">\n                    <div class=\"border-all full-width\" data-aos=\"fade-up\"><ol>\n<li>OPC DA (v1.0, v2.0, v3.0) Client\/Server<\/li>\n<li>OPC UA (v1.03)<\/li>\n<li>OPC XML (v1.0)<\/li>\n<\/ol>\n<\/div>\n            <\/div>\n            <\/div>\n\n\n\n\n    <div class=\"content-scada-page\">\n                    <h5 class=\"title-block full-width\" data-aos=\"fade-up\">\n                KNX            <\/h5>\n        \n                        <div class=\"type-block content-default\">\n                    <div class=\"border-all full-width\" data-aos=\"fade-up\"><\/div>\n            <\/div>\n            <\/div>\n\n\n\n\n    <div class=\"content-scada-page\">\n                    <h5 class=\"title-block full-width\" data-aos=\"fade-up\">\n                Modbus            <\/h5>\n        \n                        <div class=\"type-block content-default\">\n                    <div class=\"border-all full-width\" data-aos=\"fade-up\"><ol>\n<li>Modbus\/JBus serial<\/li>\n<li>Modbus\/TCP master\/slave<\/li>\n<\/ol>\n<\/div>\n            <\/div>\n            <\/div>\n\n","protected":false},"excerpt":{"rendered":"","protected":false},"author":1,"featured_media":16947,"parent":16504,"menu_order":0,"comment_status":"closed","ping_status":"closed","template":"templates\/scada.php","meta":{"_acf_changed":false,"content-type":"","footnotes":""},"class_list":["post-16946","page","type-page","status-publish","has-post-thumbnail","hentry"],"acf":[],"yoast_head":"<!-- This site is optimized with the Yoast SEO plugin v26.4 - https:\/\/yoast.com\/wordpress\/plugins\/seo\/ -->\n<title>Protocoles pour les smart buildings - PcVue<\/title>\n<meta name=\"robots\" content=\"index, follow, max-snippet:-1, max-image-preview:large, max-video-preview:-1\" \/>\n<link rel=\"canonical\" href=\"https:\/\/www.pcvue.com\/fr\/nos-offres\/par-applications\/fonctions-scada\/hub-de-donnees-pcvue\/pilotes-pour-les-systemes-de-gestion-des-batiments\/\" \/>\n<meta property=\"og:locale\" content=\"fr_FR\" \/>\n<meta property=\"og:type\" content=\"article\" \/>\n<meta property=\"og:title\" content=\"Protocoles pour les smart buildings - PcVue\" \/>\n<meta property=\"og:url\" content=\"https:\/\/www.pcvue.com\/fr\/nos-offres\/par-applications\/fonctions-scada\/hub-de-donnees-pcvue\/pilotes-pour-les-systemes-de-gestion-des-batiments\/\" \/>\n<meta property=\"og:site_name\" content=\"PcVue\" \/>\n<meta property=\"article:modified_time\" content=\"2024-09-17T13:16:55+00:00\" \/>\n<meta property=\"og:image\" content=\"https:\/\/www.pcvue.com\/wp-content\/uploads\/2024\/05\/engineer-checking-resistance-in-solar-panels-outdo-2022-04-27-02-10-04-utc-2-7.png\" \/>\n\t<meta property=\"og:image:width\" content=\"500\" \/>\n\t<meta property=\"og:image:height\" content=\"390\" \/>\n\t<meta property=\"og:image:type\" content=\"image\/png\" \/>\n<meta name=\"twitter:card\" content=\"summary_large_image\" \/>\n<meta name=\"twitter:label1\" content=\"Dur\u00e9e de lecture estim\u00e9e\" \/>\n\t<meta name=\"twitter:data1\" content=\"1 minute\" \/>\n<script type=\"application\/ld+json\" class=\"yoast-schema-graph\">{\"@context\":\"https:\/\/schema.org\",\"@graph\":[{\"@type\":\"WebPage\",\"@id\":\"https:\/\/www.pcvue.com\/fr\/nos-offres\/par-applications\/fonctions-scada\/hub-de-donnees-pcvue\/pilotes-pour-les-systemes-de-gestion-des-batiments\/\",\"url\":\"https:\/\/www.pcvue.com\/fr\/nos-offres\/par-applications\/fonctions-scada\/hub-de-donnees-pcvue\/pilotes-pour-les-systemes-de-gestion-des-batiments\/\",\"name\":\"Protocoles pour les smart buildings - PcVue\",\"isPartOf\":{\"@id\":\"https:\/\/www.pcvue.com\/fr\/#website\"},\"primaryImageOfPage\":{\"@id\":\"https:\/\/www.pcvue.com\/fr\/nos-offres\/par-applications\/fonctions-scada\/hub-de-donnees-pcvue\/pilotes-pour-les-systemes-de-gestion-des-batiments\/#primaryimage\"},\"image\":{\"@id\":\"https:\/\/www.pcvue.com\/fr\/nos-offres\/par-applications\/fonctions-scada\/hub-de-donnees-pcvue\/pilotes-pour-les-systemes-de-gestion-des-batiments\/#primaryimage\"},\"thumbnailUrl\":\"https:\/\/www.pcvue.com\/wp-content\/uploads\/2024\/05\/engineer-checking-resistance-in-solar-panels-outdo-2022-04-27-02-10-04-utc-2-7.png\",\"datePublished\":\"2024-05-17T03:07:35+00:00\",\"dateModified\":\"2024-09-17T13:16:55+00:00\",\"breadcrumb\":{\"@id\":\"https:\/\/www.pcvue.com\/fr\/nos-offres\/par-applications\/fonctions-scada\/hub-de-donnees-pcvue\/pilotes-pour-les-systemes-de-gestion-des-batiments\/#breadcrumb\"},\"inLanguage\":\"fr-FR\",\"potentialAction\":[{\"@type\":\"ReadAction\",\"target\":[\"https:\/\/www.pcvue.com\/fr\/nos-offres\/par-applications\/fonctions-scada\/hub-de-donnees-pcvue\/pilotes-pour-les-systemes-de-gestion-des-batiments\/\"]}]},{\"@type\":\"ImageObject\",\"inLanguage\":\"fr-FR\",\"@id\":\"https:\/\/www.pcvue.com\/fr\/nos-offres\/par-applications\/fonctions-scada\/hub-de-donnees-pcvue\/pilotes-pour-les-systemes-de-gestion-des-batiments\/#primaryimage\",\"url\":\"https:\/\/www.pcvue.com\/wp-content\/uploads\/2024\/05\/engineer-checking-resistance-in-solar-panels-outdo-2022-04-27-02-10-04-utc-2-7.png\",\"contentUrl\":\"https:\/\/www.pcvue.com\/wp-content\/uploads\/2024\/05\/engineer-checking-resistance-in-solar-panels-outdo-2022-04-27-02-10-04-utc-2-7.png\",\"width\":500,\"height\":390,\"caption\":\"engineer checking resistance in solar panels outdo 2022 04 27 02 10 04 utc 2 7\"},{\"@type\":\"BreadcrumbList\",\"@id\":\"https:\/\/www.pcvue.com\/fr\/nos-offres\/par-applications\/fonctions-scada\/hub-de-donnees-pcvue\/pilotes-pour-les-systemes-de-gestion-des-batiments\/#breadcrumb\",\"itemListElement\":[{\"@type\":\"ListItem\",\"position\":1,\"name\":\"Home\",\"item\":\"https:\/\/www.pcvue.com\/fr\/\"},{\"@type\":\"ListItem\",\"position\":2,\"name\":\"Nos offres\",\"item\":\"https:\/\/www.pcvue.com\/our-offers\/\"},{\"@type\":\"ListItem\",\"position\":3,\"name\":\"Par Applications\",\"item\":\"https:\/\/www.pcvue.com\/our-offers\/by-application\/\"},{\"@type\":\"ListItem\",\"position\":4,\"name\":\"Fonctions SCADA\",\"item\":\"https:\/\/www.pcvue.com\/fr\/nos-offres\/par-applications\/fonctions-scada\/\"},{\"@type\":\"ListItem\",\"position\":5,\"name\":\"HUB de donn\u00e9es PcVue\",\"item\":\"https:\/\/www.pcvue.com\/fr\/nos-offres\/par-applications\/fonctions-scada\/hub-de-donnees-pcvue\/\"},{\"@type\":\"ListItem\",\"position\":6,\"name\":\"Protocoles pour les smart buildings\"}]},{\"@type\":\"WebSite\",\"@id\":\"https:\/\/www.pcvue.com\/fr\/#website\",\"url\":\"https:\/\/www.pcvue.com\/fr\/\",\"name\":\"PcVue\",\"description\":\"LET&#039;S ENGINEER\",\"publisher\":{\"@id\":\"https:\/\/www.pcvue.com\/fr\/#organization\"},\"potentialAction\":[{\"@type\":\"SearchAction\",\"target\":{\"@type\":\"EntryPoint\",\"urlTemplate\":\"https:\/\/www.pcvue.com\/fr\/?s={search_term_string}\"},\"query-input\":{\"@type\":\"PropertyValueSpecification\",\"valueRequired\":true,\"valueName\":\"search_term_string\"}}],\"inLanguage\":\"fr-FR\"},{\"@type\":\"Organization\",\"@id\":\"https:\/\/www.pcvue.com\/fr\/#organization\",\"name\":\"PcVue\",\"url\":\"https:\/\/www.pcvue.com\/fr\/\",\"logo\":{\"@type\":\"ImageObject\",\"inLanguage\":\"fr-FR\",\"@id\":\"https:\/\/www.pcvue.com\/fr\/#\/schema\/logo\/image\/\",\"url\":\"https:\/\/www.pcvue.com\/wp-content\/uploads\/2024\/04\/fullColor.svg\",\"contentUrl\":\"https:\/\/www.pcvue.com\/wp-content\/uploads\/2024\/04\/fullColor.svg\",\"caption\":\"PcVue\"},\"image\":{\"@id\":\"https:\/\/www.pcvue.com\/fr\/#\/schema\/logo\/image\/\"}}]}<\/script>\n<!-- \/ Yoast SEO plugin. -->","yoast_head_json":{"title":"Protocoles pour les smart buildings - PcVue","robots":{"index":"index","follow":"follow","max-snippet":"max-snippet:-1","max-image-preview":"max-image-preview:large","max-video-preview":"max-video-preview:-1"},"canonical":"https:\/\/www.pcvue.com\/fr\/nos-offres\/par-applications\/fonctions-scada\/hub-de-donnees-pcvue\/pilotes-pour-les-systemes-de-gestion-des-batiments\/","og_locale":"fr_FR","og_type":"article","og_title":"Protocoles pour les smart buildings - PcVue","og_url":"https:\/\/www.pcvue.com\/fr\/nos-offres\/par-applications\/fonctions-scada\/hub-de-donnees-pcvue\/pilotes-pour-les-systemes-de-gestion-des-batiments\/","og_site_name":"PcVue","article_modified_time":"2024-09-17T13:16:55+00:00","og_image":[{"width":500,"height":390,"url":"https:\/\/www.pcvue.com\/wp-content\/uploads\/2024\/05\/engineer-checking-resistance-in-solar-panels-outdo-2022-04-27-02-10-04-utc-2-7.png","type":"image\/png"}],"twitter_card":"summary_large_image","twitter_misc":{"Dur\u00e9e de lecture estim\u00e9e":"1 minute"},"schema":{"@context":"https:\/\/schema.org","@graph":[{"@type":"WebPage","@id":"https:\/\/www.pcvue.com\/fr\/nos-offres\/par-applications\/fonctions-scada\/hub-de-donnees-pcvue\/pilotes-pour-les-systemes-de-gestion-des-batiments\/","url":"https:\/\/www.pcvue.com\/fr\/nos-offres\/par-applications\/fonctions-scada\/hub-de-donnees-pcvue\/pilotes-pour-les-systemes-de-gestion-des-batiments\/","name":"Protocoles pour les smart buildings - PcVue","isPartOf":{"@id":"https:\/\/www.pcvue.com\/fr\/#website"},"primaryImageOfPage":{"@id":"https:\/\/www.pcvue.com\/fr\/nos-offres\/par-applications\/fonctions-scada\/hub-de-donnees-pcvue\/pilotes-pour-les-systemes-de-gestion-des-batiments\/#primaryimage"},"image":{"@id":"https:\/\/www.pcvue.com\/fr\/nos-offres\/par-applications\/fonctions-scada\/hub-de-donnees-pcvue\/pilotes-pour-les-systemes-de-gestion-des-batiments\/#primaryimage"},"thumbnailUrl":"https:\/\/www.pcvue.com\/wp-content\/uploads\/2024\/05\/engineer-checking-resistance-in-solar-panels-outdo-2022-04-27-02-10-04-utc-2-7.png","datePublished":"2024-05-17T03:07:35+00:00","dateModified":"2024-09-17T13:16:55+00:00","breadcrumb":{"@id":"https:\/\/www.pcvue.com\/fr\/nos-offres\/par-applications\/fonctions-scada\/hub-de-donnees-pcvue\/pilotes-pour-les-systemes-de-gestion-des-batiments\/#breadcrumb"},"inLanguage":"fr-FR","potentialAction":[{"@type":"ReadAction","target":["https:\/\/www.pcvue.com\/fr\/nos-offres\/par-applications\/fonctions-scada\/hub-de-donnees-pcvue\/pilotes-pour-les-systemes-de-gestion-des-batiments\/"]}]},{"@type":"ImageObject","inLanguage":"fr-FR","@id":"https:\/\/www.pcvue.com\/fr\/nos-offres\/par-applications\/fonctions-scada\/hub-de-donnees-pcvue\/pilotes-pour-les-systemes-de-gestion-des-batiments\/#primaryimage","url":"https:\/\/www.pcvue.com\/wp-content\/uploads\/2024\/05\/engineer-checking-resistance-in-solar-panels-outdo-2022-04-27-02-10-04-utc-2-7.png","contentUrl":"https:\/\/www.pcvue.com\/wp-content\/uploads\/2024\/05\/engineer-checking-resistance-in-solar-panels-outdo-2022-04-27-02-10-04-utc-2-7.png","width":500,"height":390,"caption":"engineer checking resistance in solar panels outdo 2022 04 27 02 10 04 utc 2 7"},{"@type":"BreadcrumbList","@id":"https:\/\/www.pcvue.com\/fr\/nos-offres\/par-applications\/fonctions-scada\/hub-de-donnees-pcvue\/pilotes-pour-les-systemes-de-gestion-des-batiments\/#breadcrumb","itemListElement":[{"@type":"ListItem","position":1,"name":"Home","item":"https:\/\/www.pcvue.com\/fr\/"},{"@type":"ListItem","position":2,"name":"Nos offres","item":"https:\/\/www.pcvue.com\/our-offers\/"},{"@type":"ListItem","position":3,"name":"Par Applications","item":"https:\/\/www.pcvue.com\/our-offers\/by-application\/"},{"@type":"ListItem","position":4,"name":"Fonctions SCADA","item":"https:\/\/www.pcvue.com\/fr\/nos-offres\/par-applications\/fonctions-scada\/"},{"@type":"ListItem","position":5,"name":"HUB de donn\u00e9es PcVue","item":"https:\/\/www.pcvue.com\/fr\/nos-offres\/par-applications\/fonctions-scada\/hub-de-donnees-pcvue\/"},{"@type":"ListItem","position":6,"name":"Protocoles pour les smart buildings"}]},{"@type":"WebSite","@id":"https:\/\/www.pcvue.com\/fr\/#website","url":"https:\/\/www.pcvue.com\/fr\/","name":"PcVue","description":"LET&#039;S ENGINEER","publisher":{"@id":"https:\/\/www.pcvue.com\/fr\/#organization"},"potentialAction":[{"@type":"SearchAction","target":{"@type":"EntryPoint","urlTemplate":"https:\/\/www.pcvue.com\/fr\/?s={search_term_string}"},"query-input":{"@type":"PropertyValueSpecification","valueRequired":true,"valueName":"search_term_string"}}],"inLanguage":"fr-FR"},{"@type":"Organization","@id":"https:\/\/www.pcvue.com\/fr\/#organization","name":"PcVue","url":"https:\/\/www.pcvue.com\/fr\/","logo":{"@type":"ImageObject","inLanguage":"fr-FR","@id":"https:\/\/www.pcvue.com\/fr\/#\/schema\/logo\/image\/","url":"https:\/\/www.pcvue.com\/wp-content\/uploads\/2024\/04\/fullColor.svg","contentUrl":"https:\/\/www.pcvue.com\/wp-content\/uploads\/2024\/04\/fullColor.svg","caption":"PcVue"},"image":{"@id":"https:\/\/www.pcvue.com\/fr\/#\/schema\/logo\/image\/"}}]}},"_links":{"self":[{"href":"https:\/\/www.pcvue.com\/fr\/wp-json\/wp\/v2\/pages\/16946","targetHints":{"allow":["GET"]}}],"collection":[{"href":"https:\/\/www.pcvue.com\/fr\/wp-json\/wp\/v2\/pages"}],"about":[{"href":"https:\/\/www.pcvue.com\/fr\/wp-json\/wp\/v2\/types\/page"}],"author":[{"embeddable":true,"href":"https:\/\/www.pcvue.com\/fr\/wp-json\/wp\/v2\/users\/1"}],"replies":[{"embeddable":true,"href":"https:\/\/www.pcvue.com\/fr\/wp-json\/wp\/v2\/comments?post=16946"}],"version-history":[{"count":5,"href":"https:\/\/www.pcvue.com\/fr\/wp-json\/wp\/v2\/pages\/16946\/revisions"}],"predecessor-version":[{"id":22049,"href":"https:\/\/www.pcvue.com\/fr\/wp-json\/wp\/v2\/pages\/16946\/revisions\/22049"}],"up":[{"embeddable":true,"href":"https:\/\/www.pcvue.com\/fr\/wp-json\/wp\/v2\/pages\/16504"}],"wp:featuredmedia":[{"embeddable":true,"href":"https:\/\/www.pcvue.com\/fr\/wp-json\/wp\/v2\/media\/16947"}],"wp:attachment":[{"href":"https:\/\/www.pcvue.com\/fr\/wp-json\/wp\/v2\/media?parent=16946"}],"curies":[{"name":"wp","href":"https:\/\/api.w.org\/{rel}","templated":true}]}}