{"id":16949,"date":"2024-05-15T07:00:25","date_gmt":"2024-05-15T07:00:25","guid":{"rendered":"https:\/\/ig8df3bgexm.preview.infomaniak.website\/nos-offres\/par-applications\/fonctions-scada\/hub-de-donnees-pcvue\/pilotes-pour-linformatique\/"},"modified":"2024-08-12T12:41:11","modified_gmt":"2024-08-12T12:41:11","slug":"pilotes-pour-linformatique","status":"publish","type":"page","link":"https:\/\/www.pcvue.com\/fr\/nos-offres\/par-applications\/fonctions-scada\/hub-de-donnees-pcvue\/pilotes-pour-linformatique\/","title":{"rendered":"Protocoles pour l&#8217;IT"},"content":{"rendered":"\n    <div class=\"content-scada-page\">\n        \n                        <div class=\"type-block content-icon-content\">\n        <div class=\"border-all wrapper\">\n                                                <div class=\"icon\">\n                        <img decoding=\"async\" src=\"https:\/\/www.pcvue.com\/wp-content\/uploads\/2024\/06\/SNMP-e1718011872252.png\" alt=\"SNMP e1718011872252\" loading=\"lazy\" \/>\n                    <\/div>\n                                                    <div class=\"content\"><p>PcVue int\u00e8gre SNMP (Simple Network Management Protocol), utilis\u00e9 par les \u00e9quipes informatiques pour la gestion des r\u00e9seaux. SNMP est la base de nombreux outils et applications utilis\u00e9s par les op\u00e9rateurs et les administrateurs r\u00e9seau pour la surveillance, la gestion et le d\u00e9pannage des r\u00e9seaux et des p\u00e9riph\u00e9riques.<\/p>\n<\/div>\n                                    <\/div>\n    <\/div>\n            <\/div>\n\n\n\n\n    <div class=\"content-scada-page\">\n                    <h5 class=\"title-block\" data-aos=\"fade-up\">\n                Surveillez\/ pilotez tous les appareils de votre r\u00e9seau : du plus basique au plus s\u00e9curis\u00e9            <\/h5>\n        \n                        <div class=\"type-block content-default\">\n                    <div class=\"border-all full-width\" data-aos=\"fade-up\"><ol>\n<li>PcVue agit comme SNMP manager<\/li>\n<li>Toutes les versions SNMP sont prises en charge : V1, V2\/V2c, V3 \u2013 Authentification et cryptage<\/li>\n<li>Gestion PING (ICMP) pour les p\u00e9riph\u00e9riques non manageable<\/li>\n<li>Prise en charge de plusieurs fournisseurs<\/li>\n<li>Routeurs, commutateurs, serveurs, imprimantes, onduleurs, automates, capteurs, \u2026<\/li>\n<\/ol>\n<\/div>\n            <\/div>\n            <\/div>\n\n\n\n\n    <div class=\"content-scada-page\">\n        \n                        <div class=\"type-block content-default\">\n                    <div class=\"border-all full-width\" data-aos=\"fade-up\"><\/div>\n            <\/div>\n            <\/div>\n\n\n\n\n    <div class=\"content-scada-page\">\n                    <h5 class=\"title-block\" data-aos=\"fade-up\">\n                Optimis\u00e9 pour les r\u00e9seaux \u00e0 grande \u00e9chelle            <\/h5>\n        \n                        <div class=\"type-block content-default\">\n                    <div class=\"border-all full-width\" data-aos=\"fade-up\"><ol>\n<li>Jusqu&#8217;\u00e0 1000 p\u00e9riph\u00e9riques SNMP<\/li>\n<li>500 requ\u00eates SNMP simultan\u00e9es<\/li>\n<li>Redondance transparente<\/li>\n<\/ol>\n<\/div>\n            <\/div>\n    <div class=\"content-list-content\">\n        <div class=\"border-all wrapper\">\n                        <div class=\"content-wrapper\">\n                                    <h5 class=\"title-block full-width aos-init aos-animate\" data-aos=\"fade-up\">Int\u00e9gration simplifi\u00e9e de vos appareils<\/h5>\n                                                    <div class=\"content\"><p>Navigateur MIB int\u00e9gr\u00e9 &#8211; Navigation en ligne\/hors ligne &#8211; Fichiers MIB communs install\u00e9s<br \/>\nLe navigateur MIB int\u00e9gr\u00e9 facilite l&#8217;acc\u00e8s aux fichiers MIB La navigation en ligne permet de mapper facilement un nouvel appareil connect\u00e9 sur le r\u00e9seau en utilisant les fichiers MIB associ\u00e9s. Les fichiers MIB courants sont install\u00e9s afin que vous puissiez connecter et configurer de nombreux p\u00e9riph\u00e9riques courants tels que des imprimantes, sans avoir besoin d&#8217;importer les fichiers MIB<\/p>\n<\/div>\n                                            <\/div>\n                        <div class=\"content-wrapper\">\n                                    <h5 class=\"title-block full-width aos-init aos-animate\" data-aos=\"fade-up\">Gestion des ports de commutateur intelligent <\/h5>\n                                                    <div class=\"content\"><p>Prise en charge des pi\u00e8ges avec des fonctionnalit\u00e9s am\u00e9lior\u00e9es<\/p>\n<\/div>\n                                            <\/div>\n                        <div class=\"content-wrapper\">\n                                    <h5 class=\"title-block full-width aos-init aos-animate\" data-aos=\"fade-up\">Configuration int\u00e9gr\u00e9e simple<\/h5>\n                                                    <div class=\"content\"><ol>\n<li>R\u00e9seau<\/li>\n<li>Equipements<\/li>\n<li>Variables<\/li>\n<li>Cartographie<\/li>\n<\/ol>\n<p> PcVue int\u00e8gre nativement une gestion de trap permettant d&#8217;utiliser une seule variable pour l&#8217;\u00e9tat d&#8217;un port envoy\u00e9 par un trap (link up et link down) ce qui facilite le traitement de l&#8217;animation.<\/p>\n<\/div>\n                                            <\/div>\n                        <div class=\"content-wrapper\">\n                                    <h5 class=\"title-block full-width aos-init aos-animate\" data-aos=\"fade-up\">Con\u00e7u pour un d\u00e9ploiement rapide<\/h5>\n                                                    <div class=\"content\"><ol>\n<li>Mod\u00e9lisation<\/li>\n<li>Biblioth\u00e8ques de mod\u00e8les pr\u00e9d\u00e9finies personnalisables<\/li>\n<\/ol>\n<\/div>\n                                            <\/div>\n                    <\/div>\n    <\/div>\n            <\/div>\n\n","protected":false},"excerpt":{"rendered":"","protected":false},"author":1,"featured_media":16507,"parent":16504,"menu_order":0,"comment_status":"closed","ping_status":"closed","template":"templates\/scada.php","meta":{"_acf_changed":false,"content-type":"","footnotes":""},"class_list":["post-16949","page","type-page","status-publish","has-post-thumbnail","hentry"],"acf":[],"yoast_head":"<!-- This site is optimized with the Yoast SEO plugin v26.4 - https:\/\/yoast.com\/wordpress\/plugins\/seo\/ -->\n<title>Protocoles pour l&#039;IT - PcVue<\/title>\n<meta name=\"robots\" content=\"index, follow, max-snippet:-1, max-image-preview:large, max-video-preview:-1\" \/>\n<link rel=\"canonical\" href=\"https:\/\/www.pcvue.com\/fr\/nos-offres\/par-applications\/fonctions-scada\/hub-de-donnees-pcvue\/pilotes-pour-linformatique\/\" \/>\n<meta property=\"og:locale\" content=\"fr_FR\" \/>\n<meta property=\"og:type\" content=\"article\" \/>\n<meta property=\"og:title\" content=\"Protocoles pour l&#039;IT - PcVue\" \/>\n<meta property=\"og:url\" content=\"https:\/\/www.pcvue.com\/fr\/nos-offres\/par-applications\/fonctions-scada\/hub-de-donnees-pcvue\/pilotes-pour-linformatique\/\" \/>\n<meta property=\"og:site_name\" content=\"PcVue\" \/>\n<meta property=\"article:modified_time\" content=\"2024-08-12T12:41:11+00:00\" \/>\n<meta property=\"og:image\" content=\"https:\/\/www.pcvue.com\/wp-content\/uploads\/2024\/05\/engineer-checking-resistance-in-solar-panels-outdo-2022-04-27-02-10-04-utc-2-10.png\" \/>\n\t<meta property=\"og:image:width\" content=\"500\" \/>\n\t<meta property=\"og:image:height\" content=\"391\" \/>\n\t<meta property=\"og:image:type\" content=\"image\/png\" \/>\n<meta name=\"twitter:card\" content=\"summary_large_image\" \/>\n<meta name=\"twitter:label1\" content=\"Dur\u00e9e de lecture estim\u00e9e\" \/>\n\t<meta name=\"twitter:data1\" content=\"1 minute\" \/>\n<script type=\"application\/ld+json\" class=\"yoast-schema-graph\">{\"@context\":\"https:\/\/schema.org\",\"@graph\":[{\"@type\":\"WebPage\",\"@id\":\"https:\/\/www.pcvue.com\/fr\/nos-offres\/par-applications\/fonctions-scada\/hub-de-donnees-pcvue\/pilotes-pour-linformatique\/\",\"url\":\"https:\/\/www.pcvue.com\/fr\/nos-offres\/par-applications\/fonctions-scada\/hub-de-donnees-pcvue\/pilotes-pour-linformatique\/\",\"name\":\"Protocoles pour l'IT - PcVue\",\"isPartOf\":{\"@id\":\"https:\/\/www.pcvue.com\/fr\/#website\"},\"primaryImageOfPage\":{\"@id\":\"https:\/\/www.pcvue.com\/fr\/nos-offres\/par-applications\/fonctions-scada\/hub-de-donnees-pcvue\/pilotes-pour-linformatique\/#primaryimage\"},\"image\":{\"@id\":\"https:\/\/www.pcvue.com\/fr\/nos-offres\/par-applications\/fonctions-scada\/hub-de-donnees-pcvue\/pilotes-pour-linformatique\/#primaryimage\"},\"thumbnailUrl\":\"https:\/\/www.pcvue.com\/wp-content\/uploads\/2024\/05\/engineer-checking-resistance-in-solar-panels-outdo-2022-04-27-02-10-04-utc-2-10.png\",\"datePublished\":\"2024-05-15T07:00:25+00:00\",\"dateModified\":\"2024-08-12T12:41:11+00:00\",\"breadcrumb\":{\"@id\":\"https:\/\/www.pcvue.com\/fr\/nos-offres\/par-applications\/fonctions-scada\/hub-de-donnees-pcvue\/pilotes-pour-linformatique\/#breadcrumb\"},\"inLanguage\":\"fr-FR\",\"potentialAction\":[{\"@type\":\"ReadAction\",\"target\":[\"https:\/\/www.pcvue.com\/fr\/nos-offres\/par-applications\/fonctions-scada\/hub-de-donnees-pcvue\/pilotes-pour-linformatique\/\"]}]},{\"@type\":\"ImageObject\",\"inLanguage\":\"fr-FR\",\"@id\":\"https:\/\/www.pcvue.com\/fr\/nos-offres\/par-applications\/fonctions-scada\/hub-de-donnees-pcvue\/pilotes-pour-linformatique\/#primaryimage\",\"url\":\"https:\/\/www.pcvue.com\/wp-content\/uploads\/2024\/05\/engineer-checking-resistance-in-solar-panels-outdo-2022-04-27-02-10-04-utc-2-10.png\",\"contentUrl\":\"https:\/\/www.pcvue.com\/wp-content\/uploads\/2024\/05\/engineer-checking-resistance-in-solar-panels-outdo-2022-04-27-02-10-04-utc-2-10.png\",\"width\":500,\"height\":391,\"caption\":\"engineer checking resistance in solar panels outdo 2022 04 27 02 10 04 utc 2 10\"},{\"@type\":\"BreadcrumbList\",\"@id\":\"https:\/\/www.pcvue.com\/fr\/nos-offres\/par-applications\/fonctions-scada\/hub-de-donnees-pcvue\/pilotes-pour-linformatique\/#breadcrumb\",\"itemListElement\":[{\"@type\":\"ListItem\",\"position\":1,\"name\":\"Home\",\"item\":\"https:\/\/www.pcvue.com\/fr\/\"},{\"@type\":\"ListItem\",\"position\":2,\"name\":\"Nos offres\",\"item\":\"https:\/\/www.pcvue.com\/our-offers\/\"},{\"@type\":\"ListItem\",\"position\":3,\"name\":\"Par Applications\",\"item\":\"https:\/\/www.pcvue.com\/our-offers\/by-application\/\"},{\"@type\":\"ListItem\",\"position\":4,\"name\":\"Fonctions SCADA\",\"item\":\"https:\/\/www.pcvue.com\/fr\/nos-offres\/par-applications\/fonctions-scada\/\"},{\"@type\":\"ListItem\",\"position\":5,\"name\":\"HUB de donn\u00e9es PcVue\",\"item\":\"https:\/\/www.pcvue.com\/fr\/nos-offres\/par-applications\/fonctions-scada\/hub-de-donnees-pcvue\/\"},{\"@type\":\"ListItem\",\"position\":6,\"name\":\"Protocoles pour l&#8217;IT\"}]},{\"@type\":\"WebSite\",\"@id\":\"https:\/\/www.pcvue.com\/fr\/#website\",\"url\":\"https:\/\/www.pcvue.com\/fr\/\",\"name\":\"PcVue\",\"description\":\"LET&#039;S ENGINEER\",\"publisher\":{\"@id\":\"https:\/\/www.pcvue.com\/fr\/#organization\"},\"potentialAction\":[{\"@type\":\"SearchAction\",\"target\":{\"@type\":\"EntryPoint\",\"urlTemplate\":\"https:\/\/www.pcvue.com\/fr\/?s={search_term_string}\"},\"query-input\":{\"@type\":\"PropertyValueSpecification\",\"valueRequired\":true,\"valueName\":\"search_term_string\"}}],\"inLanguage\":\"fr-FR\"},{\"@type\":\"Organization\",\"@id\":\"https:\/\/www.pcvue.com\/fr\/#organization\",\"name\":\"PcVue\",\"url\":\"https:\/\/www.pcvue.com\/fr\/\",\"logo\":{\"@type\":\"ImageObject\",\"inLanguage\":\"fr-FR\",\"@id\":\"https:\/\/www.pcvue.com\/fr\/#\/schema\/logo\/image\/\",\"url\":\"https:\/\/www.pcvue.com\/wp-content\/uploads\/2024\/04\/fullColor.svg\",\"contentUrl\":\"https:\/\/www.pcvue.com\/wp-content\/uploads\/2024\/04\/fullColor.svg\",\"caption\":\"PcVue\"},\"image\":{\"@id\":\"https:\/\/www.pcvue.com\/fr\/#\/schema\/logo\/image\/\"}}]}<\/script>\n<!-- \/ Yoast SEO plugin. -->","yoast_head_json":{"title":"Protocoles pour l'IT - PcVue","robots":{"index":"index","follow":"follow","max-snippet":"max-snippet:-1","max-image-preview":"max-image-preview:large","max-video-preview":"max-video-preview:-1"},"canonical":"https:\/\/www.pcvue.com\/fr\/nos-offres\/par-applications\/fonctions-scada\/hub-de-donnees-pcvue\/pilotes-pour-linformatique\/","og_locale":"fr_FR","og_type":"article","og_title":"Protocoles pour l'IT - PcVue","og_url":"https:\/\/www.pcvue.com\/fr\/nos-offres\/par-applications\/fonctions-scada\/hub-de-donnees-pcvue\/pilotes-pour-linformatique\/","og_site_name":"PcVue","article_modified_time":"2024-08-12T12:41:11+00:00","og_image":[{"width":500,"height":391,"url":"https:\/\/www.pcvue.com\/wp-content\/uploads\/2024\/05\/engineer-checking-resistance-in-solar-panels-outdo-2022-04-27-02-10-04-utc-2-10.png","type":"image\/png"}],"twitter_card":"summary_large_image","twitter_misc":{"Dur\u00e9e de lecture estim\u00e9e":"1 minute"},"schema":{"@context":"https:\/\/schema.org","@graph":[{"@type":"WebPage","@id":"https:\/\/www.pcvue.com\/fr\/nos-offres\/par-applications\/fonctions-scada\/hub-de-donnees-pcvue\/pilotes-pour-linformatique\/","url":"https:\/\/www.pcvue.com\/fr\/nos-offres\/par-applications\/fonctions-scada\/hub-de-donnees-pcvue\/pilotes-pour-linformatique\/","name":"Protocoles pour l'IT - PcVue","isPartOf":{"@id":"https:\/\/www.pcvue.com\/fr\/#website"},"primaryImageOfPage":{"@id":"https:\/\/www.pcvue.com\/fr\/nos-offres\/par-applications\/fonctions-scada\/hub-de-donnees-pcvue\/pilotes-pour-linformatique\/#primaryimage"},"image":{"@id":"https:\/\/www.pcvue.com\/fr\/nos-offres\/par-applications\/fonctions-scada\/hub-de-donnees-pcvue\/pilotes-pour-linformatique\/#primaryimage"},"thumbnailUrl":"https:\/\/www.pcvue.com\/wp-content\/uploads\/2024\/05\/engineer-checking-resistance-in-solar-panels-outdo-2022-04-27-02-10-04-utc-2-10.png","datePublished":"2024-05-15T07:00:25+00:00","dateModified":"2024-08-12T12:41:11+00:00","breadcrumb":{"@id":"https:\/\/www.pcvue.com\/fr\/nos-offres\/par-applications\/fonctions-scada\/hub-de-donnees-pcvue\/pilotes-pour-linformatique\/#breadcrumb"},"inLanguage":"fr-FR","potentialAction":[{"@type":"ReadAction","target":["https:\/\/www.pcvue.com\/fr\/nos-offres\/par-applications\/fonctions-scada\/hub-de-donnees-pcvue\/pilotes-pour-linformatique\/"]}]},{"@type":"ImageObject","inLanguage":"fr-FR","@id":"https:\/\/www.pcvue.com\/fr\/nos-offres\/par-applications\/fonctions-scada\/hub-de-donnees-pcvue\/pilotes-pour-linformatique\/#primaryimage","url":"https:\/\/www.pcvue.com\/wp-content\/uploads\/2024\/05\/engineer-checking-resistance-in-solar-panels-outdo-2022-04-27-02-10-04-utc-2-10.png","contentUrl":"https:\/\/www.pcvue.com\/wp-content\/uploads\/2024\/05\/engineer-checking-resistance-in-solar-panels-outdo-2022-04-27-02-10-04-utc-2-10.png","width":500,"height":391,"caption":"engineer checking resistance in solar panels outdo 2022 04 27 02 10 04 utc 2 10"},{"@type":"BreadcrumbList","@id":"https:\/\/www.pcvue.com\/fr\/nos-offres\/par-applications\/fonctions-scada\/hub-de-donnees-pcvue\/pilotes-pour-linformatique\/#breadcrumb","itemListElement":[{"@type":"ListItem","position":1,"name":"Home","item":"https:\/\/www.pcvue.com\/fr\/"},{"@type":"ListItem","position":2,"name":"Nos offres","item":"https:\/\/www.pcvue.com\/our-offers\/"},{"@type":"ListItem","position":3,"name":"Par Applications","item":"https:\/\/www.pcvue.com\/our-offers\/by-application\/"},{"@type":"ListItem","position":4,"name":"Fonctions SCADA","item":"https:\/\/www.pcvue.com\/fr\/nos-offres\/par-applications\/fonctions-scada\/"},{"@type":"ListItem","position":5,"name":"HUB de donn\u00e9es PcVue","item":"https:\/\/www.pcvue.com\/fr\/nos-offres\/par-applications\/fonctions-scada\/hub-de-donnees-pcvue\/"},{"@type":"ListItem","position":6,"name":"Protocoles pour l&#8217;IT"}]},{"@type":"WebSite","@id":"https:\/\/www.pcvue.com\/fr\/#website","url":"https:\/\/www.pcvue.com\/fr\/","name":"PcVue","description":"LET&#039;S ENGINEER","publisher":{"@id":"https:\/\/www.pcvue.com\/fr\/#organization"},"potentialAction":[{"@type":"SearchAction","target":{"@type":"EntryPoint","urlTemplate":"https:\/\/www.pcvue.com\/fr\/?s={search_term_string}"},"query-input":{"@type":"PropertyValueSpecification","valueRequired":true,"valueName":"search_term_string"}}],"inLanguage":"fr-FR"},{"@type":"Organization","@id":"https:\/\/www.pcvue.com\/fr\/#organization","name":"PcVue","url":"https:\/\/www.pcvue.com\/fr\/","logo":{"@type":"ImageObject","inLanguage":"fr-FR","@id":"https:\/\/www.pcvue.com\/fr\/#\/schema\/logo\/image\/","url":"https:\/\/www.pcvue.com\/wp-content\/uploads\/2024\/04\/fullColor.svg","contentUrl":"https:\/\/www.pcvue.com\/wp-content\/uploads\/2024\/04\/fullColor.svg","caption":"PcVue"},"image":{"@id":"https:\/\/www.pcvue.com\/fr\/#\/schema\/logo\/image\/"}}]}},"_links":{"self":[{"href":"https:\/\/www.pcvue.com\/fr\/wp-json\/wp\/v2\/pages\/16949","targetHints":{"allow":["GET"]}}],"collection":[{"href":"https:\/\/www.pcvue.com\/fr\/wp-json\/wp\/v2\/pages"}],"about":[{"href":"https:\/\/www.pcvue.com\/fr\/wp-json\/wp\/v2\/types\/page"}],"author":[{"embeddable":true,"href":"https:\/\/www.pcvue.com\/fr\/wp-json\/wp\/v2\/users\/1"}],"replies":[{"embeddable":true,"href":"https:\/\/www.pcvue.com\/fr\/wp-json\/wp\/v2\/comments?post=16949"}],"version-history":[{"count":5,"href":"https:\/\/www.pcvue.com\/fr\/wp-json\/wp\/v2\/pages\/16949\/revisions"}],"predecessor-version":[{"id":18223,"href":"https:\/\/www.pcvue.com\/fr\/wp-json\/wp\/v2\/pages\/16949\/revisions\/18223"}],"up":[{"embeddable":true,"href":"https:\/\/www.pcvue.com\/fr\/wp-json\/wp\/v2\/pages\/16504"}],"wp:featuredmedia":[{"embeddable":true,"href":"https:\/\/www.pcvue.com\/fr\/wp-json\/wp\/v2\/media\/16507"}],"wp:attachment":[{"href":"https:\/\/www.pcvue.com\/fr\/wp-json\/wp\/v2\/media?parent=16949"}],"curies":[{"name":"wp","href":"https:\/\/api.w.org\/{rel}","templated":true}]}}