{"id":17005,"date":"2024-05-18T11:48:40","date_gmt":"2024-05-18T11:48:40","guid":{"rendered":"https:\/\/ig8df3bgexm.preview.infomaniak.website\/nos-offres\/par-applications\/fonctions-scada\/journal-des-evenements-et-sequence-des-evenements\/"},"modified":"2024-09-19T09:07:49","modified_gmt":"2024-09-19T09:07:49","slug":"journal-des-evenements-et-sequence-des-evenements","status":"publish","type":"page","link":"https:\/\/www.pcvue.com\/fr\/nos-offres\/par-applications\/fonctions-scada\/journal-des-evenements-et-sequence-des-evenements\/","title":{"rendered":"Journal des \u00e9v\u00e9nements et s\u00e9quence des \u00e9v\u00e9nements"},"content":{"rendered":"\n    <div class=\"content-scada-page\">\n        \n                        <div class=\"type-block content-default\">\n                    <div class=\"border-all\" data-aos=\"fade-up\"><p>PcVue propose des fonctions d&#8217;enregistrement de s\u00e9quences d&#8217;\u00e9v\u00e9nements, notamment des \u00e9v\u00e9nements tels que l&#8217;\u00e9tat des alarmes, les actions des utilisateurs et les changements de valeur.<\/p>\n<p>Un composant natif appel\u00e9 &#8220;Logviewer&#8221; permet d&#8217;afficher une liste d&#8217;\u00e9v\u00e8nement. Le Logviewer est extr\u00eamement flexible tant dans son apparence que dans son fonctionnement et dispose d&#8217;un grand nombre de propri\u00e9t\u00e9s configurables.<\/p>\n<\/div>\n            <\/div>\n            <\/div>\n\n\n\n\n    <div class=\"content-scada-page\">\n        \n                        <div class=\"content-image\">\n                                    <div class=\"border-image\" data-aos=\"fade-up\">\n                    <picture>\n                        <source media=\"(max-width:767.98px)\" srcset=\"https:\/\/www.pcvue.com\/wp-content\/uploads\/2024\/05\/image-107.png\">\n                        <img decoding=\"async\" src=\"https:\/\/www.pcvue.com\/wp-content\/uploads\/2024\/05\/image-107.png\" alt=\"image\" loading=\"lazy\" \/>\n                    <\/picture>\n                <\/div>\n                        <\/div>\n            <\/div>\n\n\n\n\n    <div class=\"content-scada-page\">\n        \n                            <div class=\"type-block content-button\">\n            <a class=\"button arrow\" href=\"https:\/\/www.pcvue.com\/fr\/service-client\/formation\/\" target=\"_self\">Besoin de formation ?<\/a>\n        <\/div>\n    \n    <div class=\"content-quote\">\n        <div class=\"border-all\">\n            \n                                    <div class=\"info-all-quote\">\n                                                    \n                                            <\/div>\n                \n                \n                    <\/div>\n    <\/div>\n        <div class=\"type-block content-button\">\n            <a class=\"button arrow btn-view-pdf\" href=\"https:\/\/www.pcvue.com\/wp-content\/uploads\/2016\/10\/PcVue_Fonctionnalites_Brochure.pdf\" target=\"_self\">Plus de fonctionnalit\u00e9s<\/a>\n            <div class=\"flip-reader hidden\">\n                <div class=\"_df_thumb \" id=\"df_rand3724769961\"  data-title=\"\" wpoptions=\"true\" thumbtype=\"\" source=\"https:\/\/www.pcvue.com\/wp-content\/uploads\/2016\/10\/PcVue_Fonctionnalites_Brochure.pdf\" >Open Book<\/div>             <\/div>\n        <\/div>\n    \n    <div class=\"content-quote\">\n        <div class=\"border-all\">\n            \n                                    <div class=\"info-all-quote\">\n                                                    \n                                            <\/div>\n                \n                \n                    <\/div>\n    <\/div>\n            <\/div>\n\n","protected":false},"excerpt":{"rendered":"","protected":false},"author":1,"featured_media":0,"parent":15227,"menu_order":0,"comment_status":"closed","ping_status":"closed","template":"templates\/scada.php","meta":{"_acf_changed":false,"content-type":"","footnotes":""},"class_list":["post-17005","page","type-page","status-publish","hentry"],"acf":[],"yoast_head":"<!-- This site is optimized with the Yoast SEO plugin v26.4 - https:\/\/yoast.com\/wordpress\/plugins\/seo\/ -->\n<title>Journal des \u00e9v\u00e9nements et s\u00e9quence des \u00e9v\u00e9nements - PcVue<\/title>\n<meta name=\"robots\" content=\"index, follow, max-snippet:-1, max-image-preview:large, max-video-preview:-1\" \/>\n<link rel=\"canonical\" href=\"https:\/\/www.pcvue.com\/fr\/nos-offres\/par-applications\/fonctions-scada\/journal-des-evenements-et-sequence-des-evenements\/\" \/>\n<meta property=\"og:locale\" content=\"fr_FR\" \/>\n<meta property=\"og:type\" content=\"article\" \/>\n<meta property=\"og:title\" content=\"Journal des \u00e9v\u00e9nements et s\u00e9quence des \u00e9v\u00e9nements - PcVue\" \/>\n<meta property=\"og:url\" content=\"https:\/\/www.pcvue.com\/fr\/nos-offres\/par-applications\/fonctions-scada\/journal-des-evenements-et-sequence-des-evenements\/\" \/>\n<meta property=\"og:site_name\" content=\"PcVue\" \/>\n<meta property=\"article:modified_time\" content=\"2024-09-19T09:07:49+00:00\" \/>\n<meta name=\"twitter:card\" content=\"summary_large_image\" \/>\n<script type=\"application\/ld+json\" class=\"yoast-schema-graph\">{\"@context\":\"https:\/\/schema.org\",\"@graph\":[{\"@type\":\"WebPage\",\"@id\":\"https:\/\/www.pcvue.com\/fr\/nos-offres\/par-applications\/fonctions-scada\/journal-des-evenements-et-sequence-des-evenements\/\",\"url\":\"https:\/\/www.pcvue.com\/fr\/nos-offres\/par-applications\/fonctions-scada\/journal-des-evenements-et-sequence-des-evenements\/\",\"name\":\"Journal des \u00e9v\u00e9nements et s\u00e9quence des \u00e9v\u00e9nements - PcVue\",\"isPartOf\":{\"@id\":\"https:\/\/www.pcvue.com\/fr\/#website\"},\"datePublished\":\"2024-05-18T11:48:40+00:00\",\"dateModified\":\"2024-09-19T09:07:49+00:00\",\"breadcrumb\":{\"@id\":\"https:\/\/www.pcvue.com\/fr\/nos-offres\/par-applications\/fonctions-scada\/journal-des-evenements-et-sequence-des-evenements\/#breadcrumb\"},\"inLanguage\":\"fr-FR\",\"potentialAction\":[{\"@type\":\"ReadAction\",\"target\":[\"https:\/\/www.pcvue.com\/fr\/nos-offres\/par-applications\/fonctions-scada\/journal-des-evenements-et-sequence-des-evenements\/\"]}]},{\"@type\":\"BreadcrumbList\",\"@id\":\"https:\/\/www.pcvue.com\/fr\/nos-offres\/par-applications\/fonctions-scada\/journal-des-evenements-et-sequence-des-evenements\/#breadcrumb\",\"itemListElement\":[{\"@type\":\"ListItem\",\"position\":1,\"name\":\"Home\",\"item\":\"https:\/\/www.pcvue.com\/fr\/\"},{\"@type\":\"ListItem\",\"position\":2,\"name\":\"Nos offres\",\"item\":\"https:\/\/www.pcvue.com\/our-offers\/\"},{\"@type\":\"ListItem\",\"position\":3,\"name\":\"Par Applications\",\"item\":\"https:\/\/www.pcvue.com\/our-offers\/by-application\/\"},{\"@type\":\"ListItem\",\"position\":4,\"name\":\"Fonctions SCADA\",\"item\":\"https:\/\/www.pcvue.com\/fr\/nos-offres\/par-applications\/fonctions-scada\/\"},{\"@type\":\"ListItem\",\"position\":5,\"name\":\"Journal des \u00e9v\u00e9nements et s\u00e9quence des \u00e9v\u00e9nements\"}]},{\"@type\":\"WebSite\",\"@id\":\"https:\/\/www.pcvue.com\/fr\/#website\",\"url\":\"https:\/\/www.pcvue.com\/fr\/\",\"name\":\"PcVue\",\"description\":\"LET&#039;S ENGINEER\",\"publisher\":{\"@id\":\"https:\/\/www.pcvue.com\/fr\/#organization\"},\"potentialAction\":[{\"@type\":\"SearchAction\",\"target\":{\"@type\":\"EntryPoint\",\"urlTemplate\":\"https:\/\/www.pcvue.com\/fr\/?s={search_term_string}\"},\"query-input\":{\"@type\":\"PropertyValueSpecification\",\"valueRequired\":true,\"valueName\":\"search_term_string\"}}],\"inLanguage\":\"fr-FR\"},{\"@type\":\"Organization\",\"@id\":\"https:\/\/www.pcvue.com\/fr\/#organization\",\"name\":\"PcVue\",\"url\":\"https:\/\/www.pcvue.com\/fr\/\",\"logo\":{\"@type\":\"ImageObject\",\"inLanguage\":\"fr-FR\",\"@id\":\"https:\/\/www.pcvue.com\/fr\/#\/schema\/logo\/image\/\",\"url\":\"https:\/\/www.pcvue.com\/wp-content\/uploads\/2024\/04\/fullColor.svg\",\"contentUrl\":\"https:\/\/www.pcvue.com\/wp-content\/uploads\/2024\/04\/fullColor.svg\",\"caption\":\"PcVue\"},\"image\":{\"@id\":\"https:\/\/www.pcvue.com\/fr\/#\/schema\/logo\/image\/\"}}]}<\/script>\n<!-- \/ Yoast SEO plugin. -->","yoast_head_json":{"title":"Journal des \u00e9v\u00e9nements et s\u00e9quence des \u00e9v\u00e9nements - PcVue","robots":{"index":"index","follow":"follow","max-snippet":"max-snippet:-1","max-image-preview":"max-image-preview:large","max-video-preview":"max-video-preview:-1"},"canonical":"https:\/\/www.pcvue.com\/fr\/nos-offres\/par-applications\/fonctions-scada\/journal-des-evenements-et-sequence-des-evenements\/","og_locale":"fr_FR","og_type":"article","og_title":"Journal des \u00e9v\u00e9nements et s\u00e9quence des \u00e9v\u00e9nements - PcVue","og_url":"https:\/\/www.pcvue.com\/fr\/nos-offres\/par-applications\/fonctions-scada\/journal-des-evenements-et-sequence-des-evenements\/","og_site_name":"PcVue","article_modified_time":"2024-09-19T09:07:49+00:00","twitter_card":"summary_large_image","schema":{"@context":"https:\/\/schema.org","@graph":[{"@type":"WebPage","@id":"https:\/\/www.pcvue.com\/fr\/nos-offres\/par-applications\/fonctions-scada\/journal-des-evenements-et-sequence-des-evenements\/","url":"https:\/\/www.pcvue.com\/fr\/nos-offres\/par-applications\/fonctions-scada\/journal-des-evenements-et-sequence-des-evenements\/","name":"Journal des \u00e9v\u00e9nements et s\u00e9quence des \u00e9v\u00e9nements - PcVue","isPartOf":{"@id":"https:\/\/www.pcvue.com\/fr\/#website"},"datePublished":"2024-05-18T11:48:40+00:00","dateModified":"2024-09-19T09:07:49+00:00","breadcrumb":{"@id":"https:\/\/www.pcvue.com\/fr\/nos-offres\/par-applications\/fonctions-scada\/journal-des-evenements-et-sequence-des-evenements\/#breadcrumb"},"inLanguage":"fr-FR","potentialAction":[{"@type":"ReadAction","target":["https:\/\/www.pcvue.com\/fr\/nos-offres\/par-applications\/fonctions-scada\/journal-des-evenements-et-sequence-des-evenements\/"]}]},{"@type":"BreadcrumbList","@id":"https:\/\/www.pcvue.com\/fr\/nos-offres\/par-applications\/fonctions-scada\/journal-des-evenements-et-sequence-des-evenements\/#breadcrumb","itemListElement":[{"@type":"ListItem","position":1,"name":"Home","item":"https:\/\/www.pcvue.com\/fr\/"},{"@type":"ListItem","position":2,"name":"Nos offres","item":"https:\/\/www.pcvue.com\/our-offers\/"},{"@type":"ListItem","position":3,"name":"Par Applications","item":"https:\/\/www.pcvue.com\/our-offers\/by-application\/"},{"@type":"ListItem","position":4,"name":"Fonctions SCADA","item":"https:\/\/www.pcvue.com\/fr\/nos-offres\/par-applications\/fonctions-scada\/"},{"@type":"ListItem","position":5,"name":"Journal des \u00e9v\u00e9nements et s\u00e9quence des \u00e9v\u00e9nements"}]},{"@type":"WebSite","@id":"https:\/\/www.pcvue.com\/fr\/#website","url":"https:\/\/www.pcvue.com\/fr\/","name":"PcVue","description":"LET&#039;S ENGINEER","publisher":{"@id":"https:\/\/www.pcvue.com\/fr\/#organization"},"potentialAction":[{"@type":"SearchAction","target":{"@type":"EntryPoint","urlTemplate":"https:\/\/www.pcvue.com\/fr\/?s={search_term_string}"},"query-input":{"@type":"PropertyValueSpecification","valueRequired":true,"valueName":"search_term_string"}}],"inLanguage":"fr-FR"},{"@type":"Organization","@id":"https:\/\/www.pcvue.com\/fr\/#organization","name":"PcVue","url":"https:\/\/www.pcvue.com\/fr\/","logo":{"@type":"ImageObject","inLanguage":"fr-FR","@id":"https:\/\/www.pcvue.com\/fr\/#\/schema\/logo\/image\/","url":"https:\/\/www.pcvue.com\/wp-content\/uploads\/2024\/04\/fullColor.svg","contentUrl":"https:\/\/www.pcvue.com\/wp-content\/uploads\/2024\/04\/fullColor.svg","caption":"PcVue"},"image":{"@id":"https:\/\/www.pcvue.com\/fr\/#\/schema\/logo\/image\/"}}]}},"_links":{"self":[{"href":"https:\/\/www.pcvue.com\/fr\/wp-json\/wp\/v2\/pages\/17005","targetHints":{"allow":["GET"]}}],"collection":[{"href":"https:\/\/www.pcvue.com\/fr\/wp-json\/wp\/v2\/pages"}],"about":[{"href":"https:\/\/www.pcvue.com\/fr\/wp-json\/wp\/v2\/types\/page"}],"author":[{"embeddable":true,"href":"https:\/\/www.pcvue.com\/fr\/wp-json\/wp\/v2\/users\/1"}],"replies":[{"embeddable":true,"href":"https:\/\/www.pcvue.com\/fr\/wp-json\/wp\/v2\/comments?post=17005"}],"version-history":[{"count":5,"href":"https:\/\/www.pcvue.com\/fr\/wp-json\/wp\/v2\/pages\/17005\/revisions"}],"predecessor-version":[{"id":22245,"href":"https:\/\/www.pcvue.com\/fr\/wp-json\/wp\/v2\/pages\/17005\/revisions\/22245"}],"up":[{"embeddable":true,"href":"https:\/\/www.pcvue.com\/fr\/wp-json\/wp\/v2\/pages\/15227"}],"wp:attachment":[{"href":"https:\/\/www.pcvue.com\/fr\/wp-json\/wp\/v2\/media?parent=17005"}],"curies":[{"name":"wp","href":"https:\/\/api.w.org\/{rel}","templated":true}]}}