{"id":18568,"date":"2024-07-24T15:08:28","date_gmt":"2024-07-24T15:08:28","guid":{"rendered":"https:\/\/ig8df3bgexm.preview.infomaniak.website\/nos-offres\/par-applications\/cybersecurite\/"},"modified":"2024-10-01T17:38:45","modified_gmt":"2024-10-01T17:38:45","slug":"cybersecurite","status":"publish","type":"page","link":"https:\/\/www.pcvue.com\/fr\/nos-offres\/par-applications\/cybersecurite\/","title":{"rendered":"Cybers\u00e9curit\u00e9"},"content":{"rendered":"\n    <div class=\"content-scada-page\">\n        \n                        <div class=\"type-block content-heading-text\">\n                    <div class=\"border-all\">\n                <h2 class=\"heading-t\" data-aos=\"fade-up\"><p>PcVue s&#8217;engage pour la s\u00e9curit\u00e9<\/p>\n<\/h2>\n                <div class=\"text-t\" data-aos=\"fade-up\"><p>Les syst\u00e8mes informatiques sont expos\u00e9s \u00e0 des menaces de cyber-attaques pouvant mener \u00e0 de lourdes cons\u00e9quences. Les solutions que nous fournissons sont au c\u0153ur d&#8217;environnements sensibles, dans des installations automatis\u00e9es et dans des syst\u00e8mes con\u00e7us pour la s\u00e9curit\u00e9 et la s\u00fbret\u00e9 des personnes et des biens. Les risques doivent \u00eatre mesur\u00e9s et des solutions doivent \u00eatre mises en place afin de garantir la s\u00e9curit\u00e9 \u00e0 la fois des \u00e9quipements, de l\u2019environnement et dans certains cas des vies humaines.<\/p>\n<\/div>\n            <\/div>\n            <\/div>\n            <\/div>\n\n\n\n\n<div class=\"content-solutions-product\">\n                        <div class=\"container\">\n        <div class=\"content-quote\">\n            <div class=\"border-all\">\n                <div class=\"box-quote\" data-aos=\"fade-up\">\n                    <p>Nous nous engageons \u00e0 mettre en \u0153uvre la s\u00e9curit\u00e9 dans nos solutions \u00e0 tous les niveaux, de la conception \u00e0 la livraison.<\/p>\n                <\/div>\n            <\/div>\n        <\/div>\n    <\/div>\n\n           \n<\/div>\n\n\n\n\n    <div class=\"content-scada-page\">\n        \n                        <div class=\"type-block content-image-general\">\n                    <div class=\"border-all  img-right img-below no-heading\">\n                                    <div class=\"content-image\">\n                                                                                    <div class=\"border-image\" data-aos=\"fade-up\">\n\n                                    <a href=\"https:\/\/www.pcvue.com\/wp-content\/uploads\/2024\/10\/Fichier-4.png\" data-fancybox data-caption=\"Single image\">\n                                        <img decoding=\"async\" src=\"https:\/\/www.pcvue.com\/wp-content\/uploads\/2024\/10\/Fichier-4.png\" alt=\"image\" loading=\"lazy\" \/>\n                                    <\/a>\n\n                                <\/div>\n                                                                        <\/div>\n                                                                            <div class=\"box-content\">\n                                                                                                                    <div class=\"content-general\" data-aos=\"fade-up\"><p>Nous avons int\u00e9gr\u00e9 la gestion des cyber-risques et la cyber-r\u00e9silience \u00e0 notre processus qualit\u00e9 ISO 9001. Notre intention est d&#8217;\u00eatre transparents concernant toutes les vuln\u00e9rabilit\u00e9s d\u00e9couvertes ou signal\u00e9es, ainsi que les actions correctives \u00e0 mener afin de r\u00e9duire les risques pour nos clients.<br \/>\nCette transparence s&#8217;applique \u00e0 la communication avec l&#8217;industrie et le public sur ce que nous enseigne notre participation au groupe de travail de l&#8217;ANSSI et d&#8217;autres groupes de travail sur la cybers\u00e9curit\u00e9 au sein d&#8217;organismes de standardisation tels que la CEI et l&#8217;IEEE (Commission Electronique Internationale &amp; Institut des Ing\u00e9nieurs Electriciens et Electroniciens). Nous partageons nos connaissances afin d&#8217;am\u00e9liorer la cybers\u00e9curit\u00e9 des syst\u00e8mes de supervision pour tous.<\/p>\n<\/div>\n                            \n                                                    <\/div>\n                                                <\/div>\n            <\/div>\n            <\/div>\n\n\n\n\n<div class=\"content-what-new\">\n    <div class=\"container\">\n                        <div class=\"type-block content-heading-text\" data-aos=\"fade-up\">\n                    <div class=\"border-all\">\n                                <div class=\"border-content\">\n                                                                    <div class=\"border-download center\">\n                                                                                                            <div class=\"icon\">\n                                            <div class=\"border-icon\">\n                                                <img decoding=\"async\" src=\"https:\/\/www.pcvue.com\/wp-content\/uploads\/2024\/09\/WP-Cyber-EN.png\" alt=\"https:\/\/www.pcvue.com\/wp-content\/uploads\/2024\/09\/WP-Cyber-EN.png\" loading=\"lazy\" \/>\n                                            <\/div>\n                                        <\/div>\n                                                                                                                <div class=\"heading-down\">Livre blanc<\/div>\n                                                                                                                                                            <a href=\"https:\/\/www.pcvue.com\/wp-content\/uploads\/2024\/08\/WP_PcVue_Cybersecurity_FR.pdf\" class=\"button arrow btn-view-pdf\">T\u00e9l\u00e9chargez<\/a>\n                                            <div class=\"flip-reader hidden\">\n                                                <div class=\"_df_thumb \" id=\"df_rand3774567520\"  data-title=\"\" wpoptions=\"true\" thumbtype=\"\" source=\"https:\/\/www.pcvue.com\/wp-content\/uploads\/2024\/08\/WP_PcVue_Cybersecurity_FR.pdf\" >Open Book<\/div>                                             <\/div>\n                                                                                                                                        <\/div>\n                                    <\/div>\n            <\/div>\n            <\/div>\n\n            <\/div>\n<\/div>\n\n\n\n<p><\/p>\n\n\n\n<div class=\"content-solutions-product\">\n           \n<\/div>\n\n","protected":false},"excerpt":{"rendered":"","protected":false},"author":2227,"featured_media":0,"parent":16333,"menu_order":0,"comment_status":"closed","ping_status":"closed","template":"templates\/scada.php","meta":{"_acf_changed":false,"content-type":"","footnotes":""},"class_list":["post-18568","page","type-page","status-publish","hentry"],"acf":[],"yoast_head":"<!-- This site is optimized with the Yoast SEO plugin v26.4 - https:\/\/yoast.com\/wordpress\/plugins\/seo\/ -->\n<title>Cybers\u00e9curit\u00e9 - PcVue<\/title>\n<meta name=\"robots\" content=\"index, follow, max-snippet:-1, max-image-preview:large, max-video-preview:-1\" \/>\n<link rel=\"canonical\" href=\"https:\/\/www.pcvue.com\/fr\/nos-offres\/par-applications\/cybersecurite\/\" \/>\n<meta property=\"og:locale\" content=\"fr_FR\" \/>\n<meta property=\"og:type\" content=\"article\" \/>\n<meta property=\"og:title\" content=\"Cybers\u00e9curit\u00e9 - PcVue\" \/>\n<meta property=\"og:url\" content=\"https:\/\/www.pcvue.com\/fr\/nos-offres\/par-applications\/cybersecurite\/\" \/>\n<meta property=\"og:site_name\" content=\"PcVue\" \/>\n<meta property=\"article:modified_time\" content=\"2024-10-01T17:38:45+00:00\" \/>\n<meta name=\"twitter:card\" content=\"summary_large_image\" \/>\n<script type=\"application\/ld+json\" class=\"yoast-schema-graph\">{\"@context\":\"https:\/\/schema.org\",\"@graph\":[{\"@type\":\"WebPage\",\"@id\":\"https:\/\/www.pcvue.com\/fr\/nos-offres\/par-applications\/cybersecurite\/\",\"url\":\"https:\/\/www.pcvue.com\/fr\/nos-offres\/par-applications\/cybersecurite\/\",\"name\":\"Cybers\u00e9curit\u00e9 - PcVue\",\"isPartOf\":{\"@id\":\"https:\/\/www.pcvue.com\/fr\/#website\"},\"datePublished\":\"2024-07-24T15:08:28+00:00\",\"dateModified\":\"2024-10-01T17:38:45+00:00\",\"breadcrumb\":{\"@id\":\"https:\/\/www.pcvue.com\/fr\/nos-offres\/par-applications\/cybersecurite\/#breadcrumb\"},\"inLanguage\":\"fr-FR\",\"potentialAction\":[{\"@type\":\"ReadAction\",\"target\":[\"https:\/\/www.pcvue.com\/fr\/nos-offres\/par-applications\/cybersecurite\/\"]}]},{\"@type\":\"BreadcrumbList\",\"@id\":\"https:\/\/www.pcvue.com\/fr\/nos-offres\/par-applications\/cybersecurite\/#breadcrumb\",\"itemListElement\":[{\"@type\":\"ListItem\",\"position\":1,\"name\":\"Home\",\"item\":\"https:\/\/www.pcvue.com\/fr\/\"},{\"@type\":\"ListItem\",\"position\":2,\"name\":\"Nos offres\",\"item\":\"https:\/\/www.pcvue.com\/our-offers\/\"},{\"@type\":\"ListItem\",\"position\":3,\"name\":\"Par Applications\",\"item\":\"https:\/\/www.pcvue.com\/our-offers\/by-application\/\"},{\"@type\":\"ListItem\",\"position\":4,\"name\":\"Cybers\u00e9curit\u00e9\"}]},{\"@type\":\"WebSite\",\"@id\":\"https:\/\/www.pcvue.com\/fr\/#website\",\"url\":\"https:\/\/www.pcvue.com\/fr\/\",\"name\":\"PcVue\",\"description\":\"LET&#039;S ENGINEER\",\"publisher\":{\"@id\":\"https:\/\/www.pcvue.com\/fr\/#organization\"},\"potentialAction\":[{\"@type\":\"SearchAction\",\"target\":{\"@type\":\"EntryPoint\",\"urlTemplate\":\"https:\/\/www.pcvue.com\/fr\/?s={search_term_string}\"},\"query-input\":{\"@type\":\"PropertyValueSpecification\",\"valueRequired\":true,\"valueName\":\"search_term_string\"}}],\"inLanguage\":\"fr-FR\"},{\"@type\":\"Organization\",\"@id\":\"https:\/\/www.pcvue.com\/fr\/#organization\",\"name\":\"PcVue\",\"url\":\"https:\/\/www.pcvue.com\/fr\/\",\"logo\":{\"@type\":\"ImageObject\",\"inLanguage\":\"fr-FR\",\"@id\":\"https:\/\/www.pcvue.com\/fr\/#\/schema\/logo\/image\/\",\"url\":\"https:\/\/www.pcvue.com\/wp-content\/uploads\/2024\/04\/fullColor.svg\",\"contentUrl\":\"https:\/\/www.pcvue.com\/wp-content\/uploads\/2024\/04\/fullColor.svg\",\"caption\":\"PcVue\"},\"image\":{\"@id\":\"https:\/\/www.pcvue.com\/fr\/#\/schema\/logo\/image\/\"}}]}<\/script>\n<!-- \/ Yoast SEO plugin. -->","yoast_head_json":{"title":"Cybers\u00e9curit\u00e9 - PcVue","robots":{"index":"index","follow":"follow","max-snippet":"max-snippet:-1","max-image-preview":"max-image-preview:large","max-video-preview":"max-video-preview:-1"},"canonical":"https:\/\/www.pcvue.com\/fr\/nos-offres\/par-applications\/cybersecurite\/","og_locale":"fr_FR","og_type":"article","og_title":"Cybers\u00e9curit\u00e9 - PcVue","og_url":"https:\/\/www.pcvue.com\/fr\/nos-offres\/par-applications\/cybersecurite\/","og_site_name":"PcVue","article_modified_time":"2024-10-01T17:38:45+00:00","twitter_card":"summary_large_image","schema":{"@context":"https:\/\/schema.org","@graph":[{"@type":"WebPage","@id":"https:\/\/www.pcvue.com\/fr\/nos-offres\/par-applications\/cybersecurite\/","url":"https:\/\/www.pcvue.com\/fr\/nos-offres\/par-applications\/cybersecurite\/","name":"Cybers\u00e9curit\u00e9 - PcVue","isPartOf":{"@id":"https:\/\/www.pcvue.com\/fr\/#website"},"datePublished":"2024-07-24T15:08:28+00:00","dateModified":"2024-10-01T17:38:45+00:00","breadcrumb":{"@id":"https:\/\/www.pcvue.com\/fr\/nos-offres\/par-applications\/cybersecurite\/#breadcrumb"},"inLanguage":"fr-FR","potentialAction":[{"@type":"ReadAction","target":["https:\/\/www.pcvue.com\/fr\/nos-offres\/par-applications\/cybersecurite\/"]}]},{"@type":"BreadcrumbList","@id":"https:\/\/www.pcvue.com\/fr\/nos-offres\/par-applications\/cybersecurite\/#breadcrumb","itemListElement":[{"@type":"ListItem","position":1,"name":"Home","item":"https:\/\/www.pcvue.com\/fr\/"},{"@type":"ListItem","position":2,"name":"Nos offres","item":"https:\/\/www.pcvue.com\/our-offers\/"},{"@type":"ListItem","position":3,"name":"Par Applications","item":"https:\/\/www.pcvue.com\/our-offers\/by-application\/"},{"@type":"ListItem","position":4,"name":"Cybers\u00e9curit\u00e9"}]},{"@type":"WebSite","@id":"https:\/\/www.pcvue.com\/fr\/#website","url":"https:\/\/www.pcvue.com\/fr\/","name":"PcVue","description":"LET&#039;S ENGINEER","publisher":{"@id":"https:\/\/www.pcvue.com\/fr\/#organization"},"potentialAction":[{"@type":"SearchAction","target":{"@type":"EntryPoint","urlTemplate":"https:\/\/www.pcvue.com\/fr\/?s={search_term_string}"},"query-input":{"@type":"PropertyValueSpecification","valueRequired":true,"valueName":"search_term_string"}}],"inLanguage":"fr-FR"},{"@type":"Organization","@id":"https:\/\/www.pcvue.com\/fr\/#organization","name":"PcVue","url":"https:\/\/www.pcvue.com\/fr\/","logo":{"@type":"ImageObject","inLanguage":"fr-FR","@id":"https:\/\/www.pcvue.com\/fr\/#\/schema\/logo\/image\/","url":"https:\/\/www.pcvue.com\/wp-content\/uploads\/2024\/04\/fullColor.svg","contentUrl":"https:\/\/www.pcvue.com\/wp-content\/uploads\/2024\/04\/fullColor.svg","caption":"PcVue"},"image":{"@id":"https:\/\/www.pcvue.com\/fr\/#\/schema\/logo\/image\/"}}]}},"_links":{"self":[{"href":"https:\/\/www.pcvue.com\/fr\/wp-json\/wp\/v2\/pages\/18568","targetHints":{"allow":["GET"]}}],"collection":[{"href":"https:\/\/www.pcvue.com\/fr\/wp-json\/wp\/v2\/pages"}],"about":[{"href":"https:\/\/www.pcvue.com\/fr\/wp-json\/wp\/v2\/types\/page"}],"author":[{"embeddable":true,"href":"https:\/\/www.pcvue.com\/fr\/wp-json\/wp\/v2\/users\/2227"}],"replies":[{"embeddable":true,"href":"https:\/\/www.pcvue.com\/fr\/wp-json\/wp\/v2\/comments?post=18568"}],"version-history":[{"count":11,"href":"https:\/\/www.pcvue.com\/fr\/wp-json\/wp\/v2\/pages\/18568\/revisions"}],"predecessor-version":[{"id":23256,"href":"https:\/\/www.pcvue.com\/fr\/wp-json\/wp\/v2\/pages\/18568\/revisions\/23256"}],"up":[{"embeddable":true,"href":"https:\/\/www.pcvue.com\/fr\/wp-json\/wp\/v2\/pages\/16333"}],"wp:attachment":[{"href":"https:\/\/www.pcvue.com\/fr\/wp-json\/wp\/v2\/media?parent=18568"}],"curies":[{"name":"wp","href":"https:\/\/api.w.org\/{rel}","templated":true}]}}