{"id":18575,"date":"2024-07-24T08:12:20","date_gmt":"2024-07-24T08:12:20","guid":{"rendered":"https:\/\/ig8df3bgexm.preview.infomaniak.website\/nos-offres\/par-applications\/oem\/"},"modified":"2024-10-01T07:15:54","modified_gmt":"2024-10-01T07:15:54","slug":"oem","status":"publish","type":"page","link":"https:\/\/www.pcvue.com\/fr\/nos-offres\/par-applications\/oem\/","title":{"rendered":"OEM"},"content":{"rendered":"\n    <div class=\"content-scada-page\">\n        \n                        <div class=\"type-block content-heading-text\">\n                    <div class=\"border-all\">\n                <h2 class=\"heading-t\" data-aos=\"fade-up\"><p>SCADA sur mesure pour les OEM<\/p>\n<\/h2>\n                <div class=\"text-t\" data-aos=\"fade-up\"><p>Profitez de la puissance de PcVue sous la forme d&#8217;un package exclusif con\u00e7u pour l&#8217;int\u00e9gration avec vos solutions mat\u00e9rielles et logicielles OEM. Depuis plus de 25 ans, les principaux OEM font confiance \u00e0 PcVue pour r\u00e9pondre \u00e0 leurs besoins SCADA, valorisant notre ind\u00e9pendance et notre technologie \u00e9prouv\u00e9e \u00e0 l&#8217;\u00e9chelle internationale. En choisissant PcVue comme solution SCADA OEM, vous \u00e9liminez les complexit\u00e9s du d\u00e9veloppement personnalis\u00e9 et acc\u00e9l\u00e9rez votre mise sur le march\u00e9.<\/p>\n<\/div>\n            <\/div>\n            <\/div>\n            <\/div>\n\n\n\n\n    <div class=\"content-scada-page\">\n        \n                        <div class=\"type-block content-image-general\">\n                    <div class=\"border-all  img-right img-below is-heading\">\n                                    <div class=\"content-image\">\n                                                                                    <div class=\"border-image\" data-aos=\"fade-up\">\n\n                                    <a href=\"https:\/\/www.pcvue.com\/wp-content\/uploads\/2024\/07\/OEM.png\" data-fancybox data-caption=\"Single image\">\n                                        <img decoding=\"async\" src=\"https:\/\/www.pcvue.com\/wp-content\/uploads\/2024\/07\/OEM.png\" alt=\"image\" loading=\"lazy\" \/>\n                                    <\/a>\n\n                                <\/div>\n                                                                        <\/div>\n                                                                            <div class=\"box-content\">\n                                                            <div class=\"box-title\">\n                                    <h5 class=\"title-block heading-general\" data-aos=\"fade-up\">B\u00c9N\u00c9FICES POUR LES OEM<\/h5>\n                                                                    <\/div>\n                                                                                                                    <div class=\"content-general\" data-aos=\"fade-up\"><ol>\n<li>S\u2019appuyer sur une solution \u00e9prouv\u00e9e pour l\u2019int\u00e9grer \u00e0 leur offre mat\u00e9riel<\/li>\n<li>R\u00e9duire les temps de mise \u00e0 disposition sur le march\u00e9<\/li>\n<li>Offrir une solution simple et rapide \u00e0 mettre en place<\/li>\n<li>Cr\u00e9er rapidement des solutions puissantes de supervision \u00e0 un co\u00fbt minimum<\/li>\n<\/ol>\n<\/div>\n                            \n                                                    <\/div>\n                                                <\/div>\n                    <div class=\"border-all  img-left img-top is-heading\">\n                                    <div class=\"content-image\">\n                                                                                    <div class=\"border-image\" data-aos=\"fade-up\">\n\n                                    <a href=\"https:\/\/www.pcvue.com\/wp-content\/uploads\/2024\/09\/PcVue_WebsiteGraphic_16SEP24-01.png\" data-fancybox data-caption=\"Single image\">\n                                        <img decoding=\"async\" src=\"https:\/\/www.pcvue.com\/wp-content\/uploads\/2024\/09\/PcVue_WebsiteGraphic_16SEP24-01.png\" alt=\"image\" loading=\"lazy\" \/>\n                                    <\/a>\n\n                                <\/div>\n                                                                        <\/div>\n                                                                            <div class=\"box-content\">\n                                                            <div class=\"box-title\">\n                                    <h5 class=\"title-block heading-general\" data-aos=\"fade-up\">B\u00c9N\u00c9FICES POUR LES UTILISATEURS FINAUX<\/h5>\n                                                                    <\/div>\n                                                                                                                    <div class=\"content-general\" data-aos=\"fade-up\"><ol>\n<li>R\u00e9duire les temps de d\u00e9veloppement et de maintenance<\/li>\n<li>Offrir un mod\u00e8le standard pour plusieurs projets<\/li>\n<li>Dissocier le monde de la technologie, des comp\u00e9tences requises<\/li>\n<li>Tirer profit des derni\u00e8res technologies disponibles<\/li>\n<\/ol>\n<\/div>\n                            \n                                                    <\/div>\n                                                <\/div>\n            <\/div>\n            <\/div>\n\n\n\n\n    <div class=\"content-scada-page\">\n        \n                        <div class=\"type-block content-default\">\n                    <div class=\"border-all full-width\" data-aos=\"fade-up\"><\/div>\n            <\/div>\n            <\/div>\n\n\n\n\n<div class=\"content-solutions-product\">\n                        <div class=\"container\">\n        <div class=\"content-quote\">\n            <div class=\"border-all\">\n                <div class=\"box-quote\" data-aos=\"fade-up\">\n                    <p>Nos produits fiables et \u00e9prouv\u00e9s vous permettent de vous concentrer sur ce que vous faites le mieux : faire progresser votre activit\u00e9 principale. Gr\u00e2ce \u00e0 notre \u00e9quipe de R&amp;D d\u00e9di\u00e9e, PcVue peut rapidement adapter les fonctionnalit\u00e9s de ses produits \u00e0 vos besoins sp\u00e9cifiques, qu&#8217;il s&#8217;agisse d&#8217;int\u00e9grer de nouveaux protocoles de communication ou des biblioth\u00e8ques graphiques personnalis\u00e9es, garantissant ainsi votre r\u00e9ussite sur un march\u00e9 en \u00e9volution rapide.<\/p>\n                <\/div>\n            <\/div>\n        <\/div>\n    <\/div>\n\n           \n<\/div>\n\n\n\n\n    <div class=\"content-scada-page\">\n        \n                        <div class=\"type-block content-default\">\n                    <div class=\"border-all full-width\" data-aos=\"fade-up\"><\/div>\n            <\/div>\n            <\/div>\n\n\n\n\n    <div class=\"content-scada-page\">\n        \n                        <div class=\"type-block content-default\">\n                    <div class=\"border-all full-width\" data-aos=\"fade-up\"><\/div>\n            <\/div>\n            <\/div>\n\n\n\n\n    <div class=\"content-scada-page\">\n        \n                        <div class=\"type-block content-default\">\n                    <div class=\"border-all full-width\" data-aos=\"fade-up\"><\/div>\n            <\/div>\n            <\/div>\n\n\n\n\n    <div class=\"content-scada-page\">\n        \n                        <div class=\"type-block content-default\">\n                    <div class=\"border-all full-width\" data-aos=\"fade-up\"><\/div>\n            <\/div>\n            <\/div>\n\n\n\n\n    <div class=\"content-scada-page\">\n                    <h5 class=\"title-block full-width\" data-aos=\"fade-up\">\n                COUCHE METIER            <\/h5>\n        \n                        <div class=\"content-list-content\">\n        <div class=\"border-all wrapper\">\n                        <div class=\"content-wrapper\">\n                                    <h5 class=\"title-block full-width aos-init aos-animate\" data-aos=\"fade-up\">CONCEPT<\/h5>\n                                                    <div class=\"content\"><p>La notion de couche m\u00e9tier est une approche qui consiste en l\u2019utilisation d\u2019Add-ons autour du produit standard PcVue, permettant de cr\u00e9er une solution logicielle qui couvre 100% des attentes du client. Pour le client final, cela repr\u00e9sente une alternative avantageuse compar\u00e9e \u00e0 un d\u00e9veloppement sp\u00e9cifique, qui bien-s\u00fbr poss\u00e8de l\u2019avantage d\u2019\u00eatre \u00ab personnalis\u00e9 \u00bb, mais reste plus couteux et implique une maintenance plus difficile.<\/p>\n<p>Une couche m\u00e9tier est compos\u00e9e des \u00e9l\u00e9ments suivants :<\/p>\n<ol>\n<li><strong>Un configurateur d\u00e9di\u00e9 :<\/strong>\u00a0C\u2019est un module externe, d\u00e9velopp\u00e9 sp\u00e9cifiquement en fonction des besoins du client, qui permet la configuration du syst\u00e8me selon les termes directs du client.<\/li>\n<li><strong>Le Smart Generator PcVue :<\/strong>\u00a0Il permet la g\u00e9n\u00e9ration d\u2019une application en important automatiquement des \u00e9l\u00e9ments d\u2019une source ext\u00e9rieure. Toutes les donn\u00e9es de configuration (mod\u00e8les standards et donn\u00e9es utilisateur) sont stock\u00e9es dans une base de donn\u00e9es. Le r\u00f4le du Smart Generator est de parcourir l\u2019ensemble de ces informations et de solliciter l\u2019interface de param\u00e9trage PcVue (XML) dans le but de cr\u00e9er une application. Tous les objets de l\u2019application sont g\u00e9n\u00e9r\u00e9s par ce moyen (Communication, variables, historiques d\u2019alarmes\u2026). Concernant les synoptiques, le g\u00e9n\u00e9rateur instancie les objets dans un mod\u00e8le de synoptiques standard. L\u2019\u00e9diteur graphique est simple et peut \u00eatre ajust\u00e9 manuellement.<\/li>\n<li><strong>Biblioth\u00e8ques par m\u00e9tier :<\/strong>\u00a0En d\u2019autres termes, il s\u2019agit de la biblioth\u00e8que d\u2019objets PcVue (symboles graphiques, mod\u00e8les de synoptiques, synoptiques g\u00e9n\u00e9riques, scripts g\u00e9n\u00e9riques). Ils sont utilis\u00e9s par le g\u00e9n\u00e9rateur d\u2019application et d\u00e9velopp\u00e9s en partenariat avec le client avec les outils standards de PcVue, qui peuvent \u00eatre facilement modifi\u00e9s et optimis\u00e9s.<br \/>\nLa modification d\u2019un objet dans la biblioth\u00e8que est distribu\u00e9e automatiquement dans l\u2019application.<\/li>\n<li><strong>PcVue Standard :<\/strong>\u00a0L\u2019approche par couche m\u00e9tier est bas\u00e9e sur une version standard de PcVue. L\u2019objectif est de simplifier et de garantir la maintenance de la solution m\u00e9tier. PcVue assure une compatibilit\u00e9 ascendante de ses versions, une couche m\u00e9tier \u00e9volue naturellement tout en b\u00e9n\u00e9ficiant des derni\u00e8res fonctionnalit\u00e9s PcVue.<\/li>\n<\/ol>\n<\/div>\n                                            <\/div>\n                        <div class=\"content-wrapper\">\n                                    <h5 class=\"title-block full-width aos-init aos-animate\" data-aos=\"fade-up\">B\u00c9N\u00c9FICES <\/h5>\n                                                    <div class=\"content\"><ol>\n<li>La conception de l\u2019application est une description du projet (pas de d\u00e9veloppement)<\/li>\n<li>Conception facile et rapide, m\u00eame pour les non sp\u00e9cialistes<\/li>\n<li>L\u2019application repose sur des objets et des comportements qui ont \u00e9t\u00e9 cr\u00e9\u00e9s, qualifi\u00e9s et standardis\u00e9es par nos \u00e9quipes, r\u00e9duisant les risques d\u2019erreur<\/li>\n<li>L\u2019approche orient\u00e9e objet permet la mise \u00e0 jour des ressources directement au sein de l\u2019application existante sans risque<\/li>\n<li>La Compatibilit\u00e9 des applications est garantie d\u2019une version PcVue \u00e0 une autre<\/li>\n<\/ol>\n<\/div>\n                                            <\/div>\n                    <\/div>\n    <\/div>\n            <\/div>\n\n\n\n\n    <div class=\"content-scada-page\">\n        \n                        <div class=\"type-block content-default\">\n                    <div class=\"border-all full-width\" data-aos=\"fade-up\"><\/div>\n            <\/div>\n            <\/div>\n\n\n\n\n<p><\/p>\n\n\n\n<div class=\"content-solutions-product\">\n           \n<\/div>\n\n","protected":false},"excerpt":{"rendered":"","protected":false},"author":2227,"featured_media":0,"parent":16333,"menu_order":0,"comment_status":"closed","ping_status":"closed","template":"templates\/scada.php","meta":{"_acf_changed":false,"content-type":"","footnotes":""},"class_list":["post-18575","page","type-page","status-publish","hentry"],"acf":[],"yoast_head":"<!-- This site is optimized with the Yoast SEO plugin v26.4 - https:\/\/yoast.com\/wordpress\/plugins\/seo\/ -->\n<title>OEM - PcVue<\/title>\n<meta name=\"robots\" content=\"index, follow, max-snippet:-1, max-image-preview:large, max-video-preview:-1\" \/>\n<link rel=\"canonical\" href=\"https:\/\/www.pcvue.com\/fr\/nos-offres\/par-applications\/oem\/\" \/>\n<meta property=\"og:locale\" content=\"fr_FR\" \/>\n<meta property=\"og:type\" content=\"article\" \/>\n<meta property=\"og:title\" content=\"OEM - PcVue\" \/>\n<meta property=\"og:url\" content=\"https:\/\/www.pcvue.com\/fr\/nos-offres\/par-applications\/oem\/\" \/>\n<meta property=\"og:site_name\" content=\"PcVue\" \/>\n<meta property=\"article:modified_time\" content=\"2024-10-01T07:15:54+00:00\" \/>\n<meta name=\"twitter:card\" content=\"summary_large_image\" \/>\n<script type=\"application\/ld+json\" class=\"yoast-schema-graph\">{\"@context\":\"https:\/\/schema.org\",\"@graph\":[{\"@type\":\"WebPage\",\"@id\":\"https:\/\/www.pcvue.com\/fr\/nos-offres\/par-applications\/oem\/\",\"url\":\"https:\/\/www.pcvue.com\/fr\/nos-offres\/par-applications\/oem\/\",\"name\":\"OEM - PcVue\",\"isPartOf\":{\"@id\":\"https:\/\/www.pcvue.com\/fr\/#website\"},\"datePublished\":\"2024-07-24T08:12:20+00:00\",\"dateModified\":\"2024-10-01T07:15:54+00:00\",\"breadcrumb\":{\"@id\":\"https:\/\/www.pcvue.com\/fr\/nos-offres\/par-applications\/oem\/#breadcrumb\"},\"inLanguage\":\"fr-FR\",\"potentialAction\":[{\"@type\":\"ReadAction\",\"target\":[\"https:\/\/www.pcvue.com\/fr\/nos-offres\/par-applications\/oem\/\"]}]},{\"@type\":\"BreadcrumbList\",\"@id\":\"https:\/\/www.pcvue.com\/fr\/nos-offres\/par-applications\/oem\/#breadcrumb\",\"itemListElement\":[{\"@type\":\"ListItem\",\"position\":1,\"name\":\"Home\",\"item\":\"https:\/\/www.pcvue.com\/fr\/\"},{\"@type\":\"ListItem\",\"position\":2,\"name\":\"Nos offres\",\"item\":\"https:\/\/www.pcvue.com\/our-offers\/\"},{\"@type\":\"ListItem\",\"position\":3,\"name\":\"Par Applications\",\"item\":\"https:\/\/www.pcvue.com\/our-offers\/by-application\/\"},{\"@type\":\"ListItem\",\"position\":4,\"name\":\"OEM\"}]},{\"@type\":\"WebSite\",\"@id\":\"https:\/\/www.pcvue.com\/fr\/#website\",\"url\":\"https:\/\/www.pcvue.com\/fr\/\",\"name\":\"PcVue\",\"description\":\"LET&#039;S ENGINEER\",\"publisher\":{\"@id\":\"https:\/\/www.pcvue.com\/fr\/#organization\"},\"potentialAction\":[{\"@type\":\"SearchAction\",\"target\":{\"@type\":\"EntryPoint\",\"urlTemplate\":\"https:\/\/www.pcvue.com\/fr\/?s={search_term_string}\"},\"query-input\":{\"@type\":\"PropertyValueSpecification\",\"valueRequired\":true,\"valueName\":\"search_term_string\"}}],\"inLanguage\":\"fr-FR\"},{\"@type\":\"Organization\",\"@id\":\"https:\/\/www.pcvue.com\/fr\/#organization\",\"name\":\"PcVue\",\"url\":\"https:\/\/www.pcvue.com\/fr\/\",\"logo\":{\"@type\":\"ImageObject\",\"inLanguage\":\"fr-FR\",\"@id\":\"https:\/\/www.pcvue.com\/fr\/#\/schema\/logo\/image\/\",\"url\":\"https:\/\/www.pcvue.com\/wp-content\/uploads\/2024\/04\/fullColor.svg\",\"contentUrl\":\"https:\/\/www.pcvue.com\/wp-content\/uploads\/2024\/04\/fullColor.svg\",\"caption\":\"PcVue\"},\"image\":{\"@id\":\"https:\/\/www.pcvue.com\/fr\/#\/schema\/logo\/image\/\"}}]}<\/script>\n<!-- \/ Yoast SEO plugin. -->","yoast_head_json":{"title":"OEM - PcVue","robots":{"index":"index","follow":"follow","max-snippet":"max-snippet:-1","max-image-preview":"max-image-preview:large","max-video-preview":"max-video-preview:-1"},"canonical":"https:\/\/www.pcvue.com\/fr\/nos-offres\/par-applications\/oem\/","og_locale":"fr_FR","og_type":"article","og_title":"OEM - PcVue","og_url":"https:\/\/www.pcvue.com\/fr\/nos-offres\/par-applications\/oem\/","og_site_name":"PcVue","article_modified_time":"2024-10-01T07:15:54+00:00","twitter_card":"summary_large_image","schema":{"@context":"https:\/\/schema.org","@graph":[{"@type":"WebPage","@id":"https:\/\/www.pcvue.com\/fr\/nos-offres\/par-applications\/oem\/","url":"https:\/\/www.pcvue.com\/fr\/nos-offres\/par-applications\/oem\/","name":"OEM - PcVue","isPartOf":{"@id":"https:\/\/www.pcvue.com\/fr\/#website"},"datePublished":"2024-07-24T08:12:20+00:00","dateModified":"2024-10-01T07:15:54+00:00","breadcrumb":{"@id":"https:\/\/www.pcvue.com\/fr\/nos-offres\/par-applications\/oem\/#breadcrumb"},"inLanguage":"fr-FR","potentialAction":[{"@type":"ReadAction","target":["https:\/\/www.pcvue.com\/fr\/nos-offres\/par-applications\/oem\/"]}]},{"@type":"BreadcrumbList","@id":"https:\/\/www.pcvue.com\/fr\/nos-offres\/par-applications\/oem\/#breadcrumb","itemListElement":[{"@type":"ListItem","position":1,"name":"Home","item":"https:\/\/www.pcvue.com\/fr\/"},{"@type":"ListItem","position":2,"name":"Nos offres","item":"https:\/\/www.pcvue.com\/our-offers\/"},{"@type":"ListItem","position":3,"name":"Par Applications","item":"https:\/\/www.pcvue.com\/our-offers\/by-application\/"},{"@type":"ListItem","position":4,"name":"OEM"}]},{"@type":"WebSite","@id":"https:\/\/www.pcvue.com\/fr\/#website","url":"https:\/\/www.pcvue.com\/fr\/","name":"PcVue","description":"LET&#039;S ENGINEER","publisher":{"@id":"https:\/\/www.pcvue.com\/fr\/#organization"},"potentialAction":[{"@type":"SearchAction","target":{"@type":"EntryPoint","urlTemplate":"https:\/\/www.pcvue.com\/fr\/?s={search_term_string}"},"query-input":{"@type":"PropertyValueSpecification","valueRequired":true,"valueName":"search_term_string"}}],"inLanguage":"fr-FR"},{"@type":"Organization","@id":"https:\/\/www.pcvue.com\/fr\/#organization","name":"PcVue","url":"https:\/\/www.pcvue.com\/fr\/","logo":{"@type":"ImageObject","inLanguage":"fr-FR","@id":"https:\/\/www.pcvue.com\/fr\/#\/schema\/logo\/image\/","url":"https:\/\/www.pcvue.com\/wp-content\/uploads\/2024\/04\/fullColor.svg","contentUrl":"https:\/\/www.pcvue.com\/wp-content\/uploads\/2024\/04\/fullColor.svg","caption":"PcVue"},"image":{"@id":"https:\/\/www.pcvue.com\/fr\/#\/schema\/logo\/image\/"}}]}},"_links":{"self":[{"href":"https:\/\/www.pcvue.com\/fr\/wp-json\/wp\/v2\/pages\/18575","targetHints":{"allow":["GET"]}}],"collection":[{"href":"https:\/\/www.pcvue.com\/fr\/wp-json\/wp\/v2\/pages"}],"about":[{"href":"https:\/\/www.pcvue.com\/fr\/wp-json\/wp\/v2\/types\/page"}],"author":[{"embeddable":true,"href":"https:\/\/www.pcvue.com\/fr\/wp-json\/wp\/v2\/users\/2227"}],"replies":[{"embeddable":true,"href":"https:\/\/www.pcvue.com\/fr\/wp-json\/wp\/v2\/comments?post=18575"}],"version-history":[{"count":10,"href":"https:\/\/www.pcvue.com\/fr\/wp-json\/wp\/v2\/pages\/18575\/revisions"}],"predecessor-version":[{"id":23078,"href":"https:\/\/www.pcvue.com\/fr\/wp-json\/wp\/v2\/pages\/18575\/revisions\/23078"}],"up":[{"embeddable":true,"href":"https:\/\/www.pcvue.com\/fr\/wp-json\/wp\/v2\/pages\/16333"}],"wp:attachment":[{"href":"https:\/\/www.pcvue.com\/fr\/wp-json\/wp\/v2\/media?parent=18575"}],"curies":[{"name":"wp","href":"https:\/\/api.w.org\/{rel}","templated":true}]}}