{"id":18585,"date":"2024-05-15T08:14:00","date_gmt":"2024-05-15T08:14:00","guid":{"rendered":"https:\/\/ig8df3bgexm.preview.infomaniak.website\/nos-offres\/par-applications\/fonctions-scada\/base-de-donnees-en-temps-reel\/"},"modified":"2024-09-19T13:32:20","modified_gmt":"2024-09-19T13:32:20","slug":"base-de-donnees-en-temps-reel","status":"publish","type":"page","link":"https:\/\/www.pcvue.com\/fr\/nos-offres\/par-applications\/fonctions-scada\/base-de-donnees-en-temps-reel\/","title":{"rendered":"Base de donn\u00e9es en temps r\u00e9el"},"content":{"rendered":"\n    <div class=\"content-scada-page merge-block container\">\n                    <h5 class=\"title-block full-width\" data-aos=\"fade-up\">\n                FONCTIONNALIT\u00c9S            <\/h5>\n        \n                        <div class=\"type-block content-default\">\n                    <div class=\"border-all\" data-aos=\"fade-up\"><ol>\n<li>Orient\u00e9e objet<\/li>\n<li>Propri\u00e9t\u00e9s avanc\u00e9es<\/li>\n<li>Attributs \u00e9tendus<\/li>\n<\/ol>\n<\/div>\n            <\/div>\n            <\/div>\n\n\n\n\n    <div class=\"content-scada-page\">\n                    <h5 class=\"title-block full-width\" data-aos=\"fade-up\">\n                B\u00c9N\u00c9FICES            <\/h5>\n        \n                        <div class=\"type-block content-default\">\n                    <div class=\"border-all\" data-aos=\"fade-up\"><ol>\n<li>R\u00e9duisez le temps d&#8217;ing\u00e9nierie et le risque d&#8217;erreur<\/li>\n<li>Variables internes illimit\u00e9es<\/li>\n<li>Maintenance rapide et facile<\/li>\n<\/ol>\n<p>La base de donn\u00e9es en temps r\u00e9el est le c\u0153ur de PcVue et elle est compos\u00e9e d&#8217;un ensemble de tags appel\u00e9es \u00ab variables \u00bb qui contiennent les donn\u00e9es utilis\u00e9es pour \u00eatre affich\u00e9es dans des synoptiques, des actions de d\u00e9clenchement ou des enregistrements.<\/p>\n<\/div>\n            <\/div>\n            <\/div>\n\n\n\n\n    <div class=\"content-scada-page merge-block container d-flex\">\n        \n                            <div class=\"type-block content-button\">\n            <a class=\"button arrow\" href=\"https:\/\/www.pcvue.com\/fr\/service-client\/formation\/\" target=\"_self\">Besoin d&#039;une formation?<\/a>\n        <\/div>\n    \n    <div class=\"content-quote\">\n        <div class=\"border-all\">\n            \n                                    <div class=\"info-all-quote\">\n                                                    \n                                            <\/div>\n                \n                \n                    <\/div>\n    <\/div>\n        <div class=\"type-block content-button\">\n            <a class=\"button arrow btn-view-pdf\" href=\"https:\/\/www.pcvue.com\/wp-content\/uploads\/2016\/10\/PcVue_Fonctionnalites_Brochure.pdf\" target=\"_self\">Toutes les fonctionnalit\u00e9s<\/a>\n            <div class=\"flip-reader hidden\">\n                <div class=\"_df_thumb \" id=\"df_rand3237749943\"  data-title=\"\" wpoptions=\"true\" thumbtype=\"\" source=\"https:\/\/www.pcvue.com\/wp-content\/uploads\/2016\/10\/PcVue_Fonctionnalites_Brochure.pdf\" >Open Book<\/div>             <\/div>\n        <\/div>\n    \n    <div class=\"content-quote\">\n        <div class=\"border-all\">\n            \n                                    <div class=\"info-all-quote\">\n                                                    \n                                            <\/div>\n                \n                \n                    <\/div>\n    <\/div>\n            <\/div>\n\n","protected":false},"excerpt":{"rendered":"","protected":false},"author":1,"featured_media":0,"parent":15227,"menu_order":0,"comment_status":"closed","ping_status":"closed","template":"templates\/scada.php","meta":{"_acf_changed":false,"content-type":"","footnotes":""},"class_list":["post-18585","page","type-page","status-publish","hentry"],"acf":[],"yoast_head":"<!-- This site is optimized with the Yoast SEO plugin v26.4 - https:\/\/yoast.com\/wordpress\/plugins\/seo\/ -->\n<title>Base de donn\u00e9es en temps r\u00e9el - PcVue<\/title>\n<meta name=\"robots\" content=\"index, follow, max-snippet:-1, max-image-preview:large, max-video-preview:-1\" \/>\n<link rel=\"canonical\" href=\"https:\/\/www.pcvue.com\/fr\/nos-offres\/par-applications\/fonctions-scada\/base-de-donnees-en-temps-reel\/\" \/>\n<meta property=\"og:locale\" content=\"fr_FR\" \/>\n<meta property=\"og:type\" content=\"article\" \/>\n<meta property=\"og:title\" content=\"Base de donn\u00e9es en temps r\u00e9el - PcVue\" \/>\n<meta property=\"og:url\" content=\"https:\/\/www.pcvue.com\/fr\/nos-offres\/par-applications\/fonctions-scada\/base-de-donnees-en-temps-reel\/\" \/>\n<meta property=\"og:site_name\" content=\"PcVue\" \/>\n<meta property=\"article:modified_time\" content=\"2024-09-19T13:32:20+00:00\" \/>\n<meta name=\"twitter:card\" content=\"summary_large_image\" \/>\n<script type=\"application\/ld+json\" class=\"yoast-schema-graph\">{\"@context\":\"https:\/\/schema.org\",\"@graph\":[{\"@type\":\"WebPage\",\"@id\":\"https:\/\/www.pcvue.com\/fr\/nos-offres\/par-applications\/fonctions-scada\/base-de-donnees-en-temps-reel\/\",\"url\":\"https:\/\/www.pcvue.com\/fr\/nos-offres\/par-applications\/fonctions-scada\/base-de-donnees-en-temps-reel\/\",\"name\":\"Base de donn\u00e9es en temps r\u00e9el - PcVue\",\"isPartOf\":{\"@id\":\"https:\/\/www.pcvue.com\/fr\/#website\"},\"datePublished\":\"2024-05-15T08:14:00+00:00\",\"dateModified\":\"2024-09-19T13:32:20+00:00\",\"breadcrumb\":{\"@id\":\"https:\/\/www.pcvue.com\/fr\/nos-offres\/par-applications\/fonctions-scada\/base-de-donnees-en-temps-reel\/#breadcrumb\"},\"inLanguage\":\"fr-FR\",\"potentialAction\":[{\"@type\":\"ReadAction\",\"target\":[\"https:\/\/www.pcvue.com\/fr\/nos-offres\/par-applications\/fonctions-scada\/base-de-donnees-en-temps-reel\/\"]}]},{\"@type\":\"BreadcrumbList\",\"@id\":\"https:\/\/www.pcvue.com\/fr\/nos-offres\/par-applications\/fonctions-scada\/base-de-donnees-en-temps-reel\/#breadcrumb\",\"itemListElement\":[{\"@type\":\"ListItem\",\"position\":1,\"name\":\"Home\",\"item\":\"https:\/\/www.pcvue.com\/fr\/\"},{\"@type\":\"ListItem\",\"position\":2,\"name\":\"Nos offres\",\"item\":\"https:\/\/www.pcvue.com\/our-offers\/\"},{\"@type\":\"ListItem\",\"position\":3,\"name\":\"Par Applications\",\"item\":\"https:\/\/www.pcvue.com\/our-offers\/by-application\/\"},{\"@type\":\"ListItem\",\"position\":4,\"name\":\"Fonctions SCADA\",\"item\":\"https:\/\/www.pcvue.com\/fr\/nos-offres\/par-applications\/fonctions-scada\/\"},{\"@type\":\"ListItem\",\"position\":5,\"name\":\"Base de donn\u00e9es en temps r\u00e9el\"}]},{\"@type\":\"WebSite\",\"@id\":\"https:\/\/www.pcvue.com\/fr\/#website\",\"url\":\"https:\/\/www.pcvue.com\/fr\/\",\"name\":\"PcVue\",\"description\":\"LET&#039;S ENGINEER\",\"publisher\":{\"@id\":\"https:\/\/www.pcvue.com\/fr\/#organization\"},\"potentialAction\":[{\"@type\":\"SearchAction\",\"target\":{\"@type\":\"EntryPoint\",\"urlTemplate\":\"https:\/\/www.pcvue.com\/fr\/?s={search_term_string}\"},\"query-input\":{\"@type\":\"PropertyValueSpecification\",\"valueRequired\":true,\"valueName\":\"search_term_string\"}}],\"inLanguage\":\"fr-FR\"},{\"@type\":\"Organization\",\"@id\":\"https:\/\/www.pcvue.com\/fr\/#organization\",\"name\":\"PcVue\",\"url\":\"https:\/\/www.pcvue.com\/fr\/\",\"logo\":{\"@type\":\"ImageObject\",\"inLanguage\":\"fr-FR\",\"@id\":\"https:\/\/www.pcvue.com\/fr\/#\/schema\/logo\/image\/\",\"url\":\"https:\/\/www.pcvue.com\/wp-content\/uploads\/2024\/04\/fullColor.svg\",\"contentUrl\":\"https:\/\/www.pcvue.com\/wp-content\/uploads\/2024\/04\/fullColor.svg\",\"caption\":\"PcVue\"},\"image\":{\"@id\":\"https:\/\/www.pcvue.com\/fr\/#\/schema\/logo\/image\/\"}}]}<\/script>\n<!-- \/ Yoast SEO plugin. -->","yoast_head_json":{"title":"Base de donn\u00e9es en temps r\u00e9el - PcVue","robots":{"index":"index","follow":"follow","max-snippet":"max-snippet:-1","max-image-preview":"max-image-preview:large","max-video-preview":"max-video-preview:-1"},"canonical":"https:\/\/www.pcvue.com\/fr\/nos-offres\/par-applications\/fonctions-scada\/base-de-donnees-en-temps-reel\/","og_locale":"fr_FR","og_type":"article","og_title":"Base de donn\u00e9es en temps r\u00e9el - PcVue","og_url":"https:\/\/www.pcvue.com\/fr\/nos-offres\/par-applications\/fonctions-scada\/base-de-donnees-en-temps-reel\/","og_site_name":"PcVue","article_modified_time":"2024-09-19T13:32:20+00:00","twitter_card":"summary_large_image","schema":{"@context":"https:\/\/schema.org","@graph":[{"@type":"WebPage","@id":"https:\/\/www.pcvue.com\/fr\/nos-offres\/par-applications\/fonctions-scada\/base-de-donnees-en-temps-reel\/","url":"https:\/\/www.pcvue.com\/fr\/nos-offres\/par-applications\/fonctions-scada\/base-de-donnees-en-temps-reel\/","name":"Base de donn\u00e9es en temps r\u00e9el - PcVue","isPartOf":{"@id":"https:\/\/www.pcvue.com\/fr\/#website"},"datePublished":"2024-05-15T08:14:00+00:00","dateModified":"2024-09-19T13:32:20+00:00","breadcrumb":{"@id":"https:\/\/www.pcvue.com\/fr\/nos-offres\/par-applications\/fonctions-scada\/base-de-donnees-en-temps-reel\/#breadcrumb"},"inLanguage":"fr-FR","potentialAction":[{"@type":"ReadAction","target":["https:\/\/www.pcvue.com\/fr\/nos-offres\/par-applications\/fonctions-scada\/base-de-donnees-en-temps-reel\/"]}]},{"@type":"BreadcrumbList","@id":"https:\/\/www.pcvue.com\/fr\/nos-offres\/par-applications\/fonctions-scada\/base-de-donnees-en-temps-reel\/#breadcrumb","itemListElement":[{"@type":"ListItem","position":1,"name":"Home","item":"https:\/\/www.pcvue.com\/fr\/"},{"@type":"ListItem","position":2,"name":"Nos offres","item":"https:\/\/www.pcvue.com\/our-offers\/"},{"@type":"ListItem","position":3,"name":"Par Applications","item":"https:\/\/www.pcvue.com\/our-offers\/by-application\/"},{"@type":"ListItem","position":4,"name":"Fonctions SCADA","item":"https:\/\/www.pcvue.com\/fr\/nos-offres\/par-applications\/fonctions-scada\/"},{"@type":"ListItem","position":5,"name":"Base de donn\u00e9es en temps r\u00e9el"}]},{"@type":"WebSite","@id":"https:\/\/www.pcvue.com\/fr\/#website","url":"https:\/\/www.pcvue.com\/fr\/","name":"PcVue","description":"LET&#039;S ENGINEER","publisher":{"@id":"https:\/\/www.pcvue.com\/fr\/#organization"},"potentialAction":[{"@type":"SearchAction","target":{"@type":"EntryPoint","urlTemplate":"https:\/\/www.pcvue.com\/fr\/?s={search_term_string}"},"query-input":{"@type":"PropertyValueSpecification","valueRequired":true,"valueName":"search_term_string"}}],"inLanguage":"fr-FR"},{"@type":"Organization","@id":"https:\/\/www.pcvue.com\/fr\/#organization","name":"PcVue","url":"https:\/\/www.pcvue.com\/fr\/","logo":{"@type":"ImageObject","inLanguage":"fr-FR","@id":"https:\/\/www.pcvue.com\/fr\/#\/schema\/logo\/image\/","url":"https:\/\/www.pcvue.com\/wp-content\/uploads\/2024\/04\/fullColor.svg","contentUrl":"https:\/\/www.pcvue.com\/wp-content\/uploads\/2024\/04\/fullColor.svg","caption":"PcVue"},"image":{"@id":"https:\/\/www.pcvue.com\/fr\/#\/schema\/logo\/image\/"}}]}},"_links":{"self":[{"href":"https:\/\/www.pcvue.com\/fr\/wp-json\/wp\/v2\/pages\/18585","targetHints":{"allow":["GET"]}}],"collection":[{"href":"https:\/\/www.pcvue.com\/fr\/wp-json\/wp\/v2\/pages"}],"about":[{"href":"https:\/\/www.pcvue.com\/fr\/wp-json\/wp\/v2\/types\/page"}],"author":[{"embeddable":true,"href":"https:\/\/www.pcvue.com\/fr\/wp-json\/wp\/v2\/users\/1"}],"replies":[{"embeddable":true,"href":"https:\/\/www.pcvue.com\/fr\/wp-json\/wp\/v2\/comments?post=18585"}],"version-history":[{"count":8,"href":"https:\/\/www.pcvue.com\/fr\/wp-json\/wp\/v2\/pages\/18585\/revisions"}],"predecessor-version":[{"id":22271,"href":"https:\/\/www.pcvue.com\/fr\/wp-json\/wp\/v2\/pages\/18585\/revisions\/22271"}],"up":[{"embeddable":true,"href":"https:\/\/www.pcvue.com\/fr\/wp-json\/wp\/v2\/pages\/15227"}],"wp:attachment":[{"href":"https:\/\/www.pcvue.com\/fr\/wp-json\/wp\/v2\/media?parent=18585"}],"curies":[{"name":"wp","href":"https:\/\/api.w.org\/{rel}","templated":true}]}}