{"id":18589,"date":"2024-05-15T07:54:15","date_gmt":"2024-05-15T07:54:15","guid":{"rendered":"https:\/\/ig8df3bgexm.preview.infomaniak.website\/nos-offres\/par-applications\/fonctions-scada\/architectures-et-deploiement\/"},"modified":"2024-10-02T14:05:35","modified_gmt":"2024-10-02T14:05:35","slug":"architectures-et-deploiement","status":"publish","type":"page","link":"https:\/\/www.pcvue.com\/fr\/nos-offres\/par-applications\/fonctions-scada\/architectures-et-deploiement\/","title":{"rendered":"Architectures et d\u00e9ploiement"},"content":{"rendered":"\n    <div class=\"content-scada-page\">\n        \n                        <div class=\"content-ct-img\">\n        <div class=\"border-ct-img\">\n                                                <div class=\"content-info\">\n                                                    <div class=\"border-all\">\n                                                                    <h5 class=\"title-block in-info\" data-aos=\"fade-up\">UNE GAMME COMPLETE D&#039;ARCHITECTURES<\/h5>\n                                                                <div class=\"content-in-info\" data-aos=\"fade-up\">\n                                    <p>PcVue est \u00e9volutif et peut \u00eatre d\u00e9ploy\u00e9 avec de nombreuses architectures<\/p>\n<ol>\n<li><strong>Autonome<\/strong> &#8211; Toutes les fonctions SCADA sont int\u00e9gr\u00e9es dans un seul poste.<\/li>\n<li><strong>Architecture multi-stations<\/strong> &#8211; Les fonctions SCADA s&#8217;\u00e9tendent sur deux ou plusieurs postes dans une architecture client\/serveur.<\/li>\n<li>Architecture <strong>haute disponibilit\u00e9<\/strong> &#8211; Les fonctions et r\u00f4les SCADA sont distribu\u00e9s pour offrir une meilleure r\u00e9silience et \u00e9volutivit\u00e9.<\/li>\n<li>Architecture <strong>\u00e0 trois niveaux<\/strong> &#8211; Utilisation d&#8217;un ou plusieurs postes comme passerelles<\/li>\n<li>Station <strong>d&#8217;ing\u00e9nierie<\/strong> avec gestion des versions<\/li>\n<li><strong>Web et mobile<\/strong><\/li>\n<\/ol>\n<p>PcVue prend \u00e9galement en charge plusieurs environnements de d\u00e9ploiement<\/p>\n<ol>\n<li>Sur site<\/li>\n<li>Cloud<\/li>\n<li>Virtuels<\/li>\n<\/ol>\n                                <\/div>\n                            <\/div>\n                                            <\/div>\n                                                    <div class=\"content-image\">\n                                                                                    <div class=\"border-image\" data-aos=\"fade-up\">\n                                    <picture>\n                                        <source media=\"(max-width:767.98px)\" srcset=\"\">\n                                        <img decoding=\"async\" src=\"https:\/\/www.pcvue.com\/wp-content\/uploads\/2024\/08\/2024-08-07-23_03_30-PcVue_ArchitectureDeployment_Brochure.pdf-Adobe-Acrobat-Reader-64-bit-1.png\" alt=\"image\" loading=\"lazy\" \/>\n                                    <\/picture>\n                                <\/div>\n                                                                        <\/div>\n                                    <\/div>\n    <\/div>\n            <\/div>\n\n\n\n\n    <div class=\"content-scada-page merge-block container d-flex\">\n        \n                            <div class=\"type-block content-button\">\n            <a class=\"button arrow\" href=\"https:\/\/www.pcvue.com\/fr\/service-client\/formation\/\" target=\"_self\">Besoin d&#039;une formation ?<\/a>\n        <\/div>\n    \n    <div class=\"content-quote\">\n        <div class=\"border-all\">\n            \n                                    <div class=\"info-all-quote\">\n                                                    \n                                            <\/div>\n                \n                \n                    <\/div>\n    <\/div>\n        <div class=\"type-block content-button\">\n            <a class=\"button arrow btn-view-pdf\" href=\"https:\/\/www.pcvue.com\/wp-content\/uploads\/2016\/11\/TS_Architecture-Deployment_Light_Fr_v14.pdf\" target=\"_self\">En savoir plus<\/a>\n            <div class=\"flip-reader hidden\">\n                <div class=\"_df_thumb \" id=\"df_rand2715003033\"  data-title=\"\" wpoptions=\"true\" thumbtype=\"\" source=\"https:\/\/www.pcvue.com\/wp-content\/uploads\/2016\/11\/TS_Architecture-Deployment_Light_Fr_v14.pdf\" >Open Book<\/div>             <\/div>\n        <\/div>\n    \n    <div class=\"content-quote\">\n        <div class=\"border-all\">\n            \n                                    <div class=\"info-all-quote\">\n                                                    \n                                            <\/div>\n                \n                \n                    <\/div>\n    <\/div>\n            <\/div>\n\n","protected":false},"excerpt":{"rendered":"","protected":false},"author":1,"featured_media":0,"parent":15227,"menu_order":0,"comment_status":"closed","ping_status":"closed","template":"templates\/scada.php","meta":{"_acf_changed":false,"content-type":"","footnotes":""},"class_list":["post-18589","page","type-page","status-publish","hentry"],"acf":[],"yoast_head":"<!-- This site is optimized with the Yoast SEO plugin v26.4 - https:\/\/yoast.com\/wordpress\/plugins\/seo\/ -->\n<title>Architectures et d\u00e9ploiement - PcVue<\/title>\n<meta name=\"robots\" content=\"index, follow, max-snippet:-1, max-image-preview:large, max-video-preview:-1\" \/>\n<link rel=\"canonical\" href=\"https:\/\/www.pcvue.com\/fr\/nos-offres\/par-applications\/fonctions-scada\/architectures-et-deploiement\/\" \/>\n<meta property=\"og:locale\" content=\"fr_FR\" \/>\n<meta property=\"og:type\" content=\"article\" \/>\n<meta property=\"og:title\" content=\"Architectures et d\u00e9ploiement - PcVue\" \/>\n<meta property=\"og:url\" content=\"https:\/\/www.pcvue.com\/fr\/nos-offres\/par-applications\/fonctions-scada\/architectures-et-deploiement\/\" \/>\n<meta property=\"og:site_name\" content=\"PcVue\" \/>\n<meta property=\"article:modified_time\" content=\"2024-10-02T14:05:35+00:00\" \/>\n<meta name=\"twitter:card\" content=\"summary_large_image\" \/>\n<script type=\"application\/ld+json\" class=\"yoast-schema-graph\">{\"@context\":\"https:\/\/schema.org\",\"@graph\":[{\"@type\":\"WebPage\",\"@id\":\"https:\/\/www.pcvue.com\/fr\/nos-offres\/par-applications\/fonctions-scada\/architectures-et-deploiement\/\",\"url\":\"https:\/\/www.pcvue.com\/fr\/nos-offres\/par-applications\/fonctions-scada\/architectures-et-deploiement\/\",\"name\":\"Architectures et d\u00e9ploiement - PcVue\",\"isPartOf\":{\"@id\":\"https:\/\/www.pcvue.com\/fr\/#website\"},\"datePublished\":\"2024-05-15T07:54:15+00:00\",\"dateModified\":\"2024-10-02T14:05:35+00:00\",\"breadcrumb\":{\"@id\":\"https:\/\/www.pcvue.com\/fr\/nos-offres\/par-applications\/fonctions-scada\/architectures-et-deploiement\/#breadcrumb\"},\"inLanguage\":\"fr-FR\",\"potentialAction\":[{\"@type\":\"ReadAction\",\"target\":[\"https:\/\/www.pcvue.com\/fr\/nos-offres\/par-applications\/fonctions-scada\/architectures-et-deploiement\/\"]}]},{\"@type\":\"BreadcrumbList\",\"@id\":\"https:\/\/www.pcvue.com\/fr\/nos-offres\/par-applications\/fonctions-scada\/architectures-et-deploiement\/#breadcrumb\",\"itemListElement\":[{\"@type\":\"ListItem\",\"position\":1,\"name\":\"Home\",\"item\":\"https:\/\/www.pcvue.com\/fr\/\"},{\"@type\":\"ListItem\",\"position\":2,\"name\":\"Nos offres\",\"item\":\"https:\/\/www.pcvue.com\/our-offers\/\"},{\"@type\":\"ListItem\",\"position\":3,\"name\":\"Par Applications\",\"item\":\"https:\/\/www.pcvue.com\/our-offers\/by-application\/\"},{\"@type\":\"ListItem\",\"position\":4,\"name\":\"Fonctions SCADA\",\"item\":\"https:\/\/www.pcvue.com\/fr\/nos-offres\/par-applications\/fonctions-scada\/\"},{\"@type\":\"ListItem\",\"position\":5,\"name\":\"Architectures et d\u00e9ploiement\"}]},{\"@type\":\"WebSite\",\"@id\":\"https:\/\/www.pcvue.com\/fr\/#website\",\"url\":\"https:\/\/www.pcvue.com\/fr\/\",\"name\":\"PcVue\",\"description\":\"LET&#039;S ENGINEER\",\"publisher\":{\"@id\":\"https:\/\/www.pcvue.com\/fr\/#organization\"},\"potentialAction\":[{\"@type\":\"SearchAction\",\"target\":{\"@type\":\"EntryPoint\",\"urlTemplate\":\"https:\/\/www.pcvue.com\/fr\/?s={search_term_string}\"},\"query-input\":{\"@type\":\"PropertyValueSpecification\",\"valueRequired\":true,\"valueName\":\"search_term_string\"}}],\"inLanguage\":\"fr-FR\"},{\"@type\":\"Organization\",\"@id\":\"https:\/\/www.pcvue.com\/fr\/#organization\",\"name\":\"PcVue\",\"url\":\"https:\/\/www.pcvue.com\/fr\/\",\"logo\":{\"@type\":\"ImageObject\",\"inLanguage\":\"fr-FR\",\"@id\":\"https:\/\/www.pcvue.com\/fr\/#\/schema\/logo\/image\/\",\"url\":\"https:\/\/www.pcvue.com\/wp-content\/uploads\/2024\/04\/fullColor.svg\",\"contentUrl\":\"https:\/\/www.pcvue.com\/wp-content\/uploads\/2024\/04\/fullColor.svg\",\"caption\":\"PcVue\"},\"image\":{\"@id\":\"https:\/\/www.pcvue.com\/fr\/#\/schema\/logo\/image\/\"}}]}<\/script>\n<!-- \/ Yoast SEO plugin. -->","yoast_head_json":{"title":"Architectures et d\u00e9ploiement - PcVue","robots":{"index":"index","follow":"follow","max-snippet":"max-snippet:-1","max-image-preview":"max-image-preview:large","max-video-preview":"max-video-preview:-1"},"canonical":"https:\/\/www.pcvue.com\/fr\/nos-offres\/par-applications\/fonctions-scada\/architectures-et-deploiement\/","og_locale":"fr_FR","og_type":"article","og_title":"Architectures et d\u00e9ploiement - PcVue","og_url":"https:\/\/www.pcvue.com\/fr\/nos-offres\/par-applications\/fonctions-scada\/architectures-et-deploiement\/","og_site_name":"PcVue","article_modified_time":"2024-10-02T14:05:35+00:00","twitter_card":"summary_large_image","schema":{"@context":"https:\/\/schema.org","@graph":[{"@type":"WebPage","@id":"https:\/\/www.pcvue.com\/fr\/nos-offres\/par-applications\/fonctions-scada\/architectures-et-deploiement\/","url":"https:\/\/www.pcvue.com\/fr\/nos-offres\/par-applications\/fonctions-scada\/architectures-et-deploiement\/","name":"Architectures et d\u00e9ploiement - PcVue","isPartOf":{"@id":"https:\/\/www.pcvue.com\/fr\/#website"},"datePublished":"2024-05-15T07:54:15+00:00","dateModified":"2024-10-02T14:05:35+00:00","breadcrumb":{"@id":"https:\/\/www.pcvue.com\/fr\/nos-offres\/par-applications\/fonctions-scada\/architectures-et-deploiement\/#breadcrumb"},"inLanguage":"fr-FR","potentialAction":[{"@type":"ReadAction","target":["https:\/\/www.pcvue.com\/fr\/nos-offres\/par-applications\/fonctions-scada\/architectures-et-deploiement\/"]}]},{"@type":"BreadcrumbList","@id":"https:\/\/www.pcvue.com\/fr\/nos-offres\/par-applications\/fonctions-scada\/architectures-et-deploiement\/#breadcrumb","itemListElement":[{"@type":"ListItem","position":1,"name":"Home","item":"https:\/\/www.pcvue.com\/fr\/"},{"@type":"ListItem","position":2,"name":"Nos offres","item":"https:\/\/www.pcvue.com\/our-offers\/"},{"@type":"ListItem","position":3,"name":"Par Applications","item":"https:\/\/www.pcvue.com\/our-offers\/by-application\/"},{"@type":"ListItem","position":4,"name":"Fonctions SCADA","item":"https:\/\/www.pcvue.com\/fr\/nos-offres\/par-applications\/fonctions-scada\/"},{"@type":"ListItem","position":5,"name":"Architectures et d\u00e9ploiement"}]},{"@type":"WebSite","@id":"https:\/\/www.pcvue.com\/fr\/#website","url":"https:\/\/www.pcvue.com\/fr\/","name":"PcVue","description":"LET&#039;S ENGINEER","publisher":{"@id":"https:\/\/www.pcvue.com\/fr\/#organization"},"potentialAction":[{"@type":"SearchAction","target":{"@type":"EntryPoint","urlTemplate":"https:\/\/www.pcvue.com\/fr\/?s={search_term_string}"},"query-input":{"@type":"PropertyValueSpecification","valueRequired":true,"valueName":"search_term_string"}}],"inLanguage":"fr-FR"},{"@type":"Organization","@id":"https:\/\/www.pcvue.com\/fr\/#organization","name":"PcVue","url":"https:\/\/www.pcvue.com\/fr\/","logo":{"@type":"ImageObject","inLanguage":"fr-FR","@id":"https:\/\/www.pcvue.com\/fr\/#\/schema\/logo\/image\/","url":"https:\/\/www.pcvue.com\/wp-content\/uploads\/2024\/04\/fullColor.svg","contentUrl":"https:\/\/www.pcvue.com\/wp-content\/uploads\/2024\/04\/fullColor.svg","caption":"PcVue"},"image":{"@id":"https:\/\/www.pcvue.com\/fr\/#\/schema\/logo\/image\/"}}]}},"_links":{"self":[{"href":"https:\/\/www.pcvue.com\/fr\/wp-json\/wp\/v2\/pages\/18589","targetHints":{"allow":["GET"]}}],"collection":[{"href":"https:\/\/www.pcvue.com\/fr\/wp-json\/wp\/v2\/pages"}],"about":[{"href":"https:\/\/www.pcvue.com\/fr\/wp-json\/wp\/v2\/types\/page"}],"author":[{"embeddable":true,"href":"https:\/\/www.pcvue.com\/fr\/wp-json\/wp\/v2\/users\/1"}],"replies":[{"embeddable":true,"href":"https:\/\/www.pcvue.com\/fr\/wp-json\/wp\/v2\/comments?post=18589"}],"version-history":[{"count":7,"href":"https:\/\/www.pcvue.com\/fr\/wp-json\/wp\/v2\/pages\/18589\/revisions"}],"predecessor-version":[{"id":23361,"href":"https:\/\/www.pcvue.com\/fr\/wp-json\/wp\/v2\/pages\/18589\/revisions\/23361"}],"up":[{"embeddable":true,"href":"https:\/\/www.pcvue.com\/fr\/wp-json\/wp\/v2\/pages\/15227"}],"wp:attachment":[{"href":"https:\/\/www.pcvue.com\/fr\/wp-json\/wp\/v2\/media?parent=18589"}],"curies":[{"name":"wp","href":"https:\/\/api.w.org\/{rel}","templated":true}]}}