{"id":18638,"date":"2024-05-15T01:45:39","date_gmt":"2024-05-15T01:45:39","guid":{"rendered":"https:\/\/ig8df3bgexm.preview.infomaniak.website\/traitement-et-reporting-des-donnees\/"},"modified":"2025-01-27T20:56:32","modified_gmt":"2025-01-27T20:56:32","slug":"traitement-et-reporting-des-donnees","status":"publish","type":"page","link":"https:\/\/www.pcvue.com\/fr\/traitement-et-reporting-des-donnees\/","title":{"rendered":"Traitement de donn\u00e9es et rapports"},"content":{"rendered":"\n    <div class=\"content-scada-page\">\n                    <h5 class=\"title-block full-width\" data-aos=\"fade-up\">\n                PcVue transforme vos donn\u00e9es en informations            <\/h5>\n        \n                        <div class=\"type-block content-default\">\n                    <div class=\"border-all full-width hide-mb\" data-aos=\"fade-up\"><p>PcVue offre tous les outils n\u00e9cessaires \u00e0 l&#8217;\u00e9change de donn\u00e9es, \u00e0 l&#8217;extraction, aux statistiques et au reporting pour couvrir vos besoins d&#8217;information.<\/p>\n<\/div>\n            <\/div>\n    <div class=\"content-image\">\n                                    <div class=\"border-image hide-mb\" data-aos=\"fade-up\">\n                    <picture>\n                        <source media=\"(max-width:767.98px)\" srcset=\"https:\/\/www.pcvue.com\/wp-content\/uploads\/2024\/09\/4-web.png\">\n                        <img decoding=\"async\" src=\"https:\/\/www.pcvue.com\/wp-content\/uploads\/2024\/09\/4-web.png\" alt=\"image\" loading=\"lazy\" \/>\n                    <\/picture>\n                <\/div>\n                        <\/div>\n    <div class=\"content-box-50\">\n        <div class=\"border-all\">\n                            <div class=\"item-box-50\">\n                    <div class=\"border-item\" data-aos=\"fade-up\">\n                        <div class=\"icon\"><img decoding=\"async\" src=\"https:\/\/www.pcvue.com\/wp-content\/uploads\/2024\/09\/alarm-data-mgt_2-e1727695156939.png\" alt=\"icon\" loading=\"lazy\" \/><\/div>\n                        <div class=\"content\">PcVue permet de visualiser et d&#8217;analyser vos donn\u00e9es temps-r\u00e9el et historis\u00e9es de multiples fa\u00e7ons : courbes de tendances, listes d&#8217;alarmes et d&#8217;\u00e9v\u00e8nements, ou animations dynamiques sur les vues.\r\nL&#8217;ensemble de ces outils natifs combin\u00e9s vous permettrons une analyse fine pour mieux optimiser et piloter vos installations.\r\n<\/div>\n                                                                                                                            <\/div>\n                <\/div>\n                            <div class=\"item-box-50\">\n                    <div class=\"border-item\" data-aos=\"fade-up\">\n                        <div class=\"icon\"><img decoding=\"async\" src=\"https:\/\/www.pcvue.com\/wp-content\/uploads\/2024\/09\/document_icon-e1727695316941.png\" alt=\"icon\" loading=\"lazy\" \/><\/div>\n                        <div class=\"content\">PcVue offre tous les outils n\u00e9cessaires pour l\u2019extraction de donn\u00e9es, les calculs statistiques et la cr\u00e9ation de rapports pour permettre aux exploitants d\u2019analyser et de piloter parfaitement leurs applications.\r\nPour les analyses long terme, les comparatifs, les statistiques, le contr\u00f4le de conformit\u00e9, les rapports Excel d\u00e9taill\u00e9s sont souvent requis. L\u2019export de donn\u00e9es natif de PcVue est capable de g\u00e9n\u00e9rer des donn\u00e9es statistiques depuis des archives et de cr\u00e9er automatiquement des rapports sous Excel.<\/div>\n                                                                                                                            <\/div>\n                <\/div>\n                            <div class=\"item-box-50\">\n                    <div class=\"border-item\" data-aos=\"fade-up\">\n                        <div class=\"icon\"><img decoding=\"async\" src=\"https:\/\/www.pcvue.com\/wp-content\/uploads\/2024\/09\/database_icon-e1727695359628.png\" alt=\"icon\" loading=\"lazy\" \/><\/div>\n                        <div class=\"content\">La technologie d\u2019archivage HDS de PcVue permet la connexion \u00e0 une base de donn\u00e9es SQL au format ouvert. Les donn\u00e9es sont donc disponibles pour tout reporting ou traitement. L\u2019utilisation de Microsoft \u00ae SQL Server\u2122 Reporting peut donc \u00eatre un bon moyen pour cr\u00e9er vos propres rapports. Microsoft\u00ae SQL Server\u2122 Reporting Services est une plate-forme de reporting qui combine l\u2019\u00e9volutivit\u00e9 et la facilit\u00e9 de gestion d\u2019un serveur de rapports g\u00e9r\u00e9 de mani\u00e8re centralis\u00e9e avec la flexibilit\u00e9 de la diffusion de rapports sur le Web et sur le bureau.\r\n<\/div>\n                                                                                                                            <\/div>\n                <\/div>\n                            <div class=\"item-box-50\">\n                    <div class=\"border-item\" data-aos=\"fade-up\">\n                        <div class=\"icon\"><img decoding=\"async\" src=\"https:\/\/www.pcvue.com\/wp-content\/uploads\/2024\/09\/data_icon-e1727695397167.png\" alt=\"icon\" loading=\"lazy\" \/><\/div>\n                        <div class=\"content\">Pour des fonctions de rapports avanc\u00e9es incluant la r\u00e9cup\u00e9ration de donn\u00e9es, la cr\u00e9ation du rapport graphique, ou encore des fonctionnalit\u00e9s de publication web, tout cela avec une interface conviviale et sans scripts, PcVue offre une int\u00e9gration native au logiciel de reporting Dream Report.<\/div>\n                                                                                                                            <\/div>\n                <\/div>\n                    <\/div>\n    <\/div>\n    <div class=\"content-video-scada\">\n                    <div class=\"border-video\">\n                                                            <div class=\"banner-video video video-embeded\" data-aos=\"fade-up\">\n                                                            <img decoding=\"async\" class=\"img-thumbnail\" src=\"https:\/\/www.pcvue.com\/wp-content\/uploads\/2024\/09\/PcVue_WebsiteGraphic_30SEP24-02.jpg\" alt=\"Image Thumbnail\" loading=\"lazy\">\n                                                        <div class=\"border-iframe\">\n                                <iframe loading=\"lazy\" title=\"Demo INDUS: Reporting\" width=\"640\" height=\"360\" src=\"https:\/\/www.youtube.com\/embed\/Po9ZMtBthSY?feature=oembed&#038;mute=1&#038;controls=1&#038;hd=1&#038;autohide=1&#038;loop=1&#038;playsinline=1&#038;playlist=Po9ZMtBthSY\" frameborder=\"0\" allow=\"accelerometer; autoplay; clipboard-write; encrypted-media; gyroscope; picture-in-picture; web-share\" referrerpolicy=\"strict-origin-when-cross-origin\" allowfullscreen frameborder=\"0\" class=\"no-lazy\"><\/iframe>                            <\/div>\n                            <div class=\"playButton icon-play\">\n                                <svg id=\"playButton\" width=\"60\" height=\"60\" viewBox=\"0 0 60 60\" fill=\"none\" xmlns=\"http:\/\/www.w3.org\/2000\/svg\">\n                                    <path d=\"M7.5 30V47.4178C7.5 53.1908 13.8359 56.84 18.9916 54.0363L26.999 49.6817M7.5 20V12.5822C7.5 6.8092 13.8359 3.16005 18.9915 5.9637L51.0215 23.3814C56.3262 26.2662 56.3262 33.7337 51.0215 36.6185L35.0065 45.3275\" stroke=\"#1C274C\" stroke-width=\"3.75\" stroke-linecap=\"round\" \/>\n                                <\/svg>\n                            <\/div>\n                        <\/div>\n                                                <\/div>\n            <\/div>\n            <\/div>\n\n\n\n\n<div class=\"content-solutions-product\">\n           \n<\/div>\n\n\n\n\n    <div class=\"content-scada-page merge-block container d-flex\">\n        \n                            <div class=\"type-block content-button\">\n            <a class=\"button arrow\" href=\"https:\/\/www.pcvue.com\/fr\/service-client\/formation\/\" target=\"_self\">Besoin d&#039;une formation?<\/a>\n        <\/div>\n    \n    <div class=\"content-quote\">\n        <div class=\"border-all\">\n            \n                                    <div class=\"info-all-quote\">\n                                                    \n                                            <\/div>\n                \n                \n                    <\/div>\n    <\/div>\n        <div class=\"type-block content-button\">\n            <a class=\"button arrow btn-view-pdf\" href=\"https:\/\/www.pcvue.com\/wp-content\/uploads\/2016\/10\/PcVue_Fonctionnalites_Brochure.pdf\" target=\"_self\">Plus de fonctionnalit\u00e9s<\/a>\n            <div class=\"flip-reader hidden\">\n                <div class=\"_df_thumb \" id=\"df_rand627907543\"  data-title=\"\" wpoptions=\"true\" thumbtype=\"\" source=\"https:\/\/www.pcvue.com\/wp-content\/uploads\/2016\/10\/PcVue_Fonctionnalites_Brochure.pdf\" >Open Book<\/div>             <\/div>\n        <\/div>\n    \n    <div class=\"content-quote\">\n        <div class=\"border-all\">\n            \n                                    <div class=\"info-all-quote\">\n                                                    \n                                            <\/div>\n                \n                \n                    <\/div>\n    <\/div>\n            <\/div>\n\n","protected":false},"excerpt":{"rendered":"","protected":false},"author":1,"featured_media":16990,"parent":0,"menu_order":0,"comment_status":"closed","ping_status":"closed","template":"templates\/scada.php","meta":{"_acf_changed":false,"content-type":"","footnotes":""},"class_list":["post-18638","page","type-page","status-publish","has-post-thumbnail","hentry"],"acf":[],"yoast_head":"<!-- This site is optimized with the Yoast SEO plugin v26.4 - https:\/\/yoast.com\/wordpress\/plugins\/seo\/ -->\n<title>Traitement de donn\u00e9es et rapports - PcVue<\/title>\n<meta name=\"robots\" content=\"index, follow, max-snippet:-1, max-image-preview:large, max-video-preview:-1\" \/>\n<link rel=\"canonical\" href=\"https:\/\/www.pcvue.com\/fr\/traitement-et-reporting-des-donnees\/\" \/>\n<meta property=\"og:locale\" content=\"fr_FR\" \/>\n<meta property=\"og:type\" content=\"article\" \/>\n<meta property=\"og:title\" content=\"Traitement de donn\u00e9es et rapports - PcVue\" \/>\n<meta property=\"og:url\" content=\"https:\/\/www.pcvue.com\/fr\/traitement-et-reporting-des-donnees\/\" \/>\n<meta property=\"og:site_name\" content=\"PcVue\" \/>\n<meta property=\"article:modified_time\" content=\"2025-01-27T20:56:32+00:00\" \/>\n<meta property=\"og:image\" content=\"https:\/\/www.pcvue.com\/wp-content\/uploads\/2024\/05\/engineer-checking-resistance-in-solar-panels-outdo-2022-04-27-02-10-04-utc-2-13.png\" \/>\n\t<meta property=\"og:image:width\" content=\"500\" \/>\n\t<meta property=\"og:image:height\" content=\"390\" \/>\n\t<meta property=\"og:image:type\" content=\"image\/png\" \/>\n<meta name=\"twitter:card\" content=\"summary_large_image\" \/>\n<meta name=\"twitter:label1\" content=\"Dur\u00e9e de lecture estim\u00e9e\" \/>\n\t<meta name=\"twitter:data1\" content=\"1 minute\" \/>\n<script type=\"application\/ld+json\" class=\"yoast-schema-graph\">{\"@context\":\"https:\/\/schema.org\",\"@graph\":[{\"@type\":\"WebPage\",\"@id\":\"https:\/\/www.pcvue.com\/fr\/traitement-et-reporting-des-donnees\/\",\"url\":\"https:\/\/www.pcvue.com\/fr\/traitement-et-reporting-des-donnees\/\",\"name\":\"Traitement de donn\u00e9es et rapports - PcVue\",\"isPartOf\":{\"@id\":\"https:\/\/www.pcvue.com\/fr\/#website\"},\"primaryImageOfPage\":{\"@id\":\"https:\/\/www.pcvue.com\/fr\/traitement-et-reporting-des-donnees\/#primaryimage\"},\"image\":{\"@id\":\"https:\/\/www.pcvue.com\/fr\/traitement-et-reporting-des-donnees\/#primaryimage\"},\"thumbnailUrl\":\"https:\/\/www.pcvue.com\/wp-content\/uploads\/2024\/05\/engineer-checking-resistance-in-solar-panels-outdo-2022-04-27-02-10-04-utc-2-13.png\",\"datePublished\":\"2024-05-15T01:45:39+00:00\",\"dateModified\":\"2025-01-27T20:56:32+00:00\",\"breadcrumb\":{\"@id\":\"https:\/\/www.pcvue.com\/fr\/traitement-et-reporting-des-donnees\/#breadcrumb\"},\"inLanguage\":\"fr-FR\",\"potentialAction\":[{\"@type\":\"ReadAction\",\"target\":[\"https:\/\/www.pcvue.com\/fr\/traitement-et-reporting-des-donnees\/\"]}]},{\"@type\":\"ImageObject\",\"inLanguage\":\"fr-FR\",\"@id\":\"https:\/\/www.pcvue.com\/fr\/traitement-et-reporting-des-donnees\/#primaryimage\",\"url\":\"https:\/\/www.pcvue.com\/wp-content\/uploads\/2024\/05\/engineer-checking-resistance-in-solar-panels-outdo-2022-04-27-02-10-04-utc-2-13.png\",\"contentUrl\":\"https:\/\/www.pcvue.com\/wp-content\/uploads\/2024\/05\/engineer-checking-resistance-in-solar-panels-outdo-2022-04-27-02-10-04-utc-2-13.png\",\"width\":500,\"height\":390,\"caption\":\"engineer checking resistance in solar panels outdo 2022 04 27 02 10 04 utc 2 13\"},{\"@type\":\"BreadcrumbList\",\"@id\":\"https:\/\/www.pcvue.com\/fr\/traitement-et-reporting-des-donnees\/#breadcrumb\",\"itemListElement\":[{\"@type\":\"ListItem\",\"position\":1,\"name\":\"Home\",\"item\":\"https:\/\/www.pcvue.com\/fr\/\"},{\"@type\":\"ListItem\",\"position\":2,\"name\":\"Traitement de donn\u00e9es et rapports\"}]},{\"@type\":\"WebSite\",\"@id\":\"https:\/\/www.pcvue.com\/fr\/#website\",\"url\":\"https:\/\/www.pcvue.com\/fr\/\",\"name\":\"PcVue\",\"description\":\"LET&#039;S ENGINEER\",\"publisher\":{\"@id\":\"https:\/\/www.pcvue.com\/fr\/#organization\"},\"potentialAction\":[{\"@type\":\"SearchAction\",\"target\":{\"@type\":\"EntryPoint\",\"urlTemplate\":\"https:\/\/www.pcvue.com\/fr\/?s={search_term_string}\"},\"query-input\":{\"@type\":\"PropertyValueSpecification\",\"valueRequired\":true,\"valueName\":\"search_term_string\"}}],\"inLanguage\":\"fr-FR\"},{\"@type\":\"Organization\",\"@id\":\"https:\/\/www.pcvue.com\/fr\/#organization\",\"name\":\"PcVue\",\"url\":\"https:\/\/www.pcvue.com\/fr\/\",\"logo\":{\"@type\":\"ImageObject\",\"inLanguage\":\"fr-FR\",\"@id\":\"https:\/\/www.pcvue.com\/fr\/#\/schema\/logo\/image\/\",\"url\":\"https:\/\/www.pcvue.com\/wp-content\/uploads\/2024\/04\/fullColor.svg\",\"contentUrl\":\"https:\/\/www.pcvue.com\/wp-content\/uploads\/2024\/04\/fullColor.svg\",\"caption\":\"PcVue\"},\"image\":{\"@id\":\"https:\/\/www.pcvue.com\/fr\/#\/schema\/logo\/image\/\"}}]}<\/script>\n<!-- \/ Yoast SEO plugin. -->","yoast_head_json":{"title":"Traitement de donn\u00e9es et rapports - PcVue","robots":{"index":"index","follow":"follow","max-snippet":"max-snippet:-1","max-image-preview":"max-image-preview:large","max-video-preview":"max-video-preview:-1"},"canonical":"https:\/\/www.pcvue.com\/fr\/traitement-et-reporting-des-donnees\/","og_locale":"fr_FR","og_type":"article","og_title":"Traitement de donn\u00e9es et rapports - PcVue","og_url":"https:\/\/www.pcvue.com\/fr\/traitement-et-reporting-des-donnees\/","og_site_name":"PcVue","article_modified_time":"2025-01-27T20:56:32+00:00","og_image":[{"width":500,"height":390,"url":"https:\/\/www.pcvue.com\/wp-content\/uploads\/2024\/05\/engineer-checking-resistance-in-solar-panels-outdo-2022-04-27-02-10-04-utc-2-13.png","type":"image\/png"}],"twitter_card":"summary_large_image","twitter_misc":{"Dur\u00e9e de lecture estim\u00e9e":"1 minute"},"schema":{"@context":"https:\/\/schema.org","@graph":[{"@type":"WebPage","@id":"https:\/\/www.pcvue.com\/fr\/traitement-et-reporting-des-donnees\/","url":"https:\/\/www.pcvue.com\/fr\/traitement-et-reporting-des-donnees\/","name":"Traitement de donn\u00e9es et rapports - PcVue","isPartOf":{"@id":"https:\/\/www.pcvue.com\/fr\/#website"},"primaryImageOfPage":{"@id":"https:\/\/www.pcvue.com\/fr\/traitement-et-reporting-des-donnees\/#primaryimage"},"image":{"@id":"https:\/\/www.pcvue.com\/fr\/traitement-et-reporting-des-donnees\/#primaryimage"},"thumbnailUrl":"https:\/\/www.pcvue.com\/wp-content\/uploads\/2024\/05\/engineer-checking-resistance-in-solar-panels-outdo-2022-04-27-02-10-04-utc-2-13.png","datePublished":"2024-05-15T01:45:39+00:00","dateModified":"2025-01-27T20:56:32+00:00","breadcrumb":{"@id":"https:\/\/www.pcvue.com\/fr\/traitement-et-reporting-des-donnees\/#breadcrumb"},"inLanguage":"fr-FR","potentialAction":[{"@type":"ReadAction","target":["https:\/\/www.pcvue.com\/fr\/traitement-et-reporting-des-donnees\/"]}]},{"@type":"ImageObject","inLanguage":"fr-FR","@id":"https:\/\/www.pcvue.com\/fr\/traitement-et-reporting-des-donnees\/#primaryimage","url":"https:\/\/www.pcvue.com\/wp-content\/uploads\/2024\/05\/engineer-checking-resistance-in-solar-panels-outdo-2022-04-27-02-10-04-utc-2-13.png","contentUrl":"https:\/\/www.pcvue.com\/wp-content\/uploads\/2024\/05\/engineer-checking-resistance-in-solar-panels-outdo-2022-04-27-02-10-04-utc-2-13.png","width":500,"height":390,"caption":"engineer checking resistance in solar panels outdo 2022 04 27 02 10 04 utc 2 13"},{"@type":"BreadcrumbList","@id":"https:\/\/www.pcvue.com\/fr\/traitement-et-reporting-des-donnees\/#breadcrumb","itemListElement":[{"@type":"ListItem","position":1,"name":"Home","item":"https:\/\/www.pcvue.com\/fr\/"},{"@type":"ListItem","position":2,"name":"Traitement de donn\u00e9es et rapports"}]},{"@type":"WebSite","@id":"https:\/\/www.pcvue.com\/fr\/#website","url":"https:\/\/www.pcvue.com\/fr\/","name":"PcVue","description":"LET&#039;S ENGINEER","publisher":{"@id":"https:\/\/www.pcvue.com\/fr\/#organization"},"potentialAction":[{"@type":"SearchAction","target":{"@type":"EntryPoint","urlTemplate":"https:\/\/www.pcvue.com\/fr\/?s={search_term_string}"},"query-input":{"@type":"PropertyValueSpecification","valueRequired":true,"valueName":"search_term_string"}}],"inLanguage":"fr-FR"},{"@type":"Organization","@id":"https:\/\/www.pcvue.com\/fr\/#organization","name":"PcVue","url":"https:\/\/www.pcvue.com\/fr\/","logo":{"@type":"ImageObject","inLanguage":"fr-FR","@id":"https:\/\/www.pcvue.com\/fr\/#\/schema\/logo\/image\/","url":"https:\/\/www.pcvue.com\/wp-content\/uploads\/2024\/04\/fullColor.svg","contentUrl":"https:\/\/www.pcvue.com\/wp-content\/uploads\/2024\/04\/fullColor.svg","caption":"PcVue"},"image":{"@id":"https:\/\/www.pcvue.com\/fr\/#\/schema\/logo\/image\/"}}]}},"_links":{"self":[{"href":"https:\/\/www.pcvue.com\/fr\/wp-json\/wp\/v2\/pages\/18638","targetHints":{"allow":["GET"]}}],"collection":[{"href":"https:\/\/www.pcvue.com\/fr\/wp-json\/wp\/v2\/pages"}],"about":[{"href":"https:\/\/www.pcvue.com\/fr\/wp-json\/wp\/v2\/types\/page"}],"author":[{"embeddable":true,"href":"https:\/\/www.pcvue.com\/fr\/wp-json\/wp\/v2\/users\/1"}],"replies":[{"embeddable":true,"href":"https:\/\/www.pcvue.com\/fr\/wp-json\/wp\/v2\/comments?post=18638"}],"version-history":[{"count":25,"href":"https:\/\/www.pcvue.com\/fr\/wp-json\/wp\/v2\/pages\/18638\/revisions"}],"predecessor-version":[{"id":27143,"href":"https:\/\/www.pcvue.com\/fr\/wp-json\/wp\/v2\/pages\/18638\/revisions\/27143"}],"wp:featuredmedia":[{"embeddable":true,"href":"https:\/\/www.pcvue.com\/fr\/wp-json\/wp\/v2\/media\/16990"}],"wp:attachment":[{"href":"https:\/\/www.pcvue.com\/fr\/wp-json\/wp\/v2\/media?parent=18638"}],"curies":[{"name":"wp","href":"https:\/\/api.w.org\/{rel}","templated":true}]}}