{"id":18720,"date":"2023-12-06T02:54:30","date_gmt":"2023-12-06T02:54:30","guid":{"rendered":"https:\/\/ig8df3bgexm.preview.infomaniak.website\/guide-de-style\/"},"modified":"2024-08-14T16:50:33","modified_gmt":"2024-08-14T16:50:33","slug":"guide-de-style","status":"publish","type":"page","link":"https:\/\/www.pcvue.com\/fr\/guide-de-style\/","title":{"rendered":"Guide de style"},"content":{"rendered":"\n<div class=\"container\">\n    <h1>Heading 1<\/h1>\n    <h2>Heading 2<\/h2>\n    <h3>Heading 3<\/h3>\n    <h4>Heading 4<\/h4>\n    <h5>Heading 5<\/h5>\n    <div class=\"corp-site-banner\">\n        <h2 class=\"title line-gradient\">Let\u2019s Engineer!<\/h2>\n    <\/div>\n    <a href=\"#\">Link<\/a>\n\n    <div class=\"button-wrapper\">\n        <a href=\"#\" class=\"button arrow\">View All<\/a>\n        <a href=\"#\" class=\"button roll\">View All<span><\/span><\/a>\n        <a href=\"#\" class=\"button\">Clear<\/a>\n\n        <a href=\"#\" class=\"button secondary\">Expand categories<\/a>\n        <a href=\"#\" class=\"button secondary only-arrow\"><\/a>\n        <a href=\"#\" class=\"button secondary only-arrow-roll\"><\/a>\n        <a href=\"#\" class=\"button secondary arrow\">READ MORE<\/a>\n    <\/div>\n\n    <p>Lorem ipsum dolor sit amet consectetur adipisicing elit. Aspernatur nesciunt molestiae, enim earum quidem facere veritatis minus nulla quos reprehenderit quaerat dolor sequi ipsam repellat et facilis autem. Eligendi, laborum. <\/p>\n\n\n    <h4>Input<\/h4>\n    <form action=\"\" style=\"max-width: 323px\">\n        <label for=\"\">Username or Email <span>*<\/span><\/label>\n        <input type=\"text\" placeholder=\"Type Username\">\n\n        <h4>Input complete<\/h4>\n        <label for=\"\">Username or Email <span>*<\/span><\/label>\n        <input type=\"text\" placeholder=\"Type Username\">\n\n        <h4>Input error<\/h4>\n        <label for=\"\">Username or Email <span>*<\/span><\/label>\n        <input class=\"error\" type=\"text\" placeholder=\"Type Username\">\n        <span class=\"error-alert\">Incorrect entry.<\/span>\n    <\/form>\n    <h4>Tab<\/h4>\n    <span class=\"tab\">TOP<\/span>\n    <span class=\"tab active\">TOP<\/span>\n\n    <h4>Tag<\/h4>\n    <span class=\"pcvue-tag\">Alarm data mgt<\/span>\n    <span class=\"pcvue-tag\">Archive Data mgt<\/span>\n\n    <h2>Pagination<\/h2>\n\n    <div class=\"swiper-pagination swiper-pagination-bullets swiper-pagination-horizontal\">\n        <span class=\"swiper-pagination-bullet swiper-pagination-bullet-active\" aria-current=\"true\">\n        <\/span><span class=\"swiper-pagination-bullet\"><\/span>\n        <span class=\"swiper-pagination-bullet\"><\/span><span class=\"swiper-pagination-bullet\"><\/span>\n    <\/div>\n<\/div>    <div class=\"corp-home-banner\">\n        <div class=\"container\">\n            <div class=\"corp-site-banner swiper\">\n                <div class=\"swiper-wrapper\">\n                                                <div class=\"swiper-slide\">\n                                                                    <div class=\"swiper-img desktop\" data-aos=\"fade-down\">\n                                        <img loading=\"lazy\" decoding=\"async\" width=\"2270\" height=\"1100\" src=\"https:\/\/www.pcvue.com\/wp-content\/uploads\/2024\/01\/banner-laptop-3.png\" class=\"attachment-full size-full\" alt=\"banner laptop 3\" srcset=\"https:\/\/www.pcvue.com\/wp-content\/uploads\/2024\/01\/banner-laptop-3.png 2270w, https:\/\/www.pcvue.com\/wp-content\/uploads\/2024\/01\/banner-laptop-3-300x145.png 300w, https:\/\/www.pcvue.com\/wp-content\/uploads\/2024\/01\/banner-laptop-3-1024x496.png 1024w, https:\/\/www.pcvue.com\/wp-content\/uploads\/2024\/01\/banner-laptop-3-768x372.png 768w, https:\/\/www.pcvue.com\/wp-content\/uploads\/2024\/01\/banner-laptop-3-1536x744.png 1536w, https:\/\/www.pcvue.com\/wp-content\/uploads\/2024\/01\/banner-laptop-3-2048x992.png 2048w\" sizes=\"auto, (max-width: 2270px) 100vw, 2270px\" \/>                                    <\/div>\n                                    <div class=\"swiper-img mobile\" data-aos=\"fade-down\">\n                                        <img loading=\"lazy\" decoding=\"async\" width=\"860\" height=\"1680\" src=\"https:\/\/www.pcvue.com\/wp-content\/uploads\/2024\/01\/banner-mobile-1.png\" class=\"attachment-full size-full\" alt=\"banner mobile 1\" srcset=\"https:\/\/www.pcvue.com\/wp-content\/uploads\/2024\/01\/banner-mobile-1.png 860w, https:\/\/www.pcvue.com\/wp-content\/uploads\/2024\/01\/banner-mobile-1-154x300.png 154w, https:\/\/www.pcvue.com\/wp-content\/uploads\/2024\/01\/banner-mobile-1-524x1024.png 524w, https:\/\/www.pcvue.com\/wp-content\/uploads\/2024\/01\/banner-mobile-1-768x1500.png 768w, https:\/\/www.pcvue.com\/wp-content\/uploads\/2024\/01\/banner-mobile-1-786x1536.png 786w\" sizes=\"auto, (max-width: 860px) 100vw, 860px\" \/>                                    <\/div>\n                                                                <div class=\"swiper-content\">\n                                                                            <h2 class=\"title\" data-aos=\"fade-up\">Ing\u00e9nierie !<\/h2>\n                                                                                                                <div class=\"content\" data-aos=\"fade-up\"><p>La plateforme PcVue am\u00e9liore l&#8217;exp\u00e9rience des utilisateurs dans l&#8217;exploitation des syst\u00e8mes avec des logiciels s\u00e9curis\u00e9s, stables et \u00e9volutifs. PcVue permet ainsi aux entreprises d&#8217;am\u00e9liorer la productivit\u00e9 et la p\u00e9rennit\u00e9 de leurs installations en simplifiant la digitalisation. Avec PcVue comme partenaire, vous disposez de solutions fiables et \u00e9prouv\u00e9es adapt\u00e9es \u00e0 vos besoins, efficaces et p\u00e9rennes.<\/p>\n<\/div>\n                                                                                                        <\/div>\n                            <\/div>\n                                                <div class=\"swiper-slide\">\n                                                                    <div class=\"swiper-img desktop\" data-aos=\"fade-down\">\n                                        <img loading=\"lazy\" decoding=\"async\" width=\"2270\" height=\"1100\" src=\"https:\/\/www.pcvue.com\/wp-content\/uploads\/2024\/01\/banner-laptop-3.png\" class=\"attachment-full size-full\" alt=\"banner laptop 3\" srcset=\"https:\/\/www.pcvue.com\/wp-content\/uploads\/2024\/01\/banner-laptop-3.png 2270w, https:\/\/www.pcvue.com\/wp-content\/uploads\/2024\/01\/banner-laptop-3-300x145.png 300w, https:\/\/www.pcvue.com\/wp-content\/uploads\/2024\/01\/banner-laptop-3-1024x496.png 1024w, https:\/\/www.pcvue.com\/wp-content\/uploads\/2024\/01\/banner-laptop-3-768x372.png 768w, https:\/\/www.pcvue.com\/wp-content\/uploads\/2024\/01\/banner-laptop-3-1536x744.png 1536w, https:\/\/www.pcvue.com\/wp-content\/uploads\/2024\/01\/banner-laptop-3-2048x992.png 2048w\" sizes=\"auto, (max-width: 2270px) 100vw, 2270px\" \/>                                    <\/div>\n                                    <div class=\"swiper-img mobile\" data-aos=\"fade-down\">\n                                        <img loading=\"lazy\" decoding=\"async\" width=\"860\" height=\"1680\" src=\"https:\/\/www.pcvue.com\/wp-content\/uploads\/2024\/01\/banner-mobile-1.png\" class=\"attachment-full size-full\" alt=\"banner mobile 1\" srcset=\"https:\/\/www.pcvue.com\/wp-content\/uploads\/2024\/01\/banner-mobile-1.png 860w, https:\/\/www.pcvue.com\/wp-content\/uploads\/2024\/01\/banner-mobile-1-154x300.png 154w, https:\/\/www.pcvue.com\/wp-content\/uploads\/2024\/01\/banner-mobile-1-524x1024.png 524w, https:\/\/www.pcvue.com\/wp-content\/uploads\/2024\/01\/banner-mobile-1-768x1500.png 768w, https:\/\/www.pcvue.com\/wp-content\/uploads\/2024\/01\/banner-mobile-1-786x1536.png 786w\" sizes=\"auto, (max-width: 860px) 100vw, 860px\" \/>                                    <\/div>\n                                                                <div class=\"swiper-content\">\n                                                                            <h2 class=\"title\" data-aos=\"fade-up\">Deuxi\u00e8me titre<\/h2>\n                                                                                                                <div class=\"content\" data-aos=\"fade-up\"><p>La plateforme PcVue am\u00e9liore l&#8217;exp\u00e9rience des utilisateurs dans l&#8217;exploitation des syst\u00e8mes avec des logiciels s\u00e9curis\u00e9s, stables et \u00e9volutifs. PcVue permet ainsi aux entreprises d&#8217;am\u00e9liorer la productivit\u00e9 et la p\u00e9rennit\u00e9 de leurs installations en simplifiant la digitalisation. Avec PcVue comme partenaire, vous disposez de solutions fiables et \u00e9prouv\u00e9es adapt\u00e9es \u00e0 vos besoins, efficaces et p\u00e9rennes.<\/p>\n<\/div>\n                                                                                                        <\/div>\n                            <\/div>\n                                    <\/div>\n                <div class=\"corp-banner\">\n                    <div class=\"swiper-pagination\"><\/div>\n                <\/div>\n            <\/div>\n            <div class=\"delay-time\" style=\"display:none;\">3000<\/div>\n        <\/div>\n    <\/div>\n","protected":false},"excerpt":{"rendered":"","protected":false},"author":1,"featured_media":0,"parent":0,"menu_order":0,"comment_status":"closed","ping_status":"closed","template":"templates\/corp-site.php","meta":{"_acf_changed":false,"content-type":"","footnotes":""},"class_list":["post-18720","page","type-page","status-publish","hentry"],"acf":[],"yoast_head":"<!-- This site is optimized with the Yoast SEO plugin v26.4 - https:\/\/yoast.com\/wordpress\/plugins\/seo\/ -->\n<title>Guide de style - PcVue<\/title>\n<meta name=\"robots\" content=\"index, follow, max-snippet:-1, max-image-preview:large, max-video-preview:-1\" \/>\n<link rel=\"canonical\" href=\"https:\/\/www.pcvue.com\/fr\/guide-de-style\/\" \/>\n<meta property=\"og:locale\" content=\"fr_FR\" \/>\n<meta property=\"og:type\" content=\"article\" \/>\n<meta property=\"og:title\" content=\"Guide de style - PcVue\" \/>\n<meta property=\"og:url\" content=\"https:\/\/www.pcvue.com\/fr\/guide-de-style\/\" \/>\n<meta property=\"og:site_name\" content=\"PcVue\" \/>\n<meta property=\"article:modified_time\" content=\"2024-08-14T16:50:33+00:00\" \/>\n<meta name=\"twitter:card\" content=\"summary_large_image\" \/>\n<script type=\"application\/ld+json\" class=\"yoast-schema-graph\">{\"@context\":\"https:\/\/schema.org\",\"@graph\":[{\"@type\":\"WebPage\",\"@id\":\"https:\/\/www.pcvue.com\/fr\/guide-de-style\/\",\"url\":\"https:\/\/www.pcvue.com\/fr\/guide-de-style\/\",\"name\":\"Guide de style - PcVue\",\"isPartOf\":{\"@id\":\"https:\/\/www.pcvue.com\/fr\/#website\"},\"datePublished\":\"2023-12-06T02:54:30+00:00\",\"dateModified\":\"2024-08-14T16:50:33+00:00\",\"breadcrumb\":{\"@id\":\"https:\/\/www.pcvue.com\/fr\/guide-de-style\/#breadcrumb\"},\"inLanguage\":\"fr-FR\",\"potentialAction\":[{\"@type\":\"ReadAction\",\"target\":[\"https:\/\/www.pcvue.com\/fr\/guide-de-style\/\"]}]},{\"@type\":\"BreadcrumbList\",\"@id\":\"https:\/\/www.pcvue.com\/fr\/guide-de-style\/#breadcrumb\",\"itemListElement\":[{\"@type\":\"ListItem\",\"position\":1,\"name\":\"Home\",\"item\":\"https:\/\/www.pcvue.com\/fr\/\"},{\"@type\":\"ListItem\",\"position\":2,\"name\":\"Guide de style\"}]},{\"@type\":\"WebSite\",\"@id\":\"https:\/\/www.pcvue.com\/fr\/#website\",\"url\":\"https:\/\/www.pcvue.com\/fr\/\",\"name\":\"PcVue\",\"description\":\"LET&#039;S ENGINEER\",\"publisher\":{\"@id\":\"https:\/\/www.pcvue.com\/fr\/#organization\"},\"potentialAction\":[{\"@type\":\"SearchAction\",\"target\":{\"@type\":\"EntryPoint\",\"urlTemplate\":\"https:\/\/www.pcvue.com\/fr\/?s={search_term_string}\"},\"query-input\":{\"@type\":\"PropertyValueSpecification\",\"valueRequired\":true,\"valueName\":\"search_term_string\"}}],\"inLanguage\":\"fr-FR\"},{\"@type\":\"Organization\",\"@id\":\"https:\/\/www.pcvue.com\/fr\/#organization\",\"name\":\"PcVue\",\"url\":\"https:\/\/www.pcvue.com\/fr\/\",\"logo\":{\"@type\":\"ImageObject\",\"inLanguage\":\"fr-FR\",\"@id\":\"https:\/\/www.pcvue.com\/fr\/#\/schema\/logo\/image\/\",\"url\":\"https:\/\/www.pcvue.com\/wp-content\/uploads\/2024\/04\/fullColor.svg\",\"contentUrl\":\"https:\/\/www.pcvue.com\/wp-content\/uploads\/2024\/04\/fullColor.svg\",\"caption\":\"PcVue\"},\"image\":{\"@id\":\"https:\/\/www.pcvue.com\/fr\/#\/schema\/logo\/image\/\"}}]}<\/script>\n<!-- \/ Yoast SEO plugin. -->","yoast_head_json":{"title":"Guide de style - PcVue","robots":{"index":"index","follow":"follow","max-snippet":"max-snippet:-1","max-image-preview":"max-image-preview:large","max-video-preview":"max-video-preview:-1"},"canonical":"https:\/\/www.pcvue.com\/fr\/guide-de-style\/","og_locale":"fr_FR","og_type":"article","og_title":"Guide de style - PcVue","og_url":"https:\/\/www.pcvue.com\/fr\/guide-de-style\/","og_site_name":"PcVue","article_modified_time":"2024-08-14T16:50:33+00:00","twitter_card":"summary_large_image","schema":{"@context":"https:\/\/schema.org","@graph":[{"@type":"WebPage","@id":"https:\/\/www.pcvue.com\/fr\/guide-de-style\/","url":"https:\/\/www.pcvue.com\/fr\/guide-de-style\/","name":"Guide de style - PcVue","isPartOf":{"@id":"https:\/\/www.pcvue.com\/fr\/#website"},"datePublished":"2023-12-06T02:54:30+00:00","dateModified":"2024-08-14T16:50:33+00:00","breadcrumb":{"@id":"https:\/\/www.pcvue.com\/fr\/guide-de-style\/#breadcrumb"},"inLanguage":"fr-FR","potentialAction":[{"@type":"ReadAction","target":["https:\/\/www.pcvue.com\/fr\/guide-de-style\/"]}]},{"@type":"BreadcrumbList","@id":"https:\/\/www.pcvue.com\/fr\/guide-de-style\/#breadcrumb","itemListElement":[{"@type":"ListItem","position":1,"name":"Home","item":"https:\/\/www.pcvue.com\/fr\/"},{"@type":"ListItem","position":2,"name":"Guide de style"}]},{"@type":"WebSite","@id":"https:\/\/www.pcvue.com\/fr\/#website","url":"https:\/\/www.pcvue.com\/fr\/","name":"PcVue","description":"LET&#039;S ENGINEER","publisher":{"@id":"https:\/\/www.pcvue.com\/fr\/#organization"},"potentialAction":[{"@type":"SearchAction","target":{"@type":"EntryPoint","urlTemplate":"https:\/\/www.pcvue.com\/fr\/?s={search_term_string}"},"query-input":{"@type":"PropertyValueSpecification","valueRequired":true,"valueName":"search_term_string"}}],"inLanguage":"fr-FR"},{"@type":"Organization","@id":"https:\/\/www.pcvue.com\/fr\/#organization","name":"PcVue","url":"https:\/\/www.pcvue.com\/fr\/","logo":{"@type":"ImageObject","inLanguage":"fr-FR","@id":"https:\/\/www.pcvue.com\/fr\/#\/schema\/logo\/image\/","url":"https:\/\/www.pcvue.com\/wp-content\/uploads\/2024\/04\/fullColor.svg","contentUrl":"https:\/\/www.pcvue.com\/wp-content\/uploads\/2024\/04\/fullColor.svg","caption":"PcVue"},"image":{"@id":"https:\/\/www.pcvue.com\/fr\/#\/schema\/logo\/image\/"}}]}},"_links":{"self":[{"href":"https:\/\/www.pcvue.com\/fr\/wp-json\/wp\/v2\/pages\/18720","targetHints":{"allow":["GET"]}}],"collection":[{"href":"https:\/\/www.pcvue.com\/fr\/wp-json\/wp\/v2\/pages"}],"about":[{"href":"https:\/\/www.pcvue.com\/fr\/wp-json\/wp\/v2\/types\/page"}],"author":[{"embeddable":true,"href":"https:\/\/www.pcvue.com\/fr\/wp-json\/wp\/v2\/users\/1"}],"replies":[{"embeddable":true,"href":"https:\/\/www.pcvue.com\/fr\/wp-json\/wp\/v2\/comments?post=18720"}],"version-history":[{"count":1,"href":"https:\/\/www.pcvue.com\/fr\/wp-json\/wp\/v2\/pages\/18720\/revisions"}],"predecessor-version":[{"id":18721,"href":"https:\/\/www.pcvue.com\/fr\/wp-json\/wp\/v2\/pages\/18720\/revisions\/18721"}],"wp:attachment":[{"href":"https:\/\/www.pcvue.com\/fr\/wp-json\/wp\/v2\/media?parent=18720"}],"curies":[{"name":"wp","href":"https:\/\/api.w.org\/{rel}","templated":true}]}}