{"id":22130,"date":"2024-05-15T07:09:20","date_gmt":"2024-05-15T07:09:20","guid":{"rendered":"https:\/\/ig8df3bgexm.preview.infomaniak.website\/nos-offres\/par-applications\/fonctions-scada\/scheduling\/"},"modified":"2024-09-19T14:52:59","modified_gmt":"2024-09-19T14:52:59","slug":"scheduling","status":"publish","type":"page","link":"https:\/\/www.pcvue.com\/fr\/nos-offres\/par-applications\/fonctions-scada\/scheduling\/","title":{"rendered":"Programmation"},"content":{"rendered":"\n    <div class=\"content-scada-page merge-block container\">\n                    <h5 class=\"title-block full-width\" data-aos=\"fade-up\">\n                FONCTIONNALIT\u00c9S            <\/h5>\n        \n                        <div class=\"type-block content-default\">\n                    <div class=\"border-all full-width\" data-aos=\"fade-up\"><ol>\n<li>Configurer et piloter les actions bas\u00e9es sur le temps<\/li>\n<li>Interface de configuration Web<\/li>\n<li>Prise en charge des planifications PcVue et des objets de calendrier BACnet<\/li>\n<\/ol>\n<\/div>\n            <\/div>\n            <\/div>\n\n\n\n\n    <div class=\"content-scada-page\">\n                    <h5 class=\"title-block full-width\" data-aos=\"fade-up\">\n                B\u00c9N\u00c9FICES            <\/h5>\n        \n                        <div class=\"type-block content-default\">\n                    <div class=\"border-all full-width\" data-aos=\"fade-up\"><ol>\n<li>Planifier des cycles de processus, des recettes et des routines de programme<\/li>\n<li>Acc\u00e9dez \u00e0 votre emploi du temps o\u00f9 que vous soyez<\/li>\n<li>Configuration facilit\u00e9e gr\u00e2ce \u00e0 l&#8217;interface orient\u00e9e op\u00e9rateur<\/li>\n<\/ol>\n<p>Le moteur de planification inclus dans PcVue vous permet d&#8217;envoyer automatiquement des commandes et des recettes, et d&#8217;ex\u00e9cuter des programmes selon un calendrier. Une ou plusieurs t\u00e2ches enti\u00e8rement configurables peuvent \u00eatre assign\u00e9es \u00e0 une certaine heure d&#8217;un certain jour, tandis que des p\u00e9riodes d&#8217;exception pour des jours sp\u00e9ciaux et d&#8217;autres \u00e9v\u00e9nements du calendrier peuvent \u00eatre prises en compte. Les t\u00e2ches peuvent \u00e9galement appara\u00eetre dans un sch\u00e9ma r\u00e9current. Selon les droits de l&#8217;utilisateur, les param\u00e8tres d&#8217;une t\u00e2che peuvent \u00eatre modifi\u00e9s pendant l&#8217;ex\u00e9cution.<\/p>\n<p><strong><span style=\"color: #d11e3b;\">Webscheduler<\/span> <span style=\"color: #131436;\">&#8211; Acc\u00e8s direct et contr\u00f4le de votre planning depuis n&#8217;importe o\u00f9 !<\/span><\/strong><\/p>\n<p>Le Webscheduler est un outil livr\u00e9 avec PcVue qui permet de visualiser et de contr\u00f4ler toutes les t\u00e2ches et tous les \u00e9v\u00e9nements planifi\u00e9s et stock\u00e9s dans le syst\u00e8me depuis n&#8217;importe quel appareil capable d&#8217;ex\u00e9cuter un navigateur Web. Il donne la possibilit\u00e9 de planifier des cycles de processus, des recettes et des routines de programme sur l&#8217;Inter\/Intranet et il vous permet d&#8217;int\u00e9grer des sc\u00e9narios de planification compl\u00e8tement nouveaux, encore plus dynamiques.<\/p>\n<p>C&#8217;est aussi une IHM pour les objets de calendrier BACnet.<\/p>\n<p>Le WebScheduler peut \u00e9galement \u00eatre inclus dans n&#8217;importe quel synoptique PcVue en utilisant un navigateur Web ActiveX\u00ae.<\/p>\n<p>Le Webscheduler est con\u00e7u non seulement pour l&#8217;\u00e9quipe de maintenance, et aussi pour tous les utilisateurs disposant d&#8217;une interface pratique.<\/p>\n<\/div>\n            <\/div>\n    <div class=\"content-image\">\n                                    <div class=\"border-image\" data-aos=\"fade-up\">\n                    <picture>\n                        <source media=\"(max-width:767.98px)\" srcset=\"https:\/\/www.pcvue.com\/wp-content\/uploads\/2024\/05\/image-125.png\">\n                        <img decoding=\"async\" src=\"https:\/\/www.pcvue.com\/wp-content\/uploads\/2024\/05\/image-125.png\" alt=\"image\" loading=\"lazy\" \/>\n                    <\/picture>\n                <\/div>\n                        <\/div>\n            <\/div>\n\n\n\n\n    <div class=\"content-scada-page merge-block container d-flex\">\n        \n                            <div class=\"type-block content-button\">\n            <a class=\"button arrow\" href=\"https:\/\/www.pcvue.com\/fr\/service-client\/formation\/\" target=\"_blank\">Besoin d&#039;une formation?<\/a>\n        <\/div>\n    \n    <div class=\"content-quote\">\n        <div class=\"border-all\">\n            \n                                    <div class=\"info-all-quote\">\n                                                    \n                                            <\/div>\n                \n                \n                    <\/div>\n    <\/div>\n        <div class=\"type-block content-button\">\n            <a class=\"button arrow btn-view-pdf\" href=\"https:\/\/www.pcvue.com\/wp-content\/uploads\/2016\/10\/PcVue_Fonctionnalites_Brochure.pdf\" target=\"_self\">Toutes les fonctionnalit\u00e9s<\/a>\n            <div class=\"flip-reader hidden\">\n                <div class=\"_df_thumb \" id=\"df_rand1631854164\"  data-title=\"\" wpoptions=\"true\" thumbtype=\"\" source=\"https:\/\/www.pcvue.com\/wp-content\/uploads\/2016\/10\/PcVue_Fonctionnalites_Brochure.pdf\" >Open Book<\/div>             <\/div>\n        <\/div>\n    \n    <div class=\"content-quote\">\n        <div class=\"border-all\">\n            \n                                    <div class=\"info-all-quote\">\n                                                    \n                                            <\/div>\n                \n                \n                    <\/div>\n    <\/div>\n            <\/div>\n\n","protected":false},"excerpt":{"rendered":"","protected":false},"author":1,"featured_media":0,"parent":15227,"menu_order":0,"comment_status":"closed","ping_status":"closed","template":"templates\/scada.php","meta":{"_acf_changed":false,"content-type":"","footnotes":""},"class_list":["post-22130","page","type-page","status-publish","hentry"],"acf":[],"yoast_head":"<!-- This site is optimized with the Yoast SEO plugin v26.4 - https:\/\/yoast.com\/wordpress\/plugins\/seo\/ -->\n<title>WebScheduler : contr\u00f4le et planification bas\u00e9s sur le temps |<\/title>\n<meta name=\"description\" content=\"PcVue Webscheduler vous permet de configurer et de contr\u00f4ler facilement les actions bas\u00e9es sur le temps, d&#039;acc\u00e9der aux planifications de n&#039;importe o\u00f9 et prend en charge les planifications PcVue et les objets BACnet.\" \/>\n<meta name=\"robots\" content=\"index, follow, max-snippet:-1, max-image-preview:large, max-video-preview:-1\" \/>\n<link rel=\"canonical\" href=\"https:\/\/www.pcvue.com\/fr\/nos-offres\/par-applications\/fonctions-scada\/scheduling\/\" \/>\n<meta property=\"og:locale\" content=\"fr_FR\" \/>\n<meta property=\"og:type\" content=\"article\" \/>\n<meta property=\"og:title\" content=\"WebScheduler : contr\u00f4le et planification bas\u00e9s sur le temps |\" \/>\n<meta property=\"og:description\" content=\"PcVue Webscheduler vous permet de configurer et de contr\u00f4ler facilement les actions bas\u00e9es sur le temps, d&#039;acc\u00e9der aux planifications de n&#039;importe o\u00f9 et prend en charge les planifications PcVue et les objets BACnet.\" \/>\n<meta property=\"og:url\" content=\"https:\/\/www.pcvue.com\/fr\/nos-offres\/par-applications\/fonctions-scada\/scheduling\/\" \/>\n<meta property=\"og:site_name\" content=\"PcVue\" \/>\n<meta property=\"article:modified_time\" content=\"2024-09-19T14:52:59+00:00\" \/>\n<meta name=\"twitter:card\" content=\"summary_large_image\" \/>\n<script type=\"application\/ld+json\" class=\"yoast-schema-graph\">{\"@context\":\"https:\/\/schema.org\",\"@graph\":[{\"@type\":\"WebPage\",\"@id\":\"https:\/\/www.pcvue.com\/fr\/nos-offres\/par-applications\/fonctions-scada\/scheduling\/\",\"url\":\"https:\/\/www.pcvue.com\/fr\/nos-offres\/par-applications\/fonctions-scada\/scheduling\/\",\"name\":\"WebScheduler : contr\u00f4le et planification bas\u00e9s sur le temps |\",\"isPartOf\":{\"@id\":\"https:\/\/www.pcvue.com\/fr\/#website\"},\"datePublished\":\"2024-05-15T07:09:20+00:00\",\"dateModified\":\"2024-09-19T14:52:59+00:00\",\"description\":\"PcVue Webscheduler vous permet de configurer et de contr\u00f4ler facilement les actions bas\u00e9es sur le temps, d'acc\u00e9der aux planifications de n'importe o\u00f9 et prend en charge les planifications PcVue et les objets BACnet.\",\"breadcrumb\":{\"@id\":\"https:\/\/www.pcvue.com\/fr\/nos-offres\/par-applications\/fonctions-scada\/scheduling\/#breadcrumb\"},\"inLanguage\":\"fr-FR\",\"potentialAction\":[{\"@type\":\"ReadAction\",\"target\":[\"https:\/\/www.pcvue.com\/fr\/nos-offres\/par-applications\/fonctions-scada\/scheduling\/\"]}]},{\"@type\":\"BreadcrumbList\",\"@id\":\"https:\/\/www.pcvue.com\/fr\/nos-offres\/par-applications\/fonctions-scada\/scheduling\/#breadcrumb\",\"itemListElement\":[{\"@type\":\"ListItem\",\"position\":1,\"name\":\"Home\",\"item\":\"https:\/\/www.pcvue.com\/fr\/\"},{\"@type\":\"ListItem\",\"position\":2,\"name\":\"Nos offres\",\"item\":\"https:\/\/www.pcvue.com\/our-offers\/\"},{\"@type\":\"ListItem\",\"position\":3,\"name\":\"Par Applications\",\"item\":\"https:\/\/www.pcvue.com\/our-offers\/by-application\/\"},{\"@type\":\"ListItem\",\"position\":4,\"name\":\"Fonctions SCADA\",\"item\":\"https:\/\/www.pcvue.com\/fr\/nos-offres\/par-applications\/fonctions-scada\/\"},{\"@type\":\"ListItem\",\"position\":5,\"name\":\"Programmation\"}]},{\"@type\":\"WebSite\",\"@id\":\"https:\/\/www.pcvue.com\/fr\/#website\",\"url\":\"https:\/\/www.pcvue.com\/fr\/\",\"name\":\"PcVue\",\"description\":\"LET&#039;S ENGINEER\",\"publisher\":{\"@id\":\"https:\/\/www.pcvue.com\/fr\/#organization\"},\"potentialAction\":[{\"@type\":\"SearchAction\",\"target\":{\"@type\":\"EntryPoint\",\"urlTemplate\":\"https:\/\/www.pcvue.com\/fr\/?s={search_term_string}\"},\"query-input\":{\"@type\":\"PropertyValueSpecification\",\"valueRequired\":true,\"valueName\":\"search_term_string\"}}],\"inLanguage\":\"fr-FR\"},{\"@type\":\"Organization\",\"@id\":\"https:\/\/www.pcvue.com\/fr\/#organization\",\"name\":\"PcVue\",\"url\":\"https:\/\/www.pcvue.com\/fr\/\",\"logo\":{\"@type\":\"ImageObject\",\"inLanguage\":\"fr-FR\",\"@id\":\"https:\/\/www.pcvue.com\/fr\/#\/schema\/logo\/image\/\",\"url\":\"https:\/\/www.pcvue.com\/wp-content\/uploads\/2024\/04\/fullColor.svg\",\"contentUrl\":\"https:\/\/www.pcvue.com\/wp-content\/uploads\/2024\/04\/fullColor.svg\",\"caption\":\"PcVue\"},\"image\":{\"@id\":\"https:\/\/www.pcvue.com\/fr\/#\/schema\/logo\/image\/\"}}]}<\/script>\n<!-- \/ Yoast SEO plugin. -->","yoast_head_json":{"title":"WebScheduler : contr\u00f4le et planification bas\u00e9s sur le temps |","description":"PcVue Webscheduler vous permet de configurer et de contr\u00f4ler facilement les actions bas\u00e9es sur le temps, d'acc\u00e9der aux planifications de n'importe o\u00f9 et prend en charge les planifications PcVue et les objets BACnet.","robots":{"index":"index","follow":"follow","max-snippet":"max-snippet:-1","max-image-preview":"max-image-preview:large","max-video-preview":"max-video-preview:-1"},"canonical":"https:\/\/www.pcvue.com\/fr\/nos-offres\/par-applications\/fonctions-scada\/scheduling\/","og_locale":"fr_FR","og_type":"article","og_title":"WebScheduler : contr\u00f4le et planification bas\u00e9s sur le temps |","og_description":"PcVue Webscheduler vous permet de configurer et de contr\u00f4ler facilement les actions bas\u00e9es sur le temps, d'acc\u00e9der aux planifications de n'importe o\u00f9 et prend en charge les planifications PcVue et les objets BACnet.","og_url":"https:\/\/www.pcvue.com\/fr\/nos-offres\/par-applications\/fonctions-scada\/scheduling\/","og_site_name":"PcVue","article_modified_time":"2024-09-19T14:52:59+00:00","twitter_card":"summary_large_image","schema":{"@context":"https:\/\/schema.org","@graph":[{"@type":"WebPage","@id":"https:\/\/www.pcvue.com\/fr\/nos-offres\/par-applications\/fonctions-scada\/scheduling\/","url":"https:\/\/www.pcvue.com\/fr\/nos-offres\/par-applications\/fonctions-scada\/scheduling\/","name":"WebScheduler : contr\u00f4le et planification bas\u00e9s sur le temps |","isPartOf":{"@id":"https:\/\/www.pcvue.com\/fr\/#website"},"datePublished":"2024-05-15T07:09:20+00:00","dateModified":"2024-09-19T14:52:59+00:00","description":"PcVue Webscheduler vous permet de configurer et de contr\u00f4ler facilement les actions bas\u00e9es sur le temps, d'acc\u00e9der aux planifications de n'importe o\u00f9 et prend en charge les planifications PcVue et les objets BACnet.","breadcrumb":{"@id":"https:\/\/www.pcvue.com\/fr\/nos-offres\/par-applications\/fonctions-scada\/scheduling\/#breadcrumb"},"inLanguage":"fr-FR","potentialAction":[{"@type":"ReadAction","target":["https:\/\/www.pcvue.com\/fr\/nos-offres\/par-applications\/fonctions-scada\/scheduling\/"]}]},{"@type":"BreadcrumbList","@id":"https:\/\/www.pcvue.com\/fr\/nos-offres\/par-applications\/fonctions-scada\/scheduling\/#breadcrumb","itemListElement":[{"@type":"ListItem","position":1,"name":"Home","item":"https:\/\/www.pcvue.com\/fr\/"},{"@type":"ListItem","position":2,"name":"Nos offres","item":"https:\/\/www.pcvue.com\/our-offers\/"},{"@type":"ListItem","position":3,"name":"Par Applications","item":"https:\/\/www.pcvue.com\/our-offers\/by-application\/"},{"@type":"ListItem","position":4,"name":"Fonctions SCADA","item":"https:\/\/www.pcvue.com\/fr\/nos-offres\/par-applications\/fonctions-scada\/"},{"@type":"ListItem","position":5,"name":"Programmation"}]},{"@type":"WebSite","@id":"https:\/\/www.pcvue.com\/fr\/#website","url":"https:\/\/www.pcvue.com\/fr\/","name":"PcVue","description":"LET&#039;S ENGINEER","publisher":{"@id":"https:\/\/www.pcvue.com\/fr\/#organization"},"potentialAction":[{"@type":"SearchAction","target":{"@type":"EntryPoint","urlTemplate":"https:\/\/www.pcvue.com\/fr\/?s={search_term_string}"},"query-input":{"@type":"PropertyValueSpecification","valueRequired":true,"valueName":"search_term_string"}}],"inLanguage":"fr-FR"},{"@type":"Organization","@id":"https:\/\/www.pcvue.com\/fr\/#organization","name":"PcVue","url":"https:\/\/www.pcvue.com\/fr\/","logo":{"@type":"ImageObject","inLanguage":"fr-FR","@id":"https:\/\/www.pcvue.com\/fr\/#\/schema\/logo\/image\/","url":"https:\/\/www.pcvue.com\/wp-content\/uploads\/2024\/04\/fullColor.svg","contentUrl":"https:\/\/www.pcvue.com\/wp-content\/uploads\/2024\/04\/fullColor.svg","caption":"PcVue"},"image":{"@id":"https:\/\/www.pcvue.com\/fr\/#\/schema\/logo\/image\/"}}]}},"_links":{"self":[{"href":"https:\/\/www.pcvue.com\/fr\/wp-json\/wp\/v2\/pages\/22130","targetHints":{"allow":["GET"]}}],"collection":[{"href":"https:\/\/www.pcvue.com\/fr\/wp-json\/wp\/v2\/pages"}],"about":[{"href":"https:\/\/www.pcvue.com\/fr\/wp-json\/wp\/v2\/types\/page"}],"author":[{"embeddable":true,"href":"https:\/\/www.pcvue.com\/fr\/wp-json\/wp\/v2\/users\/1"}],"replies":[{"embeddable":true,"href":"https:\/\/www.pcvue.com\/fr\/wp-json\/wp\/v2\/comments?post=22130"}],"version-history":[{"count":9,"href":"https:\/\/www.pcvue.com\/fr\/wp-json\/wp\/v2\/pages\/22130\/revisions"}],"predecessor-version":[{"id":22288,"href":"https:\/\/www.pcvue.com\/fr\/wp-json\/wp\/v2\/pages\/22130\/revisions\/22288"}],"up":[{"embeddable":true,"href":"https:\/\/www.pcvue.com\/fr\/wp-json\/wp\/v2\/pages\/15227"}],"wp:attachment":[{"href":"https:\/\/www.pcvue.com\/fr\/wp-json\/wp\/v2\/media?parent=22130"}],"curies":[{"name":"wp","href":"https:\/\/api.w.org\/{rel}","templated":true}]}}