{"id":23470,"date":"2024-10-03T17:46:36","date_gmt":"2024-10-03T17:46:36","guid":{"rendered":"https:\/\/ig8df3bgexm.preview.infomaniak.website\/?page_id=23470"},"modified":"2024-10-18T13:50:40","modified_gmt":"2024-10-18T13:50:40","slug":"allied-telesis-solutions-completes-de-reseau","status":"publish","type":"page","link":"https:\/\/www.pcvue.com\/fr\/nos-offres\/par-applications\/allied-telesis-solutions-completes-de-reseau\/","title":{"rendered":"ALLIED TELESIS &#8211; Solutions Compl\u00e8tes de R\u00e9seau"},"content":{"rendered":"\n    <div class=\"content-scada-page merge-block container\">\n        \n                        <div class=\"type-block content-heading-text\">\n                    <div class=\"border-all\">\n                <h2 class=\"heading-t\" data-aos=\"fade-up\"><p>Des solutions r\u00e9seau s\u00e9curis\u00e9es, flexibles et pr\u00eates pour l&#8217;avenir<\/p>\n<\/h2>\n                <div class=\"text-t\" data-aos=\"fade-up\"><p>Dans un monde o\u00f9 les entreprises s&#8217;appuient de plus en plus sur la connectivit\u00e9 pour assurer leur succ\u00e8s, Allied Telesis propose des solutions r\u00e9seau innovantes qui r\u00e9pondent \u00e0 vos besoins les plus critiques. S\u00e9curis\u00e9es et automatis\u00e9es, ces solutions prot\u00e8gent contre les cybermenaces tout en r\u00e9duisant les co\u00fbts gr\u00e2ce \u00e0 une gestion simplifi\u00e9e. Avec une fiabilit\u00e9 \u00e0 toute \u00e9preuve, vous \u00e9vitez les interruptions co\u00fbteuses et maintenez votre activit\u00e9 en continu. Allied Telesis optimise \u00e9galement vos r\u00e9seaux \u00e9tendus (WAN) pour accompagner votre transformation cloud. Flexible, facile \u00e0 utiliser, et \u00e9quip\u00e9 d&#8217;un Wi-Fi performant, chaque aspect de votre r\u00e9seau est con\u00e7u pour maximiser votre productivit\u00e9.<\/p>\n<\/div>\n            <\/div>\n            <\/div>\n            <\/div>\n\n\n\n\n    <div class=\"content-scada-page\">\n        \n                        <div class=\"type-block content-default\">\n                    <div class=\"border-all full-width\" data-aos=\"fade-up\"><\/div>\n            <\/div>\n            <\/div>\n\n\n\n\n    <div class=\"content-scada-page\">\n                    <h5 class=\"title-block full-width\" data-aos=\"fade-up\">\n                UNE GAMME ETENDUE DE PRODUITS            <\/h5>\n        \n                        <div class=\"content-box-50\">\n        <div class=\"border-all\">\n                            <div class=\"item-box-50\">\n                    <div class=\"border-item\" data-aos=\"fade-up\">\n                        <div class=\"icon\"><img decoding=\"async\" src=\"https:\/\/www.pcvue.com\/wp-content\/uploads\/2024\/10\/2024-10-03-19_13_44-2024-10-03-16_03_23-Images-de-produits-\u2013-Allied-Telesis.png\" alt=\"icon\" loading=\"lazy\" \/><\/div>\n                        <div class=\"content\">PARE-FEU ET ROUTEURS\r\nLa gamme d&#8217;appliances de s\u00e9curit\u00e9 d&#8217;Allied Telesis fournit un acc\u00e8s s\u00e9curis\u00e9 aux ressources num\u00e9riques pour une main-d&#8217;\u0153uvre distribu\u00e9e. Avec une protection puissante contre les cybermenaces et un SD-WAN pour optimiser les performances, vous \u00eates s\u00fbr d&#8217;obtenir une solution coh\u00e9rente qui permet la continuit\u00e9 de l&#8217;activit\u00e9 sur tous les sites.<\/div>\n                                                                                                                            <\/div>\n                <\/div>\n                            <div class=\"item-box-50\">\n                    <div class=\"border-item\" data-aos=\"fade-up\">\n                        <div class=\"icon\"><img decoding=\"async\" src=\"https:\/\/www.pcvue.com\/wp-content\/uploads\/2024\/10\/2024-10-03-19_13_12-2024-10-03-16_03_23-Images-de-produits-\u2013-Allied-Telesis.png\" alt=\"icon\" loading=\"lazy\" \/><\/div>\n                        <div class=\"content\">ADAPTATEURS RESEAU \r\nCartes r\u00e9seau fibre optique avec une offre offrant s\u00e9curit\u00e9 et fiabilit\u00e9<\/div>\n                                                                                                                            <\/div>\n                <\/div>\n                            <div class=\"item-box-50\">\n                    <div class=\"border-item\" data-aos=\"fade-up\">\n                        <div class=\"icon\"><img decoding=\"async\" src=\"https:\/\/www.pcvue.com\/wp-content\/uploads\/2024\/10\/2024-10-03-19_13_24-2024-10-03-16_03_23-Images-de-produits-\u2013-Allied-Telesis.png\" alt=\"icon\" loading=\"lazy\" \/><\/div>\n                        <div class=\"content\">SOLUTIONS SANS FIL\r\nLes points d&#8217;acc\u00e8s sans fil Allied Telesis offrent une itin\u00e9rance transparente et un d\u00e9bit \u00e9lev\u00e9 pour une exp\u00e9rience mobile sup\u00e9rieure. Qu&#8217;il s&#8217;agisse de petits bureaux \u00e9conomiques ou de d\u00e9ploiements \u00e0 grande \u00e9chelle et \u00e0 haute capacit\u00e9, \u00e0 l&#8217;int\u00e9rieur comme \u00e0 l&#8217;ext\u00e9rieur, nous avons la solution qu&#8217;il vous faut.<\/div>\n                                                                                                                            <\/div>\n                <\/div>\n                            <div class=\"item-box-50\">\n                    <div class=\"border-item\" data-aos=\"fade-up\">\n                        <div class=\"icon\"><img decoding=\"async\" src=\"https:\/\/www.pcvue.com\/wp-content\/uploads\/2024\/10\/2024-10-03-19_12_44-2024-10-03-16_03_23-Images-de-produits-\u2013-Allied-Telesis.png\" alt=\"icon\" loading=\"lazy\" \/><\/div>\n                        <div class=\"content\">CONVERTISSEUR DE MEDIA\r\nLes unit\u00e9s autonomes, lames mont\u00e9es sur ch\u00e2ssis et convertisseurs de m\u00e9dias industriels sont con\u00e7us pour \u00e9tendre la connectivit\u00e9 de votre r\u00e9seau pour n&#8217;importe quelle application.<\/div>\n                                                                                                                            <\/div>\n                <\/div>\n                            <div class=\"item-box-50\">\n                    <div class=\"border-item\" data-aos=\"fade-up\">\n                        <div class=\"icon\"><img decoding=\"async\" src=\"https:\/\/www.pcvue.com\/wp-content\/uploads\/2024\/10\/2024-10-03-19_12_59-2024-10-03-16_03_23-Images-de-produits-\u2013-Allied-Telesis.png\" alt=\"icon\" loading=\"lazy\" \/><\/div>\n                        <div class=\"content\">EMETTEURS-RECEPTEURS\r\nAllied Telesis propose des mod\u00e8les conformes au Trade Act TAA, avec des plages de temp\u00e9rature standard, industrielles et \u00e9tendues sur certains mod\u00e8les,\u00a0 s&#8217;adaptant \u00e0 vos besoins environnementaux ainsi que des mod\u00e8les BiDi et longue distance couvrant de 220 m \u00e0 120 km, et des variantes multi-mode, mode unique et BiDi.<\/div>\n                                                                                                                            <\/div>\n                <\/div>\n                            <div class=\"item-box-50\">\n                    <div class=\"border-item\" data-aos=\"fade-up\">\n                        <div class=\"icon\"><img decoding=\"async\" src=\"https:\/\/www.pcvue.com\/wp-content\/uploads\/2024\/10\/2024-10-03-19_11_25-2024-10-03-16_03_23-Images-de-produits-\u2013-Allied-Telesis.png\" alt=\"icon\" loading=\"lazy\" \/><\/div>\n                        <div class=\"content\">SWITCHES\r\nDe la connectivit\u00e9 bureautique de base aux applications cruciales dans des environnements difficiles, une large gamme de switches r\u00e9pond \u00e0 tous vos besoins.<\/div>\n                                                                                                                            <\/div>\n                <\/div>\n                            <div class=\"item-box-50\">\n                    <div class=\"border-item\" data-aos=\"fade-up\">\n                        <div class=\"icon\"><img decoding=\"async\" src=\"https:\/\/www.pcvue.com\/wp-content\/uploads\/2024\/10\/telechargement-1.png\" alt=\"icon\" loading=\"lazy\" \/><\/div>\n                        <div class=\"content\">GESTION DU RESEAU\r\nVista Manager EX est un logiciel de gestion de r\u00e9seau et de surveillance unifi\u00e9es du r\u00e9seau. Il peut \u00eatre associ\u00e9 \u00e0 Autonomous Management Framework Plus\u00a0(AMF Plus) et au\u00a0contr\u00f4leur sans fil AWC\u00a0pour automatiser et optimiser le fonctionnement des r\u00e9seaux c\u00e2bl\u00e9s et sans fil<\/div>\n                                                                                                                            <\/div>\n                <\/div>\n                    <\/div>\n    <\/div>\n            <\/div>\n\n\n\n\n    <div class=\"content-scada-page\">\n        \n                        <div class=\"type-block content-image-general\">\n                    <div class=\"border-all  img-right img-below is-heading\">\n                                    <div class=\"content-image\">\n                                                                                    <div class=\"border-image\" data-aos=\"fade-up\">\n\n                                    <a href=\"https:\/\/www.pcvue.com\/wp-content\/uploads\/2024\/08\/NETWORK_cables25-e1727977429865.jpg\" data-fancybox data-caption=\"Single image\">\n                                        <img decoding=\"async\" src=\"https:\/\/www.pcvue.com\/wp-content\/uploads\/2024\/08\/NETWORK_cables25-e1727977429865.jpg\" alt=\"image\" loading=\"lazy\" \/>\n                                    <\/a>\n\n                                <\/div>\n                                                                        <\/div>\n                                                                            <div class=\"box-content\">\n                                                            <div class=\"box-title\">\n                                    <h5 class=\"title-block heading-general\" data-aos=\"fade-up\">BENEFICES<\/h5>\n                                                                    <\/div>\n                                                                                        <div class=\"quote-general\" data-aos=\"fade-up\">Les solutions Allied Telesis font converger les technologies de l&#039;information et les technologies op\u00e9rationnelles<\/div>\n                                                                                        <div class=\"content-general\" data-aos=\"fade-up\"><ol>\n<li><strong>S\u00e9curisation<\/strong><br \/>\nDes fonctionnalit\u00e9s de s\u00e9curit\u00e9 automatis\u00e9es avanc\u00e9es prot\u00e8gent contre les tentatives d&#8217;intrusion et les violations de donn\u00e9es.<\/li>\n<li><strong>Automatisation des r\u00e9seaux<\/strong><br \/>\nR\u00e9duisez les risques et les co\u00fbts commerciaux gr\u00e2ce \u00e0 une gestion informatique automatis\u00e9e et simplifi\u00e9e.<\/li>\n<li><strong>Fiabilit\u00e9<\/strong><br \/>\nDes produits renforc\u00e9s avec des technologies tol\u00e9rantes aux pannes garantissent que vos op\u00e9rations se d\u00e9roulent sans interruption.<\/li>\n<li><strong>Flexibilit\u00e9<\/strong><br \/>\nDes outils d&#8217;automatisation puissants et une interop\u00e9rabilit\u00e9 bas\u00e9e sur des normes simplifient l&#8217;int\u00e9gration et augmentent la flexibilit\u00e9.<\/li>\n<li><strong>Facilit\u00e9 d&#8217;utilisation<\/strong><br \/>\nUne visibilit\u00e9 compl\u00e8te du r\u00e9seau et un tableau de bord intuitif signifient moins de temps d&#8217;arr\u00eat et une gestion plus facile<\/li>\n<\/ol>\n<p>&nbsp;<\/p>\n<\/div>\n                            \n                                                    <\/div>\n                                                <\/div>\n            <\/div>\n            <\/div>\n\n\n\n\n    <div class=\"content-scada-page\">\n        \n                        <div class=\"type-block content-default\">\n                    <div class=\"border-all full-width\" data-aos=\"fade-up\"><\/div>\n            <\/div>\n            <\/div>\n\n\n\n\n    <div class=\"content-scada-page\">\n        \n                        <div class=\"type-block content-default\">\n                    <div class=\"border-all full-width\" data-aos=\"fade-up\"><\/div>\n            <\/div>\n            <\/div>\n\n\n\n\n<p><\/p>\n","protected":false},"excerpt":{"rendered":"","protected":false},"author":19,"featured_media":23540,"parent":16333,"menu_order":0,"comment_status":"closed","ping_status":"closed","template":"templates\/scada.php","meta":{"_acf_changed":false,"content-type":"","footnotes":""},"class_list":["post-23470","page","type-page","status-publish","has-post-thumbnail","hentry"],"acf":[],"yoast_head":"<!-- This site is optimized with the Yoast SEO plugin v26.4 - https:\/\/yoast.com\/wordpress\/plugins\/seo\/ -->\n<title>Allied Telesis des solutions r\u00e9seau innovantes avec PcVue<\/title>\n<meta name=\"description\" content=\"Allied Telesis des solutions r\u00e9seau innovantes avec PcVue. D\u00e9couvrez des produits s\u00e9curis\u00e9s et flexibles pour une connectivit\u00e9 optimis\u00e9e : pare-feu, routeurs, switches, Wi-Fi performant et plus encore. Prot\u00e9gez vos r\u00e9seaux contre les cybermenaces avec des technologies fiables et automatis\u00e9es qui r\u00e9duisent les co\u00fbts et maximisent la productivit\u00e9. Garantissez la continuit\u00e9 de vos op\u00e9rations gr\u00e2ce \u00e0 une gestion simplifi\u00e9e et un support technique d\u00e9di\u00e9.\" \/>\n<meta name=\"robots\" content=\"index, follow, max-snippet:-1, max-image-preview:large, max-video-preview:-1\" \/>\n<link rel=\"canonical\" href=\"https:\/\/www.pcvue.com\/fr\/nos-offres\/par-applications\/allied-telesis-solutions-completes-de-reseau\/\" \/>\n<meta property=\"og:locale\" content=\"fr_FR\" \/>\n<meta property=\"og:type\" content=\"article\" \/>\n<meta property=\"og:title\" content=\"Allied Telesis des solutions r\u00e9seau innovantes avec PcVue\" \/>\n<meta property=\"og:description\" content=\"Allied Telesis des solutions r\u00e9seau innovantes avec PcVue. D\u00e9couvrez des produits s\u00e9curis\u00e9s et flexibles pour une connectivit\u00e9 optimis\u00e9e : pare-feu, routeurs, switches, Wi-Fi performant et plus encore. Prot\u00e9gez vos r\u00e9seaux contre les cybermenaces avec des technologies fiables et automatis\u00e9es qui r\u00e9duisent les co\u00fbts et maximisent la productivit\u00e9. Garantissez la continuit\u00e9 de vos op\u00e9rations gr\u00e2ce \u00e0 une gestion simplifi\u00e9e et un support technique d\u00e9di\u00e9.\" \/>\n<meta property=\"og:url\" content=\"https:\/\/www.pcvue.com\/fr\/nos-offres\/par-applications\/allied-telesis-solutions-completes-de-reseau\/\" \/>\n<meta property=\"og:site_name\" content=\"PcVue\" \/>\n<meta property=\"article:modified_time\" content=\"2024-10-18T13:50:40+00:00\" \/>\n<meta property=\"og:image\" content=\"https:\/\/www.pcvue.com\/wp-content\/uploads\/2024\/10\/2024-10-03-19_11_25-2024-10-03-16_03_23-Images-de-produits-\u2013-Allied-Telesis.png\" \/>\n\t<meta property=\"og:image:width\" content=\"444\" \/>\n\t<meta property=\"og:image:height\" content=\"188\" \/>\n\t<meta property=\"og:image:type\" content=\"image\/png\" \/>\n<meta name=\"twitter:card\" content=\"summary_large_image\" \/>\n<meta name=\"twitter:label1\" content=\"Dur\u00e9e de lecture estim\u00e9e\" \/>\n\t<meta name=\"twitter:data1\" content=\"1 minute\" \/>\n<script type=\"application\/ld+json\" class=\"yoast-schema-graph\">{\"@context\":\"https:\/\/schema.org\",\"@graph\":[{\"@type\":\"WebPage\",\"@id\":\"https:\/\/www.pcvue.com\/fr\/nos-offres\/par-applications\/allied-telesis-solutions-completes-de-reseau\/\",\"url\":\"https:\/\/www.pcvue.com\/fr\/nos-offres\/par-applications\/allied-telesis-solutions-completes-de-reseau\/\",\"name\":\"Allied Telesis des solutions r\u00e9seau innovantes avec PcVue\",\"isPartOf\":{\"@id\":\"https:\/\/www.pcvue.com\/fr\/#website\"},\"primaryImageOfPage\":{\"@id\":\"https:\/\/www.pcvue.com\/fr\/nos-offres\/par-applications\/allied-telesis-solutions-completes-de-reseau\/#primaryimage\"},\"image\":{\"@id\":\"https:\/\/www.pcvue.com\/fr\/nos-offres\/par-applications\/allied-telesis-solutions-completes-de-reseau\/#primaryimage\"},\"thumbnailUrl\":\"https:\/\/www.pcvue.com\/wp-content\/uploads\/2024\/10\/2024-10-03-19_11_25-2024-10-03-16_03_23-Images-de-produits-\u2013-Allied-Telesis.png\",\"datePublished\":\"2024-10-03T17:46:36+00:00\",\"dateModified\":\"2024-10-18T13:50:40+00:00\",\"description\":\"Allied Telesis des solutions r\u00e9seau innovantes avec PcVue. D\u00e9couvrez des produits s\u00e9curis\u00e9s et flexibles pour une connectivit\u00e9 optimis\u00e9e : pare-feu, routeurs, switches, Wi-Fi performant et plus encore. Prot\u00e9gez vos r\u00e9seaux contre les cybermenaces avec des technologies fiables et automatis\u00e9es qui r\u00e9duisent les co\u00fbts et maximisent la productivit\u00e9. Garantissez la continuit\u00e9 de vos op\u00e9rations gr\u00e2ce \u00e0 une gestion simplifi\u00e9e et un support technique d\u00e9di\u00e9.\",\"breadcrumb\":{\"@id\":\"https:\/\/www.pcvue.com\/fr\/nos-offres\/par-applications\/allied-telesis-solutions-completes-de-reseau\/#breadcrumb\"},\"inLanguage\":\"fr-FR\",\"potentialAction\":[{\"@type\":\"ReadAction\",\"target\":[\"https:\/\/www.pcvue.com\/fr\/nos-offres\/par-applications\/allied-telesis-solutions-completes-de-reseau\/\"]}]},{\"@type\":\"ImageObject\",\"inLanguage\":\"fr-FR\",\"@id\":\"https:\/\/www.pcvue.com\/fr\/nos-offres\/par-applications\/allied-telesis-solutions-completes-de-reseau\/#primaryimage\",\"url\":\"https:\/\/www.pcvue.com\/wp-content\/uploads\/2024\/10\/2024-10-03-19_11_25-2024-10-03-16_03_23-Images-de-produits-\u2013-Allied-Telesis.png\",\"contentUrl\":\"https:\/\/www.pcvue.com\/wp-content\/uploads\/2024\/10\/2024-10-03-19_11_25-2024-10-03-16_03_23-Images-de-produits-\u2013-Allied-Telesis.png\",\"width\":444,\"height\":188},{\"@type\":\"BreadcrumbList\",\"@id\":\"https:\/\/www.pcvue.com\/fr\/nos-offres\/par-applications\/allied-telesis-solutions-completes-de-reseau\/#breadcrumb\",\"itemListElement\":[{\"@type\":\"ListItem\",\"position\":1,\"name\":\"Home\",\"item\":\"https:\/\/www.pcvue.com\/fr\/\"},{\"@type\":\"ListItem\",\"position\":2,\"name\":\"Nos offres\",\"item\":\"https:\/\/www.pcvue.com\/our-offers\/\"},{\"@type\":\"ListItem\",\"position\":3,\"name\":\"Par Applications\",\"item\":\"https:\/\/www.pcvue.com\/our-offers\/by-application\/\"},{\"@type\":\"ListItem\",\"position\":4,\"name\":\"ALLIED TELESIS &#8211; Solutions Compl\u00e8tes de R\u00e9seau\"}]},{\"@type\":\"WebSite\",\"@id\":\"https:\/\/www.pcvue.com\/fr\/#website\",\"url\":\"https:\/\/www.pcvue.com\/fr\/\",\"name\":\"PcVue\",\"description\":\"LET&#039;S ENGINEER\",\"publisher\":{\"@id\":\"https:\/\/www.pcvue.com\/fr\/#organization\"},\"potentialAction\":[{\"@type\":\"SearchAction\",\"target\":{\"@type\":\"EntryPoint\",\"urlTemplate\":\"https:\/\/www.pcvue.com\/fr\/?s={search_term_string}\"},\"query-input\":{\"@type\":\"PropertyValueSpecification\",\"valueRequired\":true,\"valueName\":\"search_term_string\"}}],\"inLanguage\":\"fr-FR\"},{\"@type\":\"Organization\",\"@id\":\"https:\/\/www.pcvue.com\/fr\/#organization\",\"name\":\"PcVue\",\"url\":\"https:\/\/www.pcvue.com\/fr\/\",\"logo\":{\"@type\":\"ImageObject\",\"inLanguage\":\"fr-FR\",\"@id\":\"https:\/\/www.pcvue.com\/fr\/#\/schema\/logo\/image\/\",\"url\":\"https:\/\/www.pcvue.com\/wp-content\/uploads\/2024\/04\/fullColor.svg\",\"contentUrl\":\"https:\/\/www.pcvue.com\/wp-content\/uploads\/2024\/04\/fullColor.svg\",\"caption\":\"PcVue\"},\"image\":{\"@id\":\"https:\/\/www.pcvue.com\/fr\/#\/schema\/logo\/image\/\"}}]}<\/script>\n<!-- \/ Yoast SEO plugin. -->","yoast_head_json":{"title":"Allied Telesis des solutions r\u00e9seau innovantes avec PcVue","description":"Allied Telesis des solutions r\u00e9seau innovantes avec PcVue. D\u00e9couvrez des produits s\u00e9curis\u00e9s et flexibles pour une connectivit\u00e9 optimis\u00e9e : pare-feu, routeurs, switches, Wi-Fi performant et plus encore. Prot\u00e9gez vos r\u00e9seaux contre les cybermenaces avec des technologies fiables et automatis\u00e9es qui r\u00e9duisent les co\u00fbts et maximisent la productivit\u00e9. Garantissez la continuit\u00e9 de vos op\u00e9rations gr\u00e2ce \u00e0 une gestion simplifi\u00e9e et un support technique d\u00e9di\u00e9.","robots":{"index":"index","follow":"follow","max-snippet":"max-snippet:-1","max-image-preview":"max-image-preview:large","max-video-preview":"max-video-preview:-1"},"canonical":"https:\/\/www.pcvue.com\/fr\/nos-offres\/par-applications\/allied-telesis-solutions-completes-de-reseau\/","og_locale":"fr_FR","og_type":"article","og_title":"Allied Telesis des solutions r\u00e9seau innovantes avec PcVue","og_description":"Allied Telesis des solutions r\u00e9seau innovantes avec PcVue. D\u00e9couvrez des produits s\u00e9curis\u00e9s et flexibles pour une connectivit\u00e9 optimis\u00e9e : pare-feu, routeurs, switches, Wi-Fi performant et plus encore. Prot\u00e9gez vos r\u00e9seaux contre les cybermenaces avec des technologies fiables et automatis\u00e9es qui r\u00e9duisent les co\u00fbts et maximisent la productivit\u00e9. Garantissez la continuit\u00e9 de vos op\u00e9rations gr\u00e2ce \u00e0 une gestion simplifi\u00e9e et un support technique d\u00e9di\u00e9.","og_url":"https:\/\/www.pcvue.com\/fr\/nos-offres\/par-applications\/allied-telesis-solutions-completes-de-reseau\/","og_site_name":"PcVue","article_modified_time":"2024-10-18T13:50:40+00:00","og_image":[{"width":444,"height":188,"url":"https:\/\/www.pcvue.com\/wp-content\/uploads\/2024\/10\/2024-10-03-19_11_25-2024-10-03-16_03_23-Images-de-produits-\u2013-Allied-Telesis.png","type":"image\/png"}],"twitter_card":"summary_large_image","twitter_misc":{"Dur\u00e9e de lecture estim\u00e9e":"1 minute"},"schema":{"@context":"https:\/\/schema.org","@graph":[{"@type":"WebPage","@id":"https:\/\/www.pcvue.com\/fr\/nos-offres\/par-applications\/allied-telesis-solutions-completes-de-reseau\/","url":"https:\/\/www.pcvue.com\/fr\/nos-offres\/par-applications\/allied-telesis-solutions-completes-de-reseau\/","name":"Allied Telesis des solutions r\u00e9seau innovantes avec PcVue","isPartOf":{"@id":"https:\/\/www.pcvue.com\/fr\/#website"},"primaryImageOfPage":{"@id":"https:\/\/www.pcvue.com\/fr\/nos-offres\/par-applications\/allied-telesis-solutions-completes-de-reseau\/#primaryimage"},"image":{"@id":"https:\/\/www.pcvue.com\/fr\/nos-offres\/par-applications\/allied-telesis-solutions-completes-de-reseau\/#primaryimage"},"thumbnailUrl":"https:\/\/www.pcvue.com\/wp-content\/uploads\/2024\/10\/2024-10-03-19_11_25-2024-10-03-16_03_23-Images-de-produits-\u2013-Allied-Telesis.png","datePublished":"2024-10-03T17:46:36+00:00","dateModified":"2024-10-18T13:50:40+00:00","description":"Allied Telesis des solutions r\u00e9seau innovantes avec PcVue. D\u00e9couvrez des produits s\u00e9curis\u00e9s et flexibles pour une connectivit\u00e9 optimis\u00e9e : pare-feu, routeurs, switches, Wi-Fi performant et plus encore. Prot\u00e9gez vos r\u00e9seaux contre les cybermenaces avec des technologies fiables et automatis\u00e9es qui r\u00e9duisent les co\u00fbts et maximisent la productivit\u00e9. Garantissez la continuit\u00e9 de vos op\u00e9rations gr\u00e2ce \u00e0 une gestion simplifi\u00e9e et un support technique d\u00e9di\u00e9.","breadcrumb":{"@id":"https:\/\/www.pcvue.com\/fr\/nos-offres\/par-applications\/allied-telesis-solutions-completes-de-reseau\/#breadcrumb"},"inLanguage":"fr-FR","potentialAction":[{"@type":"ReadAction","target":["https:\/\/www.pcvue.com\/fr\/nos-offres\/par-applications\/allied-telesis-solutions-completes-de-reseau\/"]}]},{"@type":"ImageObject","inLanguage":"fr-FR","@id":"https:\/\/www.pcvue.com\/fr\/nos-offres\/par-applications\/allied-telesis-solutions-completes-de-reseau\/#primaryimage","url":"https:\/\/www.pcvue.com\/wp-content\/uploads\/2024\/10\/2024-10-03-19_11_25-2024-10-03-16_03_23-Images-de-produits-\u2013-Allied-Telesis.png","contentUrl":"https:\/\/www.pcvue.com\/wp-content\/uploads\/2024\/10\/2024-10-03-19_11_25-2024-10-03-16_03_23-Images-de-produits-\u2013-Allied-Telesis.png","width":444,"height":188},{"@type":"BreadcrumbList","@id":"https:\/\/www.pcvue.com\/fr\/nos-offres\/par-applications\/allied-telesis-solutions-completes-de-reseau\/#breadcrumb","itemListElement":[{"@type":"ListItem","position":1,"name":"Home","item":"https:\/\/www.pcvue.com\/fr\/"},{"@type":"ListItem","position":2,"name":"Nos offres","item":"https:\/\/www.pcvue.com\/our-offers\/"},{"@type":"ListItem","position":3,"name":"Par Applications","item":"https:\/\/www.pcvue.com\/our-offers\/by-application\/"},{"@type":"ListItem","position":4,"name":"ALLIED TELESIS &#8211; Solutions Compl\u00e8tes de R\u00e9seau"}]},{"@type":"WebSite","@id":"https:\/\/www.pcvue.com\/fr\/#website","url":"https:\/\/www.pcvue.com\/fr\/","name":"PcVue","description":"LET&#039;S ENGINEER","publisher":{"@id":"https:\/\/www.pcvue.com\/fr\/#organization"},"potentialAction":[{"@type":"SearchAction","target":{"@type":"EntryPoint","urlTemplate":"https:\/\/www.pcvue.com\/fr\/?s={search_term_string}"},"query-input":{"@type":"PropertyValueSpecification","valueRequired":true,"valueName":"search_term_string"}}],"inLanguage":"fr-FR"},{"@type":"Organization","@id":"https:\/\/www.pcvue.com\/fr\/#organization","name":"PcVue","url":"https:\/\/www.pcvue.com\/fr\/","logo":{"@type":"ImageObject","inLanguage":"fr-FR","@id":"https:\/\/www.pcvue.com\/fr\/#\/schema\/logo\/image\/","url":"https:\/\/www.pcvue.com\/wp-content\/uploads\/2024\/04\/fullColor.svg","contentUrl":"https:\/\/www.pcvue.com\/wp-content\/uploads\/2024\/04\/fullColor.svg","caption":"PcVue"},"image":{"@id":"https:\/\/www.pcvue.com\/fr\/#\/schema\/logo\/image\/"}}]}},"_links":{"self":[{"href":"https:\/\/www.pcvue.com\/fr\/wp-json\/wp\/v2\/pages\/23470","targetHints":{"allow":["GET"]}}],"collection":[{"href":"https:\/\/www.pcvue.com\/fr\/wp-json\/wp\/v2\/pages"}],"about":[{"href":"https:\/\/www.pcvue.com\/fr\/wp-json\/wp\/v2\/types\/page"}],"author":[{"embeddable":true,"href":"https:\/\/www.pcvue.com\/fr\/wp-json\/wp\/v2\/users\/19"}],"replies":[{"embeddable":true,"href":"https:\/\/www.pcvue.com\/fr\/wp-json\/wp\/v2\/comments?post=23470"}],"version-history":[{"count":23,"href":"https:\/\/www.pcvue.com\/fr\/wp-json\/wp\/v2\/pages\/23470\/revisions"}],"predecessor-version":[{"id":23553,"href":"https:\/\/www.pcvue.com\/fr\/wp-json\/wp\/v2\/pages\/23470\/revisions\/23553"}],"up":[{"embeddable":true,"href":"https:\/\/www.pcvue.com\/fr\/wp-json\/wp\/v2\/pages\/16333"}],"wp:featuredmedia":[{"embeddable":true,"href":"https:\/\/www.pcvue.com\/fr\/wp-json\/wp\/v2\/media\/23540"}],"wp:attachment":[{"href":"https:\/\/www.pcvue.com\/fr\/wp-json\/wp\/v2\/media?parent=23470"}],"curies":[{"name":"wp","href":"https:\/\/api.w.org\/{rel}","templated":true}]}}