{"id":32339,"date":"2025-03-26T13:45:09","date_gmt":"2025-03-26T13:45:09","guid":{"rendered":"https:\/\/www.pcvue.com\/fournisseur-excel-udc-pcvue\/"},"modified":"2026-04-01T11:54:28","modified_gmt":"2026-04-01T11:54:28","slug":"fournisseur-excel-udc-pcvue","status":"publish","type":"page","link":"https:\/\/www.pcvue.com\/fr\/fournisseur-excel-udc-pcvue\/","title":{"rendered":"Fournisseur Excel \u2013 UDC PcVue"},"content":{"rendered":"\n<div class=\"wp-block-columns is-layout-flex wp-container-core-columns-is-layout-9d6595d7 wp-block-columns-is-layout-flex\">\n<div class=\"wp-block-column is-layout-flow wp-block-column-is-layout-flow\">\n<div class=\"wp-block-group is-nowrap is-layout-flex wp-container-core-group-is-layout-ad2f72ca wp-block-group-is-layout-flex\">\n    <div class=\"content-scada-page\">\n        \n                        <div class=\"type-block content-icon-content\">\n        <div class=\"border-all wrapper\">\n                                                <div class=\"icon\">\n                        <img decoding=\"async\" src=\"https:\/\/www.pcvue.com\/wp-content\/uploads\/2024\/07\/excel-logo-8033473_640.webp\" alt=\"excel logo 8033473 640\" loading=\"lazy\" \/>\n                    <\/div>\n                                                    <\/div>\n    <\/div>\n            <\/div>\n\n<\/div>\n\n\n\n    <div class=\"content-scada-page merge-block container\">\n        \n                        <div class=\"content-list-content\">\n        <div class=\"border-all wrapper\">\n                        <div class=\"content-wrapper\">\n                                    <h5 class=\"title-block full-width aos-init aos-animate\" data-aos=\"fade-up\">Pourquoi choisir le Fournisseur Excel ?<\/h5>\n                                                    <div class=\"content\"><p class=\"font-claude-response-body break-words whitespace-normal leading-[1.7]\">Le format Excel s&#8217;impose comme un standard en informatique et en automatisme, largement adopt\u00e9 pour l&#8217;\u00e9change de donn\u00e9es exploitables par les \u00e9quipes m\u00e9tier :<\/p>\n<ol class=\"[li_&amp;]:mb-0 [li_&amp;]:mt-1 [li_&amp;]:gap-1 [&amp;:not(:last-child)_ul]:pb-1 [&amp;:not(:last-child)_ol]:pb-1 list-decimal flex flex-col gap-1 pl-8 mb-3\">\n<li class=\"whitespace-normal break-words pl-2\"><strong>Reporting<\/strong> : importez des donn\u00e9es Excel dans les archives PcVue ou int\u00e9grez-les directement dans vos rapports<\/li>\n<li class=\"whitespace-normal break-words pl-2\"><strong>Interop\u00e9rabilit\u00e9 avec les outils tiers<\/strong> : importez et exportez donn\u00e9es et configurations en toute simplicit\u00e9<\/li>\n<\/ol>\n<\/div>\n                                            <\/div>\n                    <\/div>\n    <\/div>\n            <\/div>\n\n\n\n\n    <div class=\"content-scada-page\">\n        \n                        <div class=\"type-block content-default\">\n                    <div class=\"border-all full-width\" data-aos=\"fade-up\"><\/div>\n            <\/div>\n            <\/div>\n\n<\/div>\n\n\n\n<div class=\"wp-block-column is-layout-flow wp-block-column-is-layout-flow\">\n<div class=\"wp-block-group is-nowrap is-layout-flex wp-container-core-group-is-layout-ad2f72ca wp-block-group-is-layout-flex\">\n    <div class=\"content-scada-page\">\n        \n                        <div class=\"content-list-content\">\n        <div class=\"border-all wrapper\">\n                        <div class=\"content-wrapper\">\n                                    <h5 class=\"title-block full-width aos-init aos-animate\" data-aos=\"fade-up\">Pr\u00e9sentation du fournisseur<\/h5>\n                                                    <div class=\"content\"><ul>\n<li class=\"whitespace-normal break-words pl-2\"><strong>Nom<\/strong> : Excel<\/li>\n<li class=\"whitespace-normal break-words pl-2\"><strong>Cat\u00e9gorie <\/strong>: Syst\u00e8me de fichiers<\/li>\n<li class=\"whitespace-normal break-words pl-2\"><strong>Fonctionnalit\u00e9s globales <\/strong>: Lecture \/ \u00c9criture \/ Modification \/ Suppression de valeurs de cellules \u2014 \u00c9criture de formules<\/li>\n<li class=\"whitespace-normal break-words pl-2\"><strong>Langage de requ\u00eate :<\/strong> Langage de requ\u00eate simple (SQL)<\/li>\n<li class=\"whitespace-normal break-words pl-2\"><strong>Compatible avec <\/strong>: 15.2<\/li>\n<\/ul>\n<\/div>\n                                            <\/div>\n                        <div class=\"content-wrapper\">\n                                    <h5 class=\"title-block full-width aos-init aos-animate\" data-aos=\"fade-up\">Avantages cl\u00e9s du Fournisseur Excel.<\/h5>\n                                                    <div class=\"content\"><ol class=\"[li_&amp;]:mb-0 [li_&amp;]:mt-1 [li_&amp;]:gap-1 [&amp;:not(:last-child)_ul]:pb-1 [&amp;:not(:last-child)_ol]:pb-1 list-decimal flex flex-col gap-1 pl-8 mb-3\">\n<li>Gain de temps lors du d\u00e9veloppement applicatif<\/li>\n<li class=\"whitespace-normal break-words pl-2\">Format d&#8217;\u00e9change de donn\u00e9es r\u00e9pandu (rapports, outils tiers)<\/li>\n<li class=\"whitespace-normal break-words pl-2\">Lecture \/ \u00c9criture de fichiers Excel sans code (sans bug, \u00e9volution simplifi\u00e9e, performances optimales)<\/li>\n<li class=\"whitespace-normal break-words pl-2\">Extraction intelligente des donn\u00e9es (filtrage, tri, regroupement)<\/li>\n<li class=\"whitespace-normal break-words pl-2\">Ex\u00e9cution de calculs sur les donn\u00e9es (min, max, somme, moyenne\u2026)<\/li>\n<li class=\"whitespace-normal break-words pl-2\">\u00c9criture de formules interpr\u00e9t\u00e9es nativement par Excel<\/li>\n<li class=\"whitespace-normal break-words pl-2\">Prise en charge des cellules nomm\u00e9es et s\u00e9lection intelligente de cellules<\/li>\n<li class=\"whitespace-normal break-words pl-2\">Compatible avec les formats .xlsx, .xlsm, .xltx, .xltm, .xlsb, .xlam<\/li>\n<li class=\"whitespace-normal break-words pl-2\">Aucune installation ni licence Excel requise pour interroger les fichiers<\/li>\n<\/ol>\n<\/div>\n                                            <\/div>\n                    <\/div>\n    <\/div>\n            <\/div>\n\n<\/div>\n\n\n\n<p><\/p>\n<\/div>\n<\/div>\n\t<div class=\"list-item-link\">\n\n\t\t\t\t\t<div class=\"item list-link\">\n\t\t\t\t\t\t\t\t\t<a class=\"button arrow tooltip-wrapper\" href=\"https:\/\/www.pcvue.com\/helpcenter\/knowledge-base\/excel-provider-version-1\/\" target=\"_blank\">\n\t\t\t\t\t\tFull Documentation\t\t\t\t\t<\/a>\n\t\t\t\t\t\t\t<\/div>\n\t\t\t\t\t<div class=\"item list-link\">\n\t\t\t\t\t\t\t\t\t<a class=\"button arrow tooltip-wrapper\" href=\"https:\/\/www.pcvue.com\/wp-content\/uploads\/2023\/03\/sv-adonet-provider_Xlsx_1.0.628.msi_.zip\" target=\"_blank\">\n\t\t\t\t\t\tDownload Provider\t\t\t\t\t<\/a>\n\t\t\t\t\t\t\t<\/div>\n\t\t\t\t\t<div class=\"item list-link\">\n\t\t\t\t\t\t\t\t\t<a class=\"button arrow tooltip-wrapper\" href=\"https:\/\/www.pcvue.com\/contacts\/contact-us\/\" target=\"_blank\">\n\t\t\t\t\t\tContact Us\t\t\t\t\t<\/a>\n\t\t\t\t\t\t\t<\/div>\n\t\t\n\t<\/div>\n\n\n\n<div class=\"wp-block-columns is-layout-flex wp-container-core-columns-is-layout-9d6595d7 wp-block-columns-is-layout-flex\">\n<div class=\"wp-block-column is-layout-flow wp-block-column-is-layout-flow\"><\/div>\n<\/div>\n","protected":false},"excerpt":{"rendered":"","protected":false},"author":2226,"featured_media":15667,"parent":0,"menu_order":0,"comment_status":"closed","ping_status":"closed","template":"templates\/scada.php","meta":{"_acf_changed":false,"content-type":"","footnotes":""},"class_list":["post-32339","page","type-page","status-publish","has-post-thumbnail","hentry"],"acf":[],"yoast_head":"<!-- This site is optimized with the Yoast SEO plugin v26.4 - https:\/\/yoast.com\/wordpress\/plugins\/seo\/ -->\n<title>Fournisseur Excel \u2013 UDC pour PcVue | Lecture, \u00e9criture &amp; automatisation du traitement de donn\u00e9es<\/title>\n<meta name=\"description\" content=\"\u00c9tendez les capacit\u00e9s de vos applications PcVue gr\u00e2ce au Fournisseur Excel \u2013 UDC. Lisez, \u00e9crivez et modifiez des fichiers Excel sans licence Excel. Extraction intelligente et support des formules int\u00e9gr\u00e9. T\u00e9l\u00e9chargez d\u00e8s maintenant !\" \/>\n<meta name=\"robots\" content=\"index, follow, max-snippet:-1, max-image-preview:large, max-video-preview:-1\" \/>\n<link rel=\"canonical\" href=\"https:\/\/www.pcvue.com\/fr\/fournisseur-excel-udc-pcvue\/\" \/>\n<meta property=\"og:locale\" content=\"fr_FR\" \/>\n<meta property=\"og:type\" content=\"article\" \/>\n<meta property=\"og:title\" content=\"Fournisseur Excel \u2013 UDC pour PcVue | Lecture, \u00e9criture &amp; automatisation du traitement de donn\u00e9es\" \/>\n<meta property=\"og:description\" content=\"\u00c9tendez les capacit\u00e9s de vos applications PcVue gr\u00e2ce au Fournisseur Excel \u2013 UDC. Lisez, \u00e9crivez et modifiez des fichiers Excel sans licence Excel. Extraction intelligente et support des formules int\u00e9gr\u00e9. T\u00e9l\u00e9chargez d\u00e8s maintenant !\" \/>\n<meta property=\"og:url\" content=\"https:\/\/www.pcvue.com\/fr\/fournisseur-excel-udc-pcvue\/\" \/>\n<meta property=\"og:site_name\" content=\"PcVue\" \/>\n<meta property=\"article:modified_time\" content=\"2026-04-01T11:54:28+00:00\" \/>\n<meta property=\"og:image\" content=\"https:\/\/www.pcvue.com\/wp-content\/uploads\/2024\/07\/excel-logo-8033473_640.webp\" \/>\n\t<meta property=\"og:image:width\" content=\"640\" \/>\n\t<meta property=\"og:image:height\" content=\"427\" \/>\n\t<meta property=\"og:image:type\" content=\"image\/webp\" \/>\n<meta name=\"twitter:card\" content=\"summary_large_image\" \/>\n<script type=\"application\/ld+json\" class=\"yoast-schema-graph\">{\"@context\":\"https:\/\/schema.org\",\"@graph\":[{\"@type\":\"WebPage\",\"@id\":\"https:\/\/www.pcvue.com\/fr\/fournisseur-excel-udc-pcvue\/\",\"url\":\"https:\/\/www.pcvue.com\/fr\/fournisseur-excel-udc-pcvue\/\",\"name\":\"Fournisseur Excel \u2013 UDC pour PcVue | Lecture, \u00e9criture & automatisation du traitement de donn\u00e9es\",\"isPartOf\":{\"@id\":\"https:\/\/www.pcvue.com\/fr\/#website\"},\"primaryImageOfPage\":{\"@id\":\"https:\/\/www.pcvue.com\/fr\/fournisseur-excel-udc-pcvue\/#primaryimage\"},\"image\":{\"@id\":\"https:\/\/www.pcvue.com\/fr\/fournisseur-excel-udc-pcvue\/#primaryimage\"},\"thumbnailUrl\":\"https:\/\/www.pcvue.com\/wp-content\/uploads\/2024\/07\/excel-logo-8033473_640.webp\",\"datePublished\":\"2025-03-26T13:45:09+00:00\",\"dateModified\":\"2026-04-01T11:54:28+00:00\",\"description\":\"\u00c9tendez les capacit\u00e9s de vos applications PcVue gr\u00e2ce au Fournisseur Excel \u2013 UDC. Lisez, \u00e9crivez et modifiez des fichiers Excel sans licence Excel. Extraction intelligente et support des formules int\u00e9gr\u00e9. T\u00e9l\u00e9chargez d\u00e8s maintenant !\",\"breadcrumb\":{\"@id\":\"https:\/\/www.pcvue.com\/fr\/fournisseur-excel-udc-pcvue\/#breadcrumb\"},\"inLanguage\":\"fr-FR\",\"potentialAction\":[{\"@type\":\"ReadAction\",\"target\":[\"https:\/\/www.pcvue.com\/fr\/fournisseur-excel-udc-pcvue\/\"]}]},{\"@type\":\"ImageObject\",\"inLanguage\":\"fr-FR\",\"@id\":\"https:\/\/www.pcvue.com\/fr\/fournisseur-excel-udc-pcvue\/#primaryimage\",\"url\":\"https:\/\/www.pcvue.com\/wp-content\/uploads\/2024\/07\/excel-logo-8033473_640.webp\",\"contentUrl\":\"https:\/\/www.pcvue.com\/wp-content\/uploads\/2024\/07\/excel-logo-8033473_640.webp\",\"width\":640,\"height\":427,\"caption\":\"excel logo 8033473 640\"},{\"@type\":\"BreadcrumbList\",\"@id\":\"https:\/\/www.pcvue.com\/fr\/fournisseur-excel-udc-pcvue\/#breadcrumb\",\"itemListElement\":[{\"@type\":\"ListItem\",\"position\":1,\"name\":\"Home\",\"item\":\"https:\/\/www.pcvue.com\/fr\/\"},{\"@type\":\"ListItem\",\"position\":2,\"name\":\"Fournisseur Excel \u2013 UDC PcVue\"}]},{\"@type\":\"WebSite\",\"@id\":\"https:\/\/www.pcvue.com\/fr\/#website\",\"url\":\"https:\/\/www.pcvue.com\/fr\/\",\"name\":\"PcVue\",\"description\":\"LET&#039;S ENGINEER\",\"publisher\":{\"@id\":\"https:\/\/www.pcvue.com\/fr\/#organization\"},\"potentialAction\":[{\"@type\":\"SearchAction\",\"target\":{\"@type\":\"EntryPoint\",\"urlTemplate\":\"https:\/\/www.pcvue.com\/fr\/?s={search_term_string}\"},\"query-input\":{\"@type\":\"PropertyValueSpecification\",\"valueRequired\":true,\"valueName\":\"search_term_string\"}}],\"inLanguage\":\"fr-FR\"},{\"@type\":\"Organization\",\"@id\":\"https:\/\/www.pcvue.com\/fr\/#organization\",\"name\":\"PcVue\",\"url\":\"https:\/\/www.pcvue.com\/fr\/\",\"logo\":{\"@type\":\"ImageObject\",\"inLanguage\":\"fr-FR\",\"@id\":\"https:\/\/www.pcvue.com\/fr\/#\/schema\/logo\/image\/\",\"url\":\"https:\/\/www.pcvue.com\/wp-content\/uploads\/2024\/04\/fullColor.svg\",\"contentUrl\":\"https:\/\/www.pcvue.com\/wp-content\/uploads\/2024\/04\/fullColor.svg\",\"caption\":\"PcVue\"},\"image\":{\"@id\":\"https:\/\/www.pcvue.com\/fr\/#\/schema\/logo\/image\/\"}}]}<\/script>\n<!-- \/ Yoast SEO plugin. -->","yoast_head_json":{"title":"Fournisseur Excel \u2013 UDC pour PcVue | Lecture, \u00e9criture & automatisation du traitement de donn\u00e9es","description":"\u00c9tendez les capacit\u00e9s de vos applications PcVue gr\u00e2ce au Fournisseur Excel \u2013 UDC. Lisez, \u00e9crivez et modifiez des fichiers Excel sans licence Excel. Extraction intelligente et support des formules int\u00e9gr\u00e9. T\u00e9l\u00e9chargez d\u00e8s maintenant !","robots":{"index":"index","follow":"follow","max-snippet":"max-snippet:-1","max-image-preview":"max-image-preview:large","max-video-preview":"max-video-preview:-1"},"canonical":"https:\/\/www.pcvue.com\/fr\/fournisseur-excel-udc-pcvue\/","og_locale":"fr_FR","og_type":"article","og_title":"Fournisseur Excel \u2013 UDC pour PcVue | Lecture, \u00e9criture & automatisation du traitement de donn\u00e9es","og_description":"\u00c9tendez les capacit\u00e9s de vos applications PcVue gr\u00e2ce au Fournisseur Excel \u2013 UDC. Lisez, \u00e9crivez et modifiez des fichiers Excel sans licence Excel. Extraction intelligente et support des formules int\u00e9gr\u00e9. T\u00e9l\u00e9chargez d\u00e8s maintenant !","og_url":"https:\/\/www.pcvue.com\/fr\/fournisseur-excel-udc-pcvue\/","og_site_name":"PcVue","article_modified_time":"2026-04-01T11:54:28+00:00","og_image":[{"width":640,"height":427,"url":"https:\/\/www.pcvue.com\/wp-content\/uploads\/2024\/07\/excel-logo-8033473_640.webp","type":"image\/webp"}],"twitter_card":"summary_large_image","schema":{"@context":"https:\/\/schema.org","@graph":[{"@type":"WebPage","@id":"https:\/\/www.pcvue.com\/fr\/fournisseur-excel-udc-pcvue\/","url":"https:\/\/www.pcvue.com\/fr\/fournisseur-excel-udc-pcvue\/","name":"Fournisseur Excel \u2013 UDC pour PcVue | Lecture, \u00e9criture & automatisation du traitement de donn\u00e9es","isPartOf":{"@id":"https:\/\/www.pcvue.com\/fr\/#website"},"primaryImageOfPage":{"@id":"https:\/\/www.pcvue.com\/fr\/fournisseur-excel-udc-pcvue\/#primaryimage"},"image":{"@id":"https:\/\/www.pcvue.com\/fr\/fournisseur-excel-udc-pcvue\/#primaryimage"},"thumbnailUrl":"https:\/\/www.pcvue.com\/wp-content\/uploads\/2024\/07\/excel-logo-8033473_640.webp","datePublished":"2025-03-26T13:45:09+00:00","dateModified":"2026-04-01T11:54:28+00:00","description":"\u00c9tendez les capacit\u00e9s de vos applications PcVue gr\u00e2ce au Fournisseur Excel \u2013 UDC. Lisez, \u00e9crivez et modifiez des fichiers Excel sans licence Excel. Extraction intelligente et support des formules int\u00e9gr\u00e9. T\u00e9l\u00e9chargez d\u00e8s maintenant !","breadcrumb":{"@id":"https:\/\/www.pcvue.com\/fr\/fournisseur-excel-udc-pcvue\/#breadcrumb"},"inLanguage":"fr-FR","potentialAction":[{"@type":"ReadAction","target":["https:\/\/www.pcvue.com\/fr\/fournisseur-excel-udc-pcvue\/"]}]},{"@type":"ImageObject","inLanguage":"fr-FR","@id":"https:\/\/www.pcvue.com\/fr\/fournisseur-excel-udc-pcvue\/#primaryimage","url":"https:\/\/www.pcvue.com\/wp-content\/uploads\/2024\/07\/excel-logo-8033473_640.webp","contentUrl":"https:\/\/www.pcvue.com\/wp-content\/uploads\/2024\/07\/excel-logo-8033473_640.webp","width":640,"height":427,"caption":"excel logo 8033473 640"},{"@type":"BreadcrumbList","@id":"https:\/\/www.pcvue.com\/fr\/fournisseur-excel-udc-pcvue\/#breadcrumb","itemListElement":[{"@type":"ListItem","position":1,"name":"Home","item":"https:\/\/www.pcvue.com\/fr\/"},{"@type":"ListItem","position":2,"name":"Fournisseur Excel \u2013 UDC PcVue"}]},{"@type":"WebSite","@id":"https:\/\/www.pcvue.com\/fr\/#website","url":"https:\/\/www.pcvue.com\/fr\/","name":"PcVue","description":"LET&#039;S ENGINEER","publisher":{"@id":"https:\/\/www.pcvue.com\/fr\/#organization"},"potentialAction":[{"@type":"SearchAction","target":{"@type":"EntryPoint","urlTemplate":"https:\/\/www.pcvue.com\/fr\/?s={search_term_string}"},"query-input":{"@type":"PropertyValueSpecification","valueRequired":true,"valueName":"search_term_string"}}],"inLanguage":"fr-FR"},{"@type":"Organization","@id":"https:\/\/www.pcvue.com\/fr\/#organization","name":"PcVue","url":"https:\/\/www.pcvue.com\/fr\/","logo":{"@type":"ImageObject","inLanguage":"fr-FR","@id":"https:\/\/www.pcvue.com\/fr\/#\/schema\/logo\/image\/","url":"https:\/\/www.pcvue.com\/wp-content\/uploads\/2024\/04\/fullColor.svg","contentUrl":"https:\/\/www.pcvue.com\/wp-content\/uploads\/2024\/04\/fullColor.svg","caption":"PcVue"},"image":{"@id":"https:\/\/www.pcvue.com\/fr\/#\/schema\/logo\/image\/"}}]}},"_links":{"self":[{"href":"https:\/\/www.pcvue.com\/fr\/wp-json\/wp\/v2\/pages\/32339","targetHints":{"allow":["GET"]}}],"collection":[{"href":"https:\/\/www.pcvue.com\/fr\/wp-json\/wp\/v2\/pages"}],"about":[{"href":"https:\/\/www.pcvue.com\/fr\/wp-json\/wp\/v2\/types\/page"}],"author":[{"embeddable":true,"href":"https:\/\/www.pcvue.com\/fr\/wp-json\/wp\/v2\/users\/2226"}],"replies":[{"embeddable":true,"href":"https:\/\/www.pcvue.com\/fr\/wp-json\/wp\/v2\/comments?post=32339"}],"version-history":[{"count":3,"href":"https:\/\/www.pcvue.com\/fr\/wp-json\/wp\/v2\/pages\/32339\/revisions"}],"predecessor-version":[{"id":32342,"href":"https:\/\/www.pcvue.com\/fr\/wp-json\/wp\/v2\/pages\/32339\/revisions\/32342"}],"wp:featuredmedia":[{"embeddable":true,"href":"https:\/\/www.pcvue.com\/fr\/wp-json\/wp\/v2\/media\/15667"}],"wp:attachment":[{"href":"https:\/\/www.pcvue.com\/fr\/wp-json\/wp\/v2\/media?parent=32339"}],"curies":[{"name":"wp","href":"https:\/\/api.w.org\/{rel}","templated":true}]}}